{"id":216,"date":"2023-12-04T09:06:54","date_gmt":"2023-12-04T01:06:54","guid":{"rendered":"https:\/\/www.zhongjiepack.com\/?post_type=product&#038;p=216"},"modified":"2023-12-20T21:46:50","modified_gmt":"2023-12-20T13:46:50","slug":"thermal-holographic-film","status":"publish","type":"product","link":"https:\/\/www.zhongjiepack.com\/fr\/produit\/film-thermique-holographique\/","title":{"rendered":"Film holographique thermique"},"content":{"rendered":"<p>Le film holographique thermique est une sorte de mat\u00e9riau de film holographique sans soudure de stratification \u00e0 chaud, il est avec de la colle Eva. Zhejiang Zhongjie Packaging Material Co., Ltd fournit de nombreux types diff\u00e9rents de films holographiques thermiques chauds.<\/p>\n<p>Article\u00a0: Film de stratification thermique holographique PET<\/p>\n<p>Mat\u00e9riel: <a href=\"https:\/\/www.zhongjiepack.com\/fr\/produit\/seamless-pet-holographic-film\/\">film holographique pour animaux de compagnie arc-en-ciel sans couture<\/a> + colle eva chaude<\/p>\n<p>\u00c9paisseur r\u00e9guli\u00e8re : 17 microns \u2013 30 microns.<\/p>\n<p>Largeur maximale\u00a0: 1600\u00a0mm<\/p>\n<p>Noyau de papier : 3 pouces.<\/p>\n<p>Caract\u00e9ristique\u00a0: Ce type de film peut am\u00e9liorer la couleur des images imprim\u00e9es et son effet gr\u00e2ce \u00e0 son motif laser unique. Cette conception a plusieurs effets de couleur sur l\u2019impression. Ce film holographique comporte plus d&#039;une centaine de motifs, tels que des motifs en diamant, en forme de c\u0153ur, des mini \u00e9tincelles, des points, des ondulations d&#039;eau, des fleurs, etc.<\/p>\n<p>Applications pr\u00e9sentes, ce genre de <a href=\"https:\/\/www.zhongjiepack.com\/fr\/produit\/seamless-pet-holographic-film\/\">film holographique<\/a> est de plus en plus populaire et largement utilis\u00e9 dans l\u2019alimentation, la m\u00e9decine, les cadeaux, les cosm\u00e9tiques, le vin, la publicit\u00e9 ext\u00e9rieure et l\u2019impression num\u00e9rique.<\/p>\n<div id=\"attachment_218\" style=\"width: 510px\" class=\"wp-caption alignnone\"><img loading=\"lazy\" decoding=\"async\" aria-describedby=\"caption-attachment-218\" class=\"size-medium wp-image-218\" src=\"https:\/\/www.zhongjiepack.com\/wp-content\/uploads\/2023\/12\/Thermal-seamless-rainbow-pet-hologram-film-500x500.jpg\" alt=\"Film holographique thermique sans couture pour animaux de compagnie arc-en-ciel\" width=\"500\" height=\"500\" srcset=\"https:\/\/www.zhongjiepack.com\/wp-content\/uploads\/2023\/12\/Thermal-seamless-rainbow-pet-hologram-film-500x500.jpg 500w, https:\/\/www.zhongjiepack.com\/wp-content\/uploads\/2023\/12\/Thermal-seamless-rainbow-pet-hologram-film-150x150.jpg 150w, https:\/\/www.zhongjiepack.com\/wp-content\/uploads\/2023\/12\/Thermal-seamless-rainbow-pet-hologram-film-768x768.jpg 768w, https:\/\/www.zhongjiepack.com\/wp-content\/uploads\/2023\/12\/Thermal-seamless-rainbow-pet-hologram-film-75x75.jpg 75w, https:\/\/www.zhongjiepack.com\/wp-content\/uploads\/2023\/12\/Thermal-seamless-rainbow-pet-hologram-film-480x480.jpg 480w, https:\/\/www.zhongjiepack.com\/wp-content\/uploads\/2023\/12\/Thermal-seamless-rainbow-pet-hologram-film-300x300.jpg 300w, https:\/\/www.zhongjiepack.com\/wp-content\/uploads\/2023\/12\/Thermal-seamless-rainbow-pet-hologram-film.jpg 800w\" sizes=\"auto, (max-width:767px) 480px, 500px\" \/><p id=\"caption-attachment-218\" class=\"wp-caption-text\">Film holographique thermique sans couture pour animaux de compagnie arc-en-ciel<\/p><\/div>\n<p>Article: <a href=\"https:\/\/www.zhongjiepack.com\/fr\/produit\/bopp-holographic-film\/\">Film de stratification thermique holographique BOPP<\/a><\/p>\n<p>Type : m\u00e9tallisation ZNS transparente, aluminium argent m\u00e9tallis\u00e9<\/p>\n<p>Mat\u00e9riau : 18 microns <a href=\"https:\/\/www.zhongjiepack.com\/fr\/produit\/bopp-holographic-film\/\">Film holographique BOPP<\/a> + colle eva 10 microns<\/p>\n<p>\u00c9paisseur r\u00e9guli\u00e8re : 20 microns -30 microns.<\/p>\n<div id=\"attachment_217\" style=\"width: 385px\" class=\"wp-caption alignnone\"><img loading=\"lazy\" decoding=\"async\" aria-describedby=\"caption-attachment-217\" class=\"size-medium wp-image-217\" src=\"https:\/\/www.zhongjiepack.com\/wp-content\/uploads\/2023\/12\/thermal-bopp-holographic-laser-film-375x500.jpg\" alt=\"film laser holographique thermique Bopp\" width=\"375\" height=\"500\" srcset=\"https:\/\/www.zhongjiepack.com\/wp-content\/uploads\/2023\/12\/thermal-bopp-holographic-laser-film-375x500.jpg 375w, https:\/\/www.zhongjiepack.com\/wp-content\/uploads\/2023\/12\/thermal-bopp-holographic-laser-film-768x1023.jpg 768w, https:\/\/www.zhongjiepack.com\/wp-content\/uploads\/2023\/12\/thermal-bopp-holographic-laser-film-56x75.jpg 56w, https:\/\/www.zhongjiepack.com\/wp-content\/uploads\/2023\/12\/thermal-bopp-holographic-laser-film-480x640.jpg 480w, https:\/\/www.zhongjiepack.com\/wp-content\/uploads\/2023\/12\/thermal-bopp-holographic-laser-film.jpg 800w\" sizes=\"auto, (max-width:767px) 375px, 375px\" \/><p id=\"caption-attachment-217\" class=\"wp-caption-text\">film laser holographique thermique Bopp<\/p><\/div>\n<p>Sans couture <a href=\"https:\/\/www.zhongjiepack.com\/fr\/produit\/pvc-holographic-film\/\">film holographique en PVC<\/a> avec une bonne imprimabilit\u00e9 et un avantage de co\u00fbt,<br \/>\nLe PVC holographique est un mat\u00e9riau de pr\u00e9dilection pour fabriquer No\u00ebl<br \/>\narticles de d\u00e9coration, autocollants, papeterie et affiches, etc.<br \/>\nLe PVC holographique est \u00e9galement un excellent mat\u00e9riau pour les paillettes et les paillettes.<br \/>\n<a href=\"https:\/\/www.zhongjiepack.com\/fr\/produit\/thermal-holographic-film\/\">Film holographique pvc thermique<\/a> c&#039;est m\u00e9chant le <a href=\"https:\/\/www.zhongjiepack.com\/fr\/produit\/pvc-holographic-film\/\">feuille d&#039;hologramme<\/a> avec de la colle eva.<br \/>\n<a href=\"https:\/\/www.zhongjiepack.com\/fr\/produit\/pvc-holographic-film\/\">Film thermique holographique<\/a> convient au laminage \u00e0 chaud.<br \/>\n\u00c9paisseur : 38 microns, 50 um.<\/p>\n<div id=\"attachment_221\" style=\"width: 385px\" class=\"wp-caption alignnone\"><img loading=\"lazy\" decoding=\"async\" aria-describedby=\"caption-attachment-221\" class=\"size-medium wp-image-221\" src=\"https:\/\/www.zhongjiepack.com\/wp-content\/uploads\/2023\/12\/seamless-rainbow-thermal-pvc-holographic-film-375x500.jpg\" alt=\"film holographique pvc thermique arc-en-ciel sans couture\" width=\"375\" height=\"500\" srcset=\"https:\/\/www.zhongjiepack.com\/wp-content\/uploads\/2023\/12\/seamless-rainbow-thermal-pvc-holographic-film-375x500.jpg 375w, https:\/\/www.zhongjiepack.com\/wp-content\/uploads\/2023\/12\/seamless-rainbow-thermal-pvc-holographic-film-768x1023.jpg 768w, https:\/\/www.zhongjiepack.com\/wp-content\/uploads\/2023\/12\/seamless-rainbow-thermal-pvc-holographic-film-56x75.jpg 56w, https:\/\/www.zhongjiepack.com\/wp-content\/uploads\/2023\/12\/seamless-rainbow-thermal-pvc-holographic-film-480x640.jpg 480w, https:\/\/www.zhongjiepack.com\/wp-content\/uploads\/2023\/12\/seamless-rainbow-thermal-pvc-holographic-film.jpg 800w\" sizes=\"auto, (max-width:767px) 375px, 375px\" \/><p id=\"caption-attachment-221\" class=\"wp-caption-text\">film holographique pvc thermique arc-en-ciel sans couture<\/p><\/div>","protected":false},"excerpt":{"rendered":"<p>Le film holographique thermique est une sorte de mat\u00e9riau de film holographique sans soudure de stratification \u00e0 chaud, il est avec de la colle Eva. Zhejiang Zhongjie Packaging Material Co., Ltd fournit de nombreux types diff\u00e9rents de films holographiques thermiques chauds.<\/p>","protected":false},"featured_media":218,"comment_status":"open","ping_status":"closed","template":"","meta":{"om_disable_all_campaigns":false,"_monsterinsights_skip_tracking":false,"_monsterinsights_sitenote_active":false,"_monsterinsights_sitenote_note":"","_monsterinsights_sitenote_category":0},"product_brand":[],"product_cat":[83],"product_tag":[86,84,85],"class_list":{"0":"post-216","1":"product","2":"type-product","3":"status-publish","4":"has-post-thumbnail","6":"product_cat-thermal-holographic-film","7":"product_tag-pvc-holographic-thermal-film","8":"product_tag-thermal-bopp-holographic-film","9":"product_tag-thermal-eva-seamless-pet-hologram-rainbow-film","11":"first","12":"instock","13":"shipping-taxable","14":"product-type-simple"},"aioseo_notices":[],"_links":{"self":[{"href":"https:\/\/www.zhongjiepack.com\/fr\/wp-json\/wp\/v2\/product\/216","targetHints":{"allow":["GET"]}}],"collection":[{"href":"https:\/\/www.zhongjiepack.com\/fr\/wp-json\/wp\/v2\/product"}],"about":[{"href":"https:\/\/www.zhongjiepack.com\/fr\/wp-json\/wp\/v2\/types\/product"}],"replies":[{"embeddable":true,"href":"https:\/\/www.zhongjiepack.com\/fr\/wp-json\/wp\/v2\/comments?post=216"}],"wp:featuredmedia":[{"embeddable":true,"href":"https:\/\/www.zhongjiepack.com\/fr\/wp-json\/wp\/v2\/media\/218"}],"wp:attachment":[{"href":"https:\/\/www.zhongjiepack.com\/fr\/wp-json\/wp\/v2\/media?parent=216"}],"wp:term":[{"taxonomy":"product_brand","embeddable":true,"href":"https:\/\/www.zhongjiepack.com\/fr\/wp-json\/wp\/v2\/product_brand?post=216"},{"taxonomy":"product_cat","embeddable":true,"href":"https:\/\/www.zhongjiepack.com\/fr\/wp-json\/wp\/v2\/product_cat?post=216"},{"taxonomy":"product_tag","embeddable":true,"href":"https:\/\/www.zhongjiepack.com\/fr\/wp-json\/wp\/v2\/product_tag?post=216"}],"curies":[{"name":"wp","href":"https:\/\/api.w.org\/{rel}","templated":true}]}}