{"id":212,"date":"2023-11-30T10:52:02","date_gmt":"2023-11-30T02:52:02","guid":{"rendered":"https:\/\/www.zhongjiepack.com\/?post_type=product&#038;p=212"},"modified":"2023-12-20T21:58:56","modified_gmt":"2023-12-20T13:58:56","slug":"self-adhesive-sticker-label-material","status":"publish","type":"product","link":"https:\/\/www.zhongjiepack.com\/fr\/produit\/materiau-d-etiquette-autocollant-autocollant\/","title":{"rendered":"Mat\u00e9riau d&#039;\u00e9tiquette autocollante auto-adh\u00e9sive"},"content":{"rendered":"<p><a href=\"https:\/\/www.zhongjiepack.com\/fr\/produit\/self-adhesive-sticker-label-material\/\">\u00c9tiquette autocollante holographique autocollante<\/a> Le mat\u00e9riau est un mat\u00e9riau d&#039;emballage unique de Zhejiang Zhongjie Packaging Material Co., Ltd, il est imperm\u00e9able de qualit\u00e9 sup\u00e9rieure. D\u00e9chirez le papier d&#039;\u00e9tiquette \u00e0 plusieurs reprises avec une transparence \u00e9lev\u00e9e.<\/p>\n<p>Mat\u00e9riau de surface pr\u00e9f\u00e9r\u00e9 Impression claire sans d\u00e9bordement<br \/>\nAvantages<br \/>\nConvient \u00e0 la plupart des imprimantes d&#039;\u00e9tiquettes \u00e0 jet d&#039;encre. La taille du produit peut \u00eatre<br \/>\npersonnalis\u00e9<\/p>\n<p>Imperm\u00e9able de haute qualit\u00e9Aucune d\u00e9coloration<br \/>\nLes bords des rouleaux sont nets et propres sans aucune colle<br \/>\nd\u00e9bordement<\/p>\n<p>Les rev\u00eatements d&#039;impression de haute qualit\u00e9 sont uniform\u00e9ment r\u00e9partis, avec une meilleure adh\u00e9rence, une meilleure r\u00e9sistance aux rayures et<br \/>\nimpression plus claire<\/p>\n<p>Effet holographique 3D accrocheur<br \/>\nNos \u00e9tiquettes holographiques d\u00e9gagent un effet iris\u00e9 chaque fois que la lumi\u00e8re frappe le plastique imperm\u00e9able, avec un miroitement et une brillance qui attirent le regard de l&#039;autre c\u00f4t\u00e9 d&#039;une pi\u00e8ce. Ils peuvent donner \u00e0 vos produits un \u00e9clat moderne et, gr\u00e2ce \u00e0 de nombreuses options de personnalisation, les aider \u00e0 se d\u00e9marquer de la foule.<\/p>\n<div id=\"attachment_213\" style=\"width: 510px\" class=\"wp-caption alignnone\"><img loading=\"lazy\" decoding=\"async\" aria-describedby=\"caption-attachment-213\" class=\"size-medium wp-image-213\" src=\"https:\/\/www.zhongjiepack.com\/wp-content\/uploads\/2023\/11\/self-adhesive-sticker-holographic-label-material-500x500.jpg\" alt=\"\" width=\"500\" height=\"500\" srcset=\"https:\/\/www.zhongjiepack.com\/wp-content\/uploads\/2023\/11\/self-adhesive-sticker-holographic-label-material-500x500.jpg 500w, https:\/\/www.zhongjiepack.com\/wp-content\/uploads\/2023\/11\/self-adhesive-sticker-holographic-label-material-150x150.jpg 150w, https:\/\/www.zhongjiepack.com\/wp-content\/uploads\/2023\/11\/self-adhesive-sticker-holographic-label-material-768x768.jpg 768w, https:\/\/www.zhongjiepack.com\/wp-content\/uploads\/2023\/11\/self-adhesive-sticker-holographic-label-material-75x75.jpg 75w, https:\/\/www.zhongjiepack.com\/wp-content\/uploads\/2023\/11\/self-adhesive-sticker-holographic-label-material-480x480.jpg 480w, https:\/\/www.zhongjiepack.com\/wp-content\/uploads\/2023\/11\/self-adhesive-sticker-holographic-label-material-800x800.jpg 800w, https:\/\/www.zhongjiepack.com\/wp-content\/uploads\/2023\/11\/self-adhesive-sticker-holographic-label-material-300x300.jpg 300w, https:\/\/www.zhongjiepack.com\/wp-content\/uploads\/2023\/11\/self-adhesive-sticker-holographic-label-material.jpg 1080w\" sizes=\"auto, (max-width:767px) 480px, 500px\" \/><p id=\"caption-attachment-213\" class=\"wp-caption-text\">Mat\u00e9riau d&#039;\u00e9tiquette holographique autocollant auto-adh\u00e9sif, \u00e9tiquetage laser hologramme de s\u00e9curit\u00e9<\/p><\/div>\n<p>Enti\u00e8rement personnalisable<br \/>\nAvec 18 tailles et 5 formes parmi lesquelles choisir \u2013 y compris une option personnalis\u00e9e qui vous permet de cr\u00e9er la forme de votre choix \u2013 vous pouvez adapter presque tous les aspects de vos autocollants hologrammes \u00e0 votre marque. Imprimez des feuilles ou des rouleaux d&#039;autocollants pour vos produits de diff\u00e9rentes tailles, ou commandez un ensemble d&#039;autocollants d\u00e9coup\u00e9s individuellement pour des cadeaux et des sacs de cadeaux.<\/p>\n<p>Processus de conception simple<br \/>\nPour commencer \u00e0 concevoir, choisissez une forme de votre choix. Si vous s\u00e9lectionnez une forme standard, vous avez la possibilit\u00e9 de parcourir nos mod\u00e8les personnalisables ou de concevoir le v\u00f4tre. Si vous s\u00e9lectionnez une forme personnalis\u00e9e, t\u00e9l\u00e9chargez votre logo ou votre illustration et notre studio de design cr\u00e9era automatiquement une ligne de d\u00e9coupe personnalis\u00e9e pour votre autocollant, avec des options pour le personnaliser davantage.<\/p>\n<p>Q : Pouvez-vous me montrer votre liste de produits ?<\/p>\n<p>Notre liste de produits comprend du papier auto-adh\u00e9sif\u00a0: papier couch\u00e9, semi-brillant, sans bois, fluorescent, papier aluminium, papier kraft, etc.<br \/>\nFilm autocollant : <a href=\"https:\/\/www.zhongjiepack.com\/fr\/produit\/seamless-pet-holographic-film\/\">film holographique pour animaux de compagnie sans soudure<\/a>, <a href=\"https:\/\/www.zhongjiepack.com\/fr\/produit\/bopp-holographic-film\/\">film holographique Bopp<\/a>,<a href=\"https:\/\/www.zhongjiepack.com\/fr\/produit\/pvc-holographic-film\/\">film holographique en PVC<\/a>, feuille PP, film adh\u00e9sif pe, film paillet\u00e9, anti-contrefa\u00e7on VOID personnalis\u00e9, etc.<\/p>\n<p>Q : \u00cates-vous une soci\u00e9t\u00e9 commerciale ou un fabricant ?<br \/>\nR: G\u00e9n\u00e9ralement, cela prend 10 \u00e0 15 jours apr\u00e8s r\u00e9ception du paiement anticip\u00e9 ou du LC original.<\/p>\n<p>Q : Quelle est la dur\u00e9e de votre d\u00e9lai de livraison ?<br \/>\nR: G\u00e9n\u00e9ralement, cela prend 10 \u00e0 15 jours apr\u00e8s r\u00e9ception du paiement anticip\u00e9 ou du LC original.<\/p>\n<p>Q : Fournissez-vous des \u00e9chantillons ? est-ce gratuit ou en suppl\u00e9ment ?<br \/>\nR: Oui, nous pourrions offrir l&#039;\u00e9chantillon gratuitement mais ne payons pas les frais de transport.<\/p>\n<p>Q : Quelles sont vos conditions de paiement ?<br \/>\nR\u00a0:\u00a0TT ou LC.<br \/>\nSi vous avez une autre question, n&#039;h\u00e9sitez pas \u00e0 nous contacter comme ci-dessous\u00a0:<\/p>\n<p>Q\u00a0:\u00a0Qu\u2019en est-il de votre service\u00a0?<br \/>\nTout d&#039;abord, notre contr\u00f4le qualit\u00e9 fera l&#039;objet d&#039;une inspection tr\u00e8s stricte \u00e0 chaque \u00e9tape de l&#039;inspection de la mati\u00e8re premi\u00e8re (mat\u00e9riau du visage, colle et papier de support),<br \/>\nPendant la communication, chaque vendeur communiquera avec le client avec une r\u00e9ponse efficace dans les 12 heures.<br \/>\nEt notre coll\u00e8gue documentaliste fournit les documents correspondants de mani\u00e8re professionnelle et en temps opportun.<br \/>\nNotre \u00e9quipe unie offrira \u00e0 chaque client une exp\u00e9rience de magasinage agr\u00e9able et confortable.<\/p>\n<div id=\"attachment_215\" style=\"width: 385px\" class=\"wp-caption alignnone\"><img loading=\"lazy\" decoding=\"async\" aria-describedby=\"caption-attachment-215\" class=\"size-medium wp-image-215\" src=\"https:\/\/www.zhongjiepack.com\/wp-content\/uploads\/2023\/11\/pet-pvc-bopp-holographic-sticker-label-material-375x500.jpg\" alt=\"Mat\u00e9riau d&#039;\u00e9tiquette autocollant holographique pvc bopp pour animaux de compagnie\" width=\"375\" height=\"500\" srcset=\"https:\/\/www.zhongjiepack.com\/wp-content\/uploads\/2023\/11\/pet-pvc-bopp-holographic-sticker-label-material-375x500.jpg 375w, https:\/\/www.zhongjiepack.com\/wp-content\/uploads\/2023\/11\/pet-pvc-bopp-holographic-sticker-label-material-768x1023.jpg 768w, https:\/\/www.zhongjiepack.com\/wp-content\/uploads\/2023\/11\/pet-pvc-bopp-holographic-sticker-label-material-56x75.jpg 56w, https:\/\/www.zhongjiepack.com\/wp-content\/uploads\/2023\/11\/pet-pvc-bopp-holographic-sticker-label-material-480x640.jpg 480w, https:\/\/www.zhongjiepack.com\/wp-content\/uploads\/2023\/11\/pet-pvc-bopp-holographic-sticker-label-material.jpg 800w\" sizes=\"auto, (max-width:767px) 375px, 375px\" \/><p id=\"caption-attachment-215\" class=\"wp-caption-text\">Mat\u00e9riau d&#039;\u00e9tiquette autocollant holographique pvc bopp pour animaux de compagnie<\/p><\/div>","protected":false},"excerpt":{"rendered":"<p>Le mat\u00e9riau d&#039;\u00e9tiquette autocollant holographique auto-adh\u00e9sif est un type de mat\u00e9riau d&#039;emballage de Zhejiang Zhongjie Packaging Material Co., Ltd, il est imperm\u00e9able de qualit\u00e9 sup\u00e9rieure. D\u00e9chirez le papier d&#039;\u00e9tiquette \u00e0 plusieurs reprises avec une transparence \u00e9lev\u00e9e.<\/p>","protected":false},"featured_media":213,"comment_status":"open","ping_status":"closed","template":"","meta":{"om_disable_all_campaigns":false,"_monsterinsights_skip_tracking":false,"_monsterinsights_sitenote_active":false,"_monsterinsights_sitenote_note":"","_monsterinsights_sitenote_category":0},"product_brand":[],"product_cat":[78],"product_tag":[81,82,79,80],"class_list":{"0":"post-212","1":"product","2":"type-product","3":"status-publish","4":"has-post-thumbnail","6":"product_cat-sticker-label-material","7":"product_tag-bopp-laser-foil-sticker","8":"product_tag-fragile-breakable-sticker-label","9":"product_tag-pet-holographic-adhesive-sticker-label","10":"product_tag-pvc-hologram-laser-adhesive-label-material","12":"first","13":"instock","14":"shipping-taxable","15":"product-type-simple"},"aioseo_notices":[],"_links":{"self":[{"href":"https:\/\/www.zhongjiepack.com\/fr\/wp-json\/wp\/v2\/product\/212","targetHints":{"allow":["GET"]}}],"collection":[{"href":"https:\/\/www.zhongjiepack.com\/fr\/wp-json\/wp\/v2\/product"}],"about":[{"href":"https:\/\/www.zhongjiepack.com\/fr\/wp-json\/wp\/v2\/types\/product"}],"replies":[{"embeddable":true,"href":"https:\/\/www.zhongjiepack.com\/fr\/wp-json\/wp\/v2\/comments?post=212"}],"wp:featuredmedia":[{"embeddable":true,"href":"https:\/\/www.zhongjiepack.com\/fr\/wp-json\/wp\/v2\/media\/213"}],"wp:attachment":[{"href":"https:\/\/www.zhongjiepack.com\/fr\/wp-json\/wp\/v2\/media?parent=212"}],"wp:term":[{"taxonomy":"product_brand","embeddable":true,"href":"https:\/\/www.zhongjiepack.com\/fr\/wp-json\/wp\/v2\/product_brand?post=212"},{"taxonomy":"product_cat","embeddable":true,"href":"https:\/\/www.zhongjiepack.com\/fr\/wp-json\/wp\/v2\/product_cat?post=212"},{"taxonomy":"product_tag","embeddable":true,"href":"https:\/\/www.zhongjiepack.com\/fr\/wp-json\/wp\/v2\/product_tag?post=212"}],"curies":[{"name":"wp","href":"https:\/\/api.w.org\/{rel}","templated":true}]}}