{"id":140,"date":"2023-06-27T14:48:09","date_gmt":"2023-06-27T06:48:09","guid":{"rendered":"https:\/\/www.zhongjiepack.com\/?post_type=product&#038;p=140"},"modified":"2023-12-20T23:06:09","modified_gmt":"2023-12-20T15:06:09","slug":"pet-multi-lens-film","status":"publish","type":"product","link":"https:\/\/www.zhongjiepack.com\/fr\/produit\/film-multi-objectifs-pour-animaux-de-compagnie\/","title":{"rendered":"Film multi-lentilles pour animaux de compagnie"},"content":{"rendered":"<p>ZHEJIANG ZHONGJIE PACKAGING MATERIAL CO., LTD fournit diff\u00e9rents types de films multi-lentilles pour animaux de compagnie, voici quelques informations d\u00e9taill\u00e9es sur le film multi-lentilles PET, ou film \u0153il de chat en polyester nomm\u00e9\u00a0:<\/p>\n<p>Mat\u00e9riel:<br \/>\nLe PET (poly\u00e9thyl\u00e8ne t\u00e9r\u00e9phtalate) est le principal mat\u00e9riau utilis\u00e9 pour produire le film \u0153il de chat. C&#039;est un type de plastique qui offre une excellente r\u00e9sistance, durabilit\u00e9 et flexibilit\u00e9.<\/p>\n<p>Apparence:<br \/>\nLe film PET multi-lentilles a une apparence unique qui ressemble aux yeux d&#039;un chat, avec des bandes ou des points r\u00e9fl\u00e9chissants qui changent d&#039;apparence lorsqu&#039;ils sont vus sous diff\u00e9rents angles.<\/p>\n<p>Caract\u00e9ristiques:<br \/>\nL&#039;\u00e9paisseur du film PET multi-lentilles varie g\u00e9n\u00e9ralement de 15 microns \u00e0 23 um, tandis que la largeur peut varier en fonction du fabricant et des sp\u00e9cifications du produit. Le film peut \u00e9galement \u00eatre produit en diff\u00e9rentes couleurs et motifs.<\/p>\n<p>Applications:<br \/>\nLe film multi-lentilles pour animaux de compagnie est couramment utilis\u00e9 \u00e0 des fins de d\u00e9coration et de s\u00e9curit\u00e9, comme dans les v\u00eatements, les chaussures, les sacs, les jouets et autres produits de consommation. Il peut \u00e9galement \u00eatre utilis\u00e9 pour les panneaux de signalisation, les marquages routiers et d&#039;autres applications de s\u00e9curit\u00e9 n\u00e9cessitant une visibilit\u00e9 et une r\u00e9flexion \u00e9lev\u00e9es.<\/p>\n<p>Emballage:<br \/>\nLe film multi-lentilles pour animaux de compagnie est g\u00e9n\u00e9ralement fourni en rouleaux, emball\u00e9s dans des bo\u00eetes en carton ou des sacs en plastique. Les rouleaux sont g\u00e9n\u00e9ralement envelopp\u00e9s dans un film protecteur pour \u00e9viter tout dommage pendant le transport.<\/p>\n<div id=\"attachment_141\" style=\"width: 510px\" class=\"wp-caption alignnone\"><img loading=\"lazy\" decoding=\"async\" aria-describedby=\"caption-attachment-141\" class=\"size-medium wp-image-141\" src=\"https:\/\/www.zhongjiepack.com\/wp-content\/uploads\/2023\/06\/PET-MULTI-LENS-FILM-500x500.jpg\" alt=\"film multi-objectifs pour animaux de compagnie\" width=\"500\" height=\"500\" srcset=\"https:\/\/www.zhongjiepack.com\/wp-content\/uploads\/2023\/06\/PET-MULTI-LENS-FILM-500x500.jpg 500w, https:\/\/www.zhongjiepack.com\/wp-content\/uploads\/2023\/06\/PET-MULTI-LENS-FILM-150x150.jpg 150w, https:\/\/www.zhongjiepack.com\/wp-content\/uploads\/2023\/06\/PET-MULTI-LENS-FILM-768x768.jpg 768w, https:\/\/www.zhongjiepack.com\/wp-content\/uploads\/2023\/06\/PET-MULTI-LENS-FILM-75x75.jpg 75w, https:\/\/www.zhongjiepack.com\/wp-content\/uploads\/2023\/06\/PET-MULTI-LENS-FILM-480x480.jpg 480w, https:\/\/www.zhongjiepack.com\/wp-content\/uploads\/2023\/06\/PET-MULTI-LENS-FILM-300x300.jpg 300w, https:\/\/www.zhongjiepack.com\/wp-content\/uploads\/2023\/06\/PET-MULTI-LENS-FILM.jpg 800w\" sizes=\"auto, (max-width:767px) 480px, 500px\" \/><p id=\"caption-attachment-141\" class=\"wp-caption-text\">film multi-objectifs pour animaux de compagnie<\/p><\/div>\n<h1>La polyvalence du film multi-lentilles dans les applications d&#039;emballage<\/h1>\n<p>Dans le monde de l\u2019emballage, l\u2019innovation est essentielle pour capter l\u2019attention des consommateurs. L\u2019une de ces innovations qui a gagn\u00e9 en popularit\u00e9 ces derni\u00e8res ann\u00e9es est le film multi-objectifs. Ce type de film, \u00e9galement connu sous le nom de film \u00e0 lentille lenticulaire, offre un effet visuel unique qui peut rehausser l&#039;attrait de divers mat\u00e9riaux d&#039;emballage, notamment les bo\u00eetes en papier et les emballages cosm\u00e9tiques.<\/p>\n<h2>Qu&#039;est-ce qu&#039;un film multi-objectifs\u00a0?<\/h2>\n<p>Le film multi-objectifs est un type de film sp\u00e9cialis\u00e9 qui contient une s\u00e9rie de minuscules lentilles sur sa surface. Ces lentilles cr\u00e9ent une illusion de profondeur et de mouvement lorsqu&#039;elles sont vues sous diff\u00e9rents angles. Le film est g\u00e9n\u00e9ralement fabriqu\u00e9 \u00e0 partir de mat\u00e9riaux tels que le PET (poly\u00e9thyl\u00e8ne t\u00e9r\u00e9phtalate), le PP (polypropyl\u00e8ne) ou le PVC (polychlorure de vinyle).<\/p>\n<h2>Applications dans l&#039;emballage<\/h2>\n<p>Le film multi-lentilles a trouv\u00e9 sa place dans une large gamme d\u2019applications d\u2019emballage, gr\u00e2ce \u00e0 sa capacit\u00e9 \u00e0 cr\u00e9er des effets visuels accrocheurs. Voici quelques exemples:<\/p>\n<h3>Bo\u00eetes en papier<\/h3>\n<p>Lorsqu\u2019il est utilis\u00e9 dans la production de bo\u00eetes en papier, le film multi-objectifs peut ajouter une touche de sophistication et d\u2019unicit\u00e9. Le film peut \u00eatre lamin\u00e9 sur la surface de la bo\u00eete, cr\u00e9ant ainsi un effet tridimensionnel qui attire l&#039;attention des consommateurs. Ceci est particuli\u00e8rement efficace pour les produits de luxe ou les emballages cadeaux.<\/p>\n<h3>Enveloppements cosm\u00e9tiques<\/h3>\n<p>Dans l\u2019industrie cosm\u00e9tique, la pr\u00e9sentation est primordiale. Le film multi-lentilles peut \u00eatre utilis\u00e9 pour envelopper des produits cosm\u00e9tiques, leur donnant un aspect visuellement attrayant. Le film peut \u00eatre imprim\u00e9 avec diff\u00e9rents motifs, permettant des possibilit\u00e9s de personnalisation et de marquage. L&#039;effet lenticulaire ajoute un \u00e9l\u00e9ment d&#039;\u00e9l\u00e9gance et de glamour \u00e0 l&#039;emballage.<\/p>\n<h3>\u00c9tiquettes de produits<\/h3>\n<p>Les \u00e9tiquettes des produits jouent un r\u00f4le crucial pour attirer les consommateurs et transmettre des informations importantes. Un film multi-objectifs peut \u00eatre incorpor\u00e9 aux \u00e9tiquettes, cr\u00e9ant ainsi une exp\u00e9rience interactive et accrocheuse. Les lentilles du film peuvent \u00eatre utilis\u00e9es pour mettre en \u00e9vidence des caract\u00e9ristiques sp\u00e9cifiques ou cr\u00e9er des visuels dynamiques qui engagent le consommateur.<\/p>\n<h2>Avantages du film multi-objectifs<\/h2>\n<p>L\u2019utilisation d\u2019un film multi-lentilles dans les applications d\u2019emballage pr\u00e9sente plusieurs avantages\u00a0:<\/p>\n<h3>Attrait visuel am\u00e9lior\u00e9<\/h3>\n<p>L&#039;effet lenticulaire cr\u00e9\u00e9 par le film ajoute de la profondeur et du mouvement \u00e0 l&#039;emballage, le rendant ainsi plus attrayant visuellement. Cela peut aider les produits \u00e0 se d\u00e9marquer sur les \u00e9tag\u00e8res des magasins et \u00e0 attirer l\u2019attention des clients potentiels.<\/p>\n<h3>Diff\u00e9renciation de la marque<\/h3>\n<p>Avec la possibilit\u00e9 de personnaliser le design et l\u2019impression sur un film multi-objectifs, les marques peuvent cr\u00e9er des emballages uniques et distincts. Cela permet de diff\u00e9rencier leurs produits de ceux de leurs concurrents et de renforcer la reconnaissance de la marque.<\/p>\n<h3>Exp\u00e9rience interactive<\/h3>\n<p>Les effets visuels produits par <a href=\"https:\/\/www.zhongjiepack.com\/fr\/produit\/pet-multi-lens-film\/\">film multi-objectifs<\/a> cr\u00e9er une exp\u00e9rience interactive pour les consommateurs. Lorsqu\u2019ils voient l\u2019emballage sous diff\u00e9rents angles, ils sont int\u00e9ress\u00e9s et intrigu\u00e9s par les visuels changeants. Cela peut laisser une impression durable et augmenter la probabilit\u00e9 d\u2019achat.<\/p>\n<h3>Durable et protecteur<\/h3>\n<p>Le film multi-lentilles am\u00e9liore non seulement l\u2019attrait visuel de l\u2019emballage, mais fournit \u00e9galement une couche de protection. Le film r\u00e9siste aux rayures et peut r\u00e9sister aux rigueurs du transport et de la manipulation.<\/p>\n<h2>Conclusion<\/h2>\n<p>Film multi-objectif, \u00e9galement connu sous le nom de <a href=\"https:\/\/www.zhongjiepack.com\/fr\/produit\/pet-multi-lens-film\/\">film pour lentille lenticulaire<\/a>, offre un effet unique et visuellement captivant qui peut rehausser l&#039;emballage de divers produits. Qu&#039;il s&#039;agisse de bo\u00eetes en papier, d&#039;emballages cosm\u00e9tiques ou d&#039;\u00e9tiquettes de produits, ce film innovant ajoute une touche de sophistication et engage les consommateurs dans une exp\u00e9rience interactive. Sa polyvalence, sa durabilit\u00e9 et sa capacit\u00e9 \u00e0 am\u00e9liorer la diff\u00e9renciation des marques en font un outil pr\u00e9cieux pour les concepteurs d&#039;emballages et les sp\u00e9cialistes du marketing.<\/p>","protected":false},"excerpt":{"rendered":"<p>Mat\u00e9riel: film multi-objectifs pour animaux de compagnie sans soudure<\/p>\n<p>\u00c9paisseur : 23 microns<\/p>\n<p>Largeur:890mm<\/p>\n<p>Longueur: 6000 m\/rouleau<\/p>","protected":false},"featured_media":141,"comment_status":"open","ping_status":"closed","template":"","meta":{"om_disable_all_campaigns":false,"_monsterinsights_skip_tracking":false,"_monsterinsights_sitenote_active":false,"_monsterinsights_sitenote_note":"","_monsterinsights_sitenote_category":0},"product_brand":[],"product_cat":[46],"product_tag":[50,47,48,49,51],"class_list":{"0":"post-140","1":"product","2":"type-product","3":"status-publish","4":"has-post-thumbnail","6":"product_cat-multi-lens-film","7":"product_tag-hologram-lens-film-foil","8":"product_tag-pet-multi-lens-film","9":"product_tag-pp-multi-lens-film","10":"product_tag-pvc-multi-lens-film","11":"product_tag-seamless-hologram-pet-lens-film","13":"first","14":"instock","15":"shipping-taxable","16":"product-type-simple"},"aioseo_notices":[],"_links":{"self":[{"href":"https:\/\/www.zhongjiepack.com\/fr\/wp-json\/wp\/v2\/product\/140","targetHints":{"allow":["GET"]}}],"collection":[{"href":"https:\/\/www.zhongjiepack.com\/fr\/wp-json\/wp\/v2\/product"}],"about":[{"href":"https:\/\/www.zhongjiepack.com\/fr\/wp-json\/wp\/v2\/types\/product"}],"replies":[{"embeddable":true,"href":"https:\/\/www.zhongjiepack.com\/fr\/wp-json\/wp\/v2\/comments?post=140"}],"wp:featuredmedia":[{"embeddable":true,"href":"https:\/\/www.zhongjiepack.com\/fr\/wp-json\/wp\/v2\/media\/141"}],"wp:attachment":[{"href":"https:\/\/www.zhongjiepack.com\/fr\/wp-json\/wp\/v2\/media?parent=140"}],"wp:term":[{"taxonomy":"product_brand","embeddable":true,"href":"https:\/\/www.zhongjiepack.com\/fr\/wp-json\/wp\/v2\/product_brand?post=140"},{"taxonomy":"product_cat","embeddable":true,"href":"https:\/\/www.zhongjiepack.com\/fr\/wp-json\/wp\/v2\/product_cat?post=140"},{"taxonomy":"product_tag","embeddable":true,"href":"https:\/\/www.zhongjiepack.com\/fr\/wp-json\/wp\/v2\/product_tag?post=140"}],"curies":[{"name":"wp","href":"https:\/\/api.w.org\/{rel}","templated":true}]}}