{"id":136,"date":"2023-06-27T10:54:40","date_gmt":"2023-06-27T02:54:40","guid":{"rendered":"https:\/\/www.zhongjiepack.com\/?post_type=product&#038;p=136"},"modified":"2023-07-01T14:41:05","modified_gmt":"2023-07-01T06:41:05","slug":"pc-holographic-film","status":"publish","type":"product","link":"https:\/\/www.zhongjiepack.com\/fr\/produit\/film-holographique-pc\/","title":{"rendered":"film holographique PC"},"content":{"rendered":"<p>Le film holographique PC est un type de mat\u00e9riau qui a un effet holographique. Il s&#039;agit d&#039;un film de base en polycarbonate avec couche holographique. Le film r\u00e9fl\u00e9chit la lumi\u00e8re sous diff\u00e9rents angles pour produire un effet visuel tridimensionnel accrocheur. Le film holographique PC est largement utilis\u00e9 dans diverses industries telles que l&#039;emballage, l&#039;impression et l&#039;\u00e9tiquetage, en raison de son effet visuel unique et de ses caract\u00e9ristiques anti-contrefa\u00e7on.<\/p>\n<p>Voici quelques d\u00e9tails suppl\u00e9mentaires sur le film holographique PC\u00a0:<\/p>\n<p>Processus de production de films holographiques pour PC\u00a0:<\/p>\n<p>Film de base PC\u00a0: Tout d\u2019abord, une couche de film polycarbonate uniforme doit \u00eatre pr\u00e9par\u00e9e.<br \/>\nAdh\u00e9sif de rev\u00eatement d&#039;appr\u00eat\u00a0: Un adh\u00e9sif optiquement transparent est appliqu\u00e9 uniform\u00e9ment sur la surface du film de base PC.<br \/>\nCouche holographique\u00a0: Une couche de rev\u00eatement holographique sp\u00e9cialis\u00e9 est appliqu\u00e9e sur la couche adh\u00e9sive. Les motifs ou images holographiques sont imprim\u00e9s sur la surface \u00e0 l\u2019aide de la technologie laser.<br \/>\nCouche protectrice couvrante\u00a0: Enfin, une couche protectrice transparente est recouverte pour prot\u00e9ger la couche holographique des dommages caus\u00e9s par des facteurs externes.<br \/>\nApplications:<br \/>\nPC <a href=\"https:\/\/www.zhongjiepack.com\/fr\/\">Film holographique<\/a> est principalement utilis\u00e9 \u00e0 des fins de d\u00e9coration et de lutte contre la contrefa\u00e7on dans diverses industries. Dans l\u2019industrie de l\u2019emballage, il peut \u00eatre utilis\u00e9 pour les emballages de cosm\u00e9tiques, d\u2019aliments et de boissons, ainsi que pour les produits \u00e9lectroniques, les jouets et autres produits de consommation. Il am\u00e9liore l&#039;attrait visuel du produit et pr\u00e9vient la contrefa\u00e7on. Dans l\u2019industrie de l\u2019imprimerie, il peut \u00eatre utilis\u00e9 pour les documents de s\u00e9curit\u00e9, les billets de banque et autres documents importants.<\/p>\n<p>Caract\u00e9ristiques:<br \/>\nLe film holographique PC a une brillance \u00e9lev\u00e9e, une excellente adh\u00e9rence, une bonne r\u00e9sistance \u00e0 la temp\u00e9rature, une r\u00e9sistance chimique et une durabilit\u00e9. Son effet visuel unique le rend difficile \u00e0 reproduire, ce qui offre une protection anti-contrefa\u00e7on suppl\u00e9mentaire pour les produits. Il peut \u00e9galement \u00eatre personnalis\u00e9 avec diff\u00e9rents designs et effets holographiques en fonction des besoins sp\u00e9cifiques du client.<\/p>\n<p>Emballage:<br \/>\nLe film holographique PC est g\u00e9n\u00e9ralement fourni en rouleaux ou en feuilles en fonction des exigences du client. Il est \u00e9galement disponible dans des tailles et des designs personnalis\u00e9s en fonction de besoins sp\u00e9cifiques.<\/p>\n<p>En r\u00e9sum\u00e9, le film holographique PC est un mat\u00e9riau unique et polyvalent qui peut am\u00e9liorer l&#039;attrait visuel des produits tout en offrant une forte protection anti-contrefa\u00e7on. Il a une large gamme d&#039;applications dans diverses industries et peut \u00eatre personnalis\u00e9 pour r\u00e9pondre aux besoins sp\u00e9cifiques des clients.<\/p>\n<div id=\"attachment_137\" style=\"width: 510px\" class=\"wp-caption alignnone\"><img loading=\"lazy\" decoding=\"async\" aria-describedby=\"caption-attachment-137\" class=\"size-medium wp-image-137\" src=\"https:\/\/www.zhongjiepack.com\/wp-content\/uploads\/2023\/06\/IMG202306151347591-500x500.jpg\" alt=\"film holographique PC\" width=\"500\" height=\"500\" srcset=\"https:\/\/www.zhongjiepack.com\/wp-content\/uploads\/2023\/06\/IMG202306151347591-500x500.jpg 500w, https:\/\/www.zhongjiepack.com\/wp-content\/uploads\/2023\/06\/IMG202306151347591-150x150.jpg 150w, https:\/\/www.zhongjiepack.com\/wp-content\/uploads\/2023\/06\/IMG202306151347591-768x768.jpg 768w, https:\/\/www.zhongjiepack.com\/wp-content\/uploads\/2023\/06\/IMG202306151347591-75x75.jpg 75w, https:\/\/www.zhongjiepack.com\/wp-content\/uploads\/2023\/06\/IMG202306151347591-480x480.jpg 480w, https:\/\/www.zhongjiepack.com\/wp-content\/uploads\/2023\/06\/IMG202306151347591-800x800.jpg 800w, https:\/\/www.zhongjiepack.com\/wp-content\/uploads\/2023\/06\/IMG202306151347591-300x300.jpg 300w, https:\/\/www.zhongjiepack.com\/wp-content\/uploads\/2023\/06\/IMG202306151347591.jpg 1080w\" sizes=\"auto, (max-width:767px) 480px, 500px\" \/><p id=\"caption-attachment-137\" class=\"wp-caption-text\">Le film holographique PC est un type de mati\u00e8re plastique laser iris\u00e9e<\/p><\/div>","protected":false},"excerpt":{"rendered":"<p>Produit: film holographique PC<\/p>\n<p>\u00c9paisseur : 80 microns<\/p>\n<p>Largeur:800mm<\/p>\n<p>Longueur: 1000 m\/rouleau<\/p>\n<p>Utilisation: sac<\/p>","protected":false},"featured_media":137,"comment_status":"open","ping_status":"closed","template":"","meta":{"om_disable_all_campaigns":false,"_monsterinsights_skip_tracking":false,"_monsterinsights_sitenote_active":false,"_monsterinsights_sitenote_note":"","_monsterinsights_sitenote_category":0},"product_brand":[],"product_cat":[18],"product_tag":[39,41,40],"class_list":{"0":"post-136","1":"product","2":"type-product","3":"status-publish","4":"has-post-thumbnail","6":"product_cat-pc-holographic-film","7":"product_tag-pc-holographic-film","8":"product_tag-pc-plastic-holographic-laser-film","9":"product_tag-soft-holographic-pc-pet-film","11":"first","12":"instock","13":"shipping-taxable","14":"product-type-simple"},"aioseo_notices":[],"_links":{"self":[{"href":"https:\/\/www.zhongjiepack.com\/fr\/wp-json\/wp\/v2\/product\/136","targetHints":{"allow":["GET"]}}],"collection":[{"href":"https:\/\/www.zhongjiepack.com\/fr\/wp-json\/wp\/v2\/product"}],"about":[{"href":"https:\/\/www.zhongjiepack.com\/fr\/wp-json\/wp\/v2\/types\/product"}],"replies":[{"embeddable":true,"href":"https:\/\/www.zhongjiepack.com\/fr\/wp-json\/wp\/v2\/comments?post=136"}],"wp:featuredmedia":[{"embeddable":true,"href":"https:\/\/www.zhongjiepack.com\/fr\/wp-json\/wp\/v2\/media\/137"}],"wp:attachment":[{"href":"https:\/\/www.zhongjiepack.com\/fr\/wp-json\/wp\/v2\/media?parent=136"}],"wp:term":[{"taxonomy":"product_brand","embeddable":true,"href":"https:\/\/www.zhongjiepack.com\/fr\/wp-json\/wp\/v2\/product_brand?post=136"},{"taxonomy":"product_cat","embeddable":true,"href":"https:\/\/www.zhongjiepack.com\/fr\/wp-json\/wp\/v2\/product_cat?post=136"},{"taxonomy":"product_tag","embeddable":true,"href":"https:\/\/www.zhongjiepack.com\/fr\/wp-json\/wp\/v2\/product_tag?post=136"}],"curies":[{"name":"wp","href":"https:\/\/api.w.org\/{rel}","templated":true}]}}