{"id":125,"date":"2023-06-26T15:09:43","date_gmt":"2023-06-26T07:09:43","guid":{"rendered":"https:\/\/www.zhongjiepack.com\/?post_type=product&#038;p=125"},"modified":"2023-08-15T15:18:23","modified_gmt":"2023-08-15T07:18:23","slug":"pvc-holographic-film","status":"publish","type":"product","link":"https:\/\/www.zhongjiepack.com\/fr\/produit\/film-holographique-pvc\/","title":{"rendered":"Film holographique en PVC"},"content":{"rendered":"<div id=\"attachment_126\" style=\"width: 510px\" class=\"wp-caption alignnone\"><img loading=\"lazy\" decoding=\"async\" aria-describedby=\"caption-attachment-126\" class=\"size-medium wp-image-126\" src=\"https:\/\/www.zhongjiepack.com\/wp-content\/uploads\/2023\/06\/pvc-holographic-film-500x500.jpg\" alt=\"\" width=\"500\" height=\"500\" srcset=\"https:\/\/www.zhongjiepack.com\/wp-content\/uploads\/2023\/06\/pvc-holographic-film-500x500.jpg 500w, https:\/\/www.zhongjiepack.com\/wp-content\/uploads\/2023\/06\/pvc-holographic-film-150x150.jpg 150w, https:\/\/www.zhongjiepack.com\/wp-content\/uploads\/2023\/06\/pvc-holographic-film-768x768.jpg 768w, https:\/\/www.zhongjiepack.com\/wp-content\/uploads\/2023\/06\/pvc-holographic-film-75x75.jpg 75w, https:\/\/www.zhongjiepack.com\/wp-content\/uploads\/2023\/06\/pvc-holographic-film-480x480.jpg 480w, https:\/\/www.zhongjiepack.com\/wp-content\/uploads\/2023\/06\/pvc-holographic-film-300x300.jpg 300w, https:\/\/www.zhongjiepack.com\/wp-content\/uploads\/2023\/06\/pvc-holographic-film.jpg 800w\" sizes=\"auto, (max-width:767px) 480px, 500px\" \/><p id=\"caption-attachment-126\" class=\"wp-caption-text\">film holographique en PVC<\/p><\/div>\n<p>Le film holographique en PVC est un type de mat\u00e9riau d\u2019emballage qui pr\u00e9sente un aspect r\u00e9fl\u00e9chissant et multicolore et est couramment utilis\u00e9 \u00e0 des fins d\u00e9coratives. Voici quelques informations d\u00e9taill\u00e9es sur son \u00e9paisseur, son utilisation, ses m\u00e9thodes de production, son contr\u00f4le qualit\u00e9 et sa largeur maximale de 1 090 mm ou 1 300 mm\u00a0:<br \/>\n1. \u00c9paisseur : film holographique PVC g\u00e9n\u00e9ralement de 50 microns d\u2019\u00e9paisseur. Cependant, l&#039;\u00e9paisseur peut \u00eatre ajust\u00e9e en fonction des exigences sp\u00e9cifiques.<br \/>\n2. Utilisation : le film holographique en PVC a un large \u00e9ventail d&#039;applications, notamment l&#039;emballage de cadeaux, le laminage, les films d\u00e9coratifs, les \u00e9tiquettes et d&#039;autres solutions d&#039;emballage. Il peut \u00e9galement \u00eatre utilis\u00e9 \u00e0 des fins de s\u00e9curit\u00e9, comme les \u00e9tiquettes anti-contrefa\u00e7on et les tags d&#039;authentification.<br \/>\n3. Comment produire : Le processus de production d\u2019un film holographique PVC implique g\u00e9n\u00e9ralement les \u00e9tapes suivantes :<br \/>\nun. Pr\u00e9paration des pellets de PVC : Les pellets de PVC sont fondus et extrud\u00e9s en feuilles de film.<br \/>\nb. Rev\u00eatement d&#039;aluminium : Le film PVC est recouvert d&#039;une fine couche d&#039;aluminium \u00e0 l&#039;aide d&#039;un proc\u00e9d\u00e9 de d\u00e9p\u00f4t physique en phase vapeur (PVD).<br \/>\nc. Gaufrage : Le film PVC recouvert d&#039;aluminium passe dans une machine \u00e0 gaufrer qui cr\u00e9e le motif holographique.<br \/>\nd. Stratification : Le film PVC gaufr\u00e9 est ensuite lamin\u00e9 avec un rev\u00eatement protecteur pour am\u00e9liorer sa durabilit\u00e9, sa r\u00e9sistance aux rayures et ses effets visuels.<br \/>\n4. Contr\u00f4le qualit\u00e9 : Le contr\u00f4le qualit\u00e9 est essentiel pour produire un film holographique PVC de haute qualit\u00e9. Le produit doit \u00eatre soumis \u00e0 des tests rigoureux pour garantir qu&#039;il r\u00e9pond aux sp\u00e9cifications requises en mati\u00e8re d&#039;\u00e9paisseur, de couleur et d&#039;autres caract\u00e9ristiques. Certains des tests effectu\u00e9s incluent l\u2019adh\u00e9sion, la r\u00e9sistance \u00e0 la traction et l\u2019opacit\u00e9.<br \/>\n5. Largeur maximale : La largeur maximale du film holographique PVC est g\u00e9n\u00e9ralement d\u2019environ 1,3 m\u00e8tre, bien que cela puisse varier selon le fabricant.<br \/>\nDans l\u2019ensemble, le film holographique PVC est un mat\u00e9riau d\u2019emballage polyvalent et attrayant qui peut ajouter de la valeur \u00e0 une large gamme de produits. Sa production n\u00e9cessite une technologie avanc\u00e9e et un contr\u00f4le qualit\u00e9, mais le r\u00e9sultat final est un produit unique et accrocheur qui peut am\u00e9liorer l&#039;attrait visuel de n&#039;importe quel emballage.<\/p>\n<div id=\"attachment_167\" style=\"width: 510px\" class=\"wp-caption alignnone\"><img loading=\"lazy\" decoding=\"async\" aria-describedby=\"caption-attachment-167\" class=\"size-medium wp-image-167\" src=\"https:\/\/www.zhongjiepack.com\/wp-content\/uploads\/2023\/06\/pvc-holographic-film-1-500x500.jpg\" alt=\"film holographique en PVC\" width=\"500\" height=\"500\" srcset=\"https:\/\/www.zhongjiepack.com\/wp-content\/uploads\/2023\/06\/pvc-holographic-film-1-500x500.jpg 500w, https:\/\/www.zhongjiepack.com\/wp-content\/uploads\/2023\/06\/pvc-holographic-film-1-150x150.jpg 150w, https:\/\/www.zhongjiepack.com\/wp-content\/uploads\/2023\/06\/pvc-holographic-film-1-768x768.jpg 768w, https:\/\/www.zhongjiepack.com\/wp-content\/uploads\/2023\/06\/pvc-holographic-film-1-75x75.jpg 75w, https:\/\/www.zhongjiepack.com\/wp-content\/uploads\/2023\/06\/pvc-holographic-film-1-480x480.jpg 480w, https:\/\/www.zhongjiepack.com\/wp-content\/uploads\/2023\/06\/pvc-holographic-film-1-800x800.jpg 800w, https:\/\/www.zhongjiepack.com\/wp-content\/uploads\/2023\/06\/pvc-holographic-film-1-300x300.jpg 300w, https:\/\/www.zhongjiepack.com\/wp-content\/uploads\/2023\/06\/pvc-holographic-film-1.jpg 1080w\" sizes=\"auto, (max-width:767px) 480px, 500px\" \/><p id=\"caption-attachment-167\" class=\"wp-caption-text\">film holographique pvc sans couture<\/p><\/div>\n<div id=\"attachment_186\" style=\"width: 510px\" class=\"wp-caption alignnone\"><img loading=\"lazy\" decoding=\"async\" aria-describedby=\"caption-attachment-186\" class=\"size-medium wp-image-186\" src=\"https:\/\/www.zhongjiepack.com\/wp-content\/uploads\/2023\/06\/zinc-zns-transparent-metalized-pvc-hologram-film-foil-500x500.jpg\" alt=\"Feuille de film holographique en PVC m\u00e9tallis\u00e9 transparent zinc zns\" width=\"500\" height=\"500\" srcset=\"https:\/\/www.zhongjiepack.com\/wp-content\/uploads\/2023\/06\/zinc-zns-transparent-metalized-pvc-hologram-film-foil-500x500.jpg 500w, https:\/\/www.zhongjiepack.com\/wp-content\/uploads\/2023\/06\/zinc-zns-transparent-metalized-pvc-hologram-film-foil-150x150.jpg 150w, https:\/\/www.zhongjiepack.com\/wp-content\/uploads\/2023\/06\/zinc-zns-transparent-metalized-pvc-hologram-film-foil-768x768.jpg 768w, https:\/\/www.zhongjiepack.com\/wp-content\/uploads\/2023\/06\/zinc-zns-transparent-metalized-pvc-hologram-film-foil-75x75.jpg 75w, https:\/\/www.zhongjiepack.com\/wp-content\/uploads\/2023\/06\/zinc-zns-transparent-metalized-pvc-hologram-film-foil-480x480.jpg 480w, https:\/\/www.zhongjiepack.com\/wp-content\/uploads\/2023\/06\/zinc-zns-transparent-metalized-pvc-hologram-film-foil-300x300.jpg 300w, https:\/\/www.zhongjiepack.com\/wp-content\/uploads\/2023\/06\/zinc-zns-transparent-metalized-pvc-hologram-film-foil.jpg 800w\" sizes=\"auto, (max-width:767px) 480px, 500px\" \/><p id=\"caption-attachment-186\" class=\"wp-caption-text\">Feuille de film holographique en PVC m\u00e9tallis\u00e9 transparent zinc zns<\/p><\/div>\n<div id=\"attachment_187\" style=\"width: 510px\" class=\"wp-caption alignnone\"><img loading=\"lazy\" decoding=\"async\" aria-describedby=\"caption-attachment-187\" class=\"size-medium wp-image-187\" src=\"https:\/\/www.zhongjiepack.com\/wp-content\/uploads\/2023\/06\/rainbow-D38-seamless-metalized-pvc-hologram-laser-film-vinyl-500x500.jpg\" alt=\"Film vinyle hologramme laser pvc m\u00e9tallis\u00e9 sans couture arc-en-ciel D38\" width=\"500\" height=\"500\" srcset=\"https:\/\/www.zhongjiepack.com\/wp-content\/uploads\/2023\/06\/rainbow-D38-seamless-metalized-pvc-hologram-laser-film-vinyl-500x500.jpg 500w, https:\/\/www.zhongjiepack.com\/wp-content\/uploads\/2023\/06\/rainbow-D38-seamless-metalized-pvc-hologram-laser-film-vinyl-150x150.jpg 150w, https:\/\/www.zhongjiepack.com\/wp-content\/uploads\/2023\/06\/rainbow-D38-seamless-metalized-pvc-hologram-laser-film-vinyl-768x768.jpg 768w, https:\/\/www.zhongjiepack.com\/wp-content\/uploads\/2023\/06\/rainbow-D38-seamless-metalized-pvc-hologram-laser-film-vinyl-75x75.jpg 75w, https:\/\/www.zhongjiepack.com\/wp-content\/uploads\/2023\/06\/rainbow-D38-seamless-metalized-pvc-hologram-laser-film-vinyl-480x480.jpg 480w, https:\/\/www.zhongjiepack.com\/wp-content\/uploads\/2023\/06\/rainbow-D38-seamless-metalized-pvc-hologram-laser-film-vinyl-300x300.jpg 300w, https:\/\/www.zhongjiepack.com\/wp-content\/uploads\/2023\/06\/rainbow-D38-seamless-metalized-pvc-hologram-laser-film-vinyl.jpg 800w\" sizes=\"auto, (max-width:767px) 480px, 500px\" \/><p id=\"caption-attachment-187\" class=\"wp-caption-text\">Film vinyle hologramme laser pvc m\u00e9tallis\u00e9 sans couture arc-en-ciel D38<\/p><\/div>\n<p><iframe loading=\"lazy\" title=\"Lecteur vid\u00e9o YouTube\" src=\"https:\/\/www.youtube.com\/embed\/DwA4imxcHyo\" width=\"560\" height=\"315\" frameborder=\"0\" allowfullscreen=\"allowfullscreen\"><\/iframe><\/p>\n<p>&nbsp;<\/p>","protected":false},"excerpt":{"rendered":"<p>\u00c9paisseur: 50 microns<\/p>\n<p>largeur: 1020mm<\/p>\n<p>Longueur: 2000 m\/rouleau<\/p>\n<p>Commande minimum\u00a0:\u00a020\u00a0000\u33a1<\/p>","protected":false},"featured_media":126,"comment_status":"open","ping_status":"closed","template":"","meta":{"om_disable_all_campaigns":false,"_monsterinsights_skip_tracking":false,"_monsterinsights_sitenote_active":false,"_monsterinsights_sitenote_note":"","_monsterinsights_sitenote_category":0},"product_brand":[],"product_cat":[22],"product_tag":[27,33,32,61,34],"class_list":{"0":"post-125","1":"product","2":"type-product","3":"status-publish","4":"has-post-thumbnail","6":"product_cat-pvc-holographic-film","7":"product_tag-bopp-holographic-film","8":"product_tag-pet-hologram-film","9":"product_tag-pvc-holographic-film","10":"product_tag-pvc-holographic-metalized-film","11":"product_tag-seamless-rainbow-pet-hologram-lamination-film","13":"first","14":"instock","15":"shipping-taxable","16":"product-type-simple"},"aioseo_notices":[],"_links":{"self":[{"href":"https:\/\/www.zhongjiepack.com\/fr\/wp-json\/wp\/v2\/product\/125","targetHints":{"allow":["GET"]}}],"collection":[{"href":"https:\/\/www.zhongjiepack.com\/fr\/wp-json\/wp\/v2\/product"}],"about":[{"href":"https:\/\/www.zhongjiepack.com\/fr\/wp-json\/wp\/v2\/types\/product"}],"replies":[{"embeddable":true,"href":"https:\/\/www.zhongjiepack.com\/fr\/wp-json\/wp\/v2\/comments?post=125"}],"wp:featuredmedia":[{"embeddable":true,"href":"https:\/\/www.zhongjiepack.com\/fr\/wp-json\/wp\/v2\/media\/126"}],"wp:attachment":[{"href":"https:\/\/www.zhongjiepack.com\/fr\/wp-json\/wp\/v2\/media?parent=125"}],"wp:term":[{"taxonomy":"product_brand","embeddable":true,"href":"https:\/\/www.zhongjiepack.com\/fr\/wp-json\/wp\/v2\/product_brand?post=125"},{"taxonomy":"product_cat","embeddable":true,"href":"https:\/\/www.zhongjiepack.com\/fr\/wp-json\/wp\/v2\/product_cat?post=125"},{"taxonomy":"product_tag","embeddable":true,"href":"https:\/\/www.zhongjiepack.com\/fr\/wp-json\/wp\/v2\/product_tag?post=125"}],"curies":[{"name":"wp","href":"https:\/\/api.w.org\/{rel}","templated":true}]}}