{"id":122,"date":"2023-06-26T14:52:18","date_gmt":"2023-06-26T06:52:18","guid":{"rendered":"https:\/\/www.zhongjiepack.com\/?post_type=product&#038;p=122"},"modified":"2024-01-22T14:59:55","modified_gmt":"2024-01-22T06:59:55","slug":"bopp-holographic-film","status":"publish","type":"product","link":"https:\/\/www.zhongjiepack.com\/fr\/produit\/film-holographique-bopp\/","title":{"rendered":"Film holographique Bopp"},"content":{"rendered":"<div id=\"attachment_123\" style=\"width: 510px\" class=\"wp-caption alignnone\"><img loading=\"lazy\" decoding=\"async\" aria-describedby=\"caption-attachment-123\" class=\"size-medium wp-image-123\" src=\"https:\/\/www.zhongjiepack.com\/wp-content\/uploads\/2023\/06\/bopp-holographic-film-500x500.jpg\" alt=\"\" width=\"500\" height=\"500\" srcset=\"https:\/\/www.zhongjiepack.com\/wp-content\/uploads\/2023\/06\/bopp-holographic-film-500x500.jpg 500w, https:\/\/www.zhongjiepack.com\/wp-content\/uploads\/2023\/06\/bopp-holographic-film-150x150.jpg 150w, https:\/\/www.zhongjiepack.com\/wp-content\/uploads\/2023\/06\/bopp-holographic-film-768x768.jpg 768w, https:\/\/www.zhongjiepack.com\/wp-content\/uploads\/2023\/06\/bopp-holographic-film-75x75.jpg 75w, https:\/\/www.zhongjiepack.com\/wp-content\/uploads\/2023\/06\/bopp-holographic-film-480x480.jpg 480w, https:\/\/www.zhongjiepack.com\/wp-content\/uploads\/2023\/06\/bopp-holographic-film-300x300.jpg 300w, https:\/\/www.zhongjiepack.com\/wp-content\/uploads\/2023\/06\/bopp-holographic-film.jpg 800w\" sizes=\"auto, (max-width:767px) 480px, 500px\" \/><p id=\"caption-attachment-123\" class=\"wp-caption-text\">film holographique Bopp<\/p><\/div>\n<p>Le film holographique BOPP est un type de mat\u00e9riau d\u2019emballage utilis\u00e9 pour am\u00e9liorer l\u2019attrait visuel des produits.<\/p>\n<p>Voici quelques d\u00e9tails sur ce produit :<\/p>\n<p>BOPP signifie Biaxially Oriented Polypropylene, ce qui signifie que le film a \u00e9t\u00e9 \u00e9tir\u00e9 et orient\u00e9 dans les deux sens pour am\u00e9liorer sa r\u00e9sistance et sa clart\u00e9.<br \/>\nL&#039;effet holographique est cr\u00e9\u00e9 en gaufrant un motif sur la surface du film qui diffracte la lumi\u00e8re, la faisant r\u00e9fl\u00e9chir sous diff\u00e9rents angles et cr\u00e9ant une apparence arc-en-ciel.<br \/>\nLe film holographique BOPP est couramment utilis\u00e9 pour emballer des produits alimentaires, des cosm\u00e9tiques et d\u2019autres biens de consommation afin de les faire ressortir sur les \u00e9tag\u00e8res des magasins et d\u2019attirer les acheteurs.<br \/>\nCe film r\u00e9siste \u00e0 l\u2019humidit\u00e9, \u00e0 la chaleur et aux produits chimiques, ce qui le rend adapt\u00e9 \u00e0 une utilisation dans divers environnements.<br \/>\nIl peut \u00eatre lamin\u00e9 avec d\u2019autres mat\u00e9riaux tels que du papier ou du papier d\u2019aluminium pour cr\u00e9er des structures d\u2019emballage multicouches offrant des propri\u00e9t\u00e9s de protection et de barri\u00e8re suppl\u00e9mentaires.<br \/>\nLe film holographique BOPP peut \u00eatre imprim\u00e9 \u00e0 l&#039;aide de diverses techniques d&#039;impression telles que la flexographie, l&#039;h\u00e9liogravure et l&#039;impression num\u00e9rique pour ajouter des messages de marque et promotionnels \u00e0 l&#039;emballage.<br \/>\nDans l\u2019ensemble, le film holographique BOPP est un mat\u00e9riau d\u2019emballage polyvalent et accrocheur qui offre des avantages \u00e0 la fois d\u00e9coratifs et fonctionnels.<\/p>\n<div id=\"attachment_188\" style=\"width: 510px\" class=\"wp-caption alignnone\"><img loading=\"lazy\" decoding=\"async\" aria-describedby=\"caption-attachment-188\" class=\"size-medium wp-image-188\" src=\"https:\/\/www.zhongjiepack.com\/wp-content\/uploads\/2023\/06\/aluminum-silver-metalized-seamless-pet-bopp-hologram-film-roll-500x500.jpg\" alt=\"rouleau de film holographique pet bopp m\u00e9tallis\u00e9 argent aluminium sans soudure\" width=\"500\" height=\"500\" srcset=\"https:\/\/www.zhongjiepack.com\/wp-content\/uploads\/2023\/06\/aluminum-silver-metalized-seamless-pet-bopp-hologram-film-roll-500x500.jpg 500w, https:\/\/www.zhongjiepack.com\/wp-content\/uploads\/2023\/06\/aluminum-silver-metalized-seamless-pet-bopp-hologram-film-roll-150x150.jpg 150w, https:\/\/www.zhongjiepack.com\/wp-content\/uploads\/2023\/06\/aluminum-silver-metalized-seamless-pet-bopp-hologram-film-roll-768x768.jpg 768w, https:\/\/www.zhongjiepack.com\/wp-content\/uploads\/2023\/06\/aluminum-silver-metalized-seamless-pet-bopp-hologram-film-roll-75x75.jpg 75w, https:\/\/www.zhongjiepack.com\/wp-content\/uploads\/2023\/06\/aluminum-silver-metalized-seamless-pet-bopp-hologram-film-roll-480x480.jpg 480w, https:\/\/www.zhongjiepack.com\/wp-content\/uploads\/2023\/06\/aluminum-silver-metalized-seamless-pet-bopp-hologram-film-roll-300x300.jpg 300w, https:\/\/www.zhongjiepack.com\/wp-content\/uploads\/2023\/06\/aluminum-silver-metalized-seamless-pet-bopp-hologram-film-roll.jpg 800w\" sizes=\"auto, (max-width:767px) 480px, 500px\" \/><p id=\"caption-attachment-188\" class=\"wp-caption-text\">rouleau de film holographique pet bopp m\u00e9tallis\u00e9 argent aluminium sans soudure<\/p><\/div>\n<div id=\"attachment_189\" style=\"width: 510px\" class=\"wp-caption alignnone\"><img loading=\"lazy\" decoding=\"async\" aria-describedby=\"caption-attachment-189\" class=\"size-medium wp-image-189\" src=\"https:\/\/www.zhongjiepack.com\/wp-content\/uploads\/2023\/06\/metalizing-zinc-silver-rainbow-bopp-holographic-laser-film-500x500.jpg\" alt=\"film laser holographique m\u00e9tallisant zinc argent arc-en-ciel bopp\" width=\"500\" height=\"500\" srcset=\"https:\/\/www.zhongjiepack.com\/wp-content\/uploads\/2023\/06\/metalizing-zinc-silver-rainbow-bopp-holographic-laser-film-500x500.jpg 500w, https:\/\/www.zhongjiepack.com\/wp-content\/uploads\/2023\/06\/metalizing-zinc-silver-rainbow-bopp-holographic-laser-film-150x150.jpg 150w, https:\/\/www.zhongjiepack.com\/wp-content\/uploads\/2023\/06\/metalizing-zinc-silver-rainbow-bopp-holographic-laser-film-768x768.jpg 768w, https:\/\/www.zhongjiepack.com\/wp-content\/uploads\/2023\/06\/metalizing-zinc-silver-rainbow-bopp-holographic-laser-film-75x75.jpg 75w, https:\/\/www.zhongjiepack.com\/wp-content\/uploads\/2023\/06\/metalizing-zinc-silver-rainbow-bopp-holographic-laser-film-480x480.jpg 480w, https:\/\/www.zhongjiepack.com\/wp-content\/uploads\/2023\/06\/metalizing-zinc-silver-rainbow-bopp-holographic-laser-film-300x300.jpg 300w, https:\/\/www.zhongjiepack.com\/wp-content\/uploads\/2023\/06\/metalizing-zinc-silver-rainbow-bopp-holographic-laser-film.jpg 800w\" sizes=\"auto, (max-width:767px) 480px, 500px\" \/><p id=\"caption-attachment-189\" class=\"wp-caption-text\">film laser holographique m\u00e9tallisant zinc argent arc-en-ciel bopp<\/p><\/div>\n<p><iframe loading=\"lazy\" title=\"Lecteur vid\u00e9o YouTube\" src=\"https:\/\/www.youtube.com\/embed\/DwA4imxcHyo\" width=\"560\" height=\"315\" frameborder=\"0\" allowfullscreen=\"allowfullscreen\"><\/iframe><\/p>\n<p>&nbsp;<\/p>","protected":false},"excerpt":{"rendered":"<p>\u00c9paisseur: 18 microns<\/p>\n<p>Largeur: 1020mm<\/p>\n<p>Longueur: 6000 m\/rouleau<\/p>\n<p>Commande minimum\u00a0:\u00a050\u00a0000\u33a1<\/p>","protected":false},"featured_media":124,"comment_status":"open","ping_status":"closed","template":"","meta":{"om_disable_all_campaigns":false,"_monsterinsights_skip_tracking":false,"_monsterinsights_sitenote_active":false,"_monsterinsights_sitenote_note":"","_monsterinsights_sitenote_category":0},"product_brand":[],"product_cat":[23],"product_tag":[27,58,65,60,59],"class_list":{"0":"post-122","1":"product","2":"type-product","3":"status-publish","4":"has-post-thumbnail","6":"product_cat-bopp-holographic-film","7":"product_tag-bopp-holographic-film","8":"product_tag-bopp-laser-film","9":"product_tag-metalized-holographic-bopp-film","10":"product_tag-seamless-holographic-bopp-film","11":"product_tag-transparent-bopp-hologram-film","13":"first","14":"instock","15":"shipping-taxable","16":"product-type-simple"},"aioseo_notices":[],"_links":{"self":[{"href":"https:\/\/www.zhongjiepack.com\/fr\/wp-json\/wp\/v2\/product\/122","targetHints":{"allow":["GET"]}}],"collection":[{"href":"https:\/\/www.zhongjiepack.com\/fr\/wp-json\/wp\/v2\/product"}],"about":[{"href":"https:\/\/www.zhongjiepack.com\/fr\/wp-json\/wp\/v2\/types\/product"}],"replies":[{"embeddable":true,"href":"https:\/\/www.zhongjiepack.com\/fr\/wp-json\/wp\/v2\/comments?post=122"}],"wp:featuredmedia":[{"embeddable":true,"href":"https:\/\/www.zhongjiepack.com\/fr\/wp-json\/wp\/v2\/media\/124"}],"wp:attachment":[{"href":"https:\/\/www.zhongjiepack.com\/fr\/wp-json\/wp\/v2\/media?parent=122"}],"wp:term":[{"taxonomy":"product_brand","embeddable":true,"href":"https:\/\/www.zhongjiepack.com\/fr\/wp-json\/wp\/v2\/product_brand?post=122"},{"taxonomy":"product_cat","embeddable":true,"href":"https:\/\/www.zhongjiepack.com\/fr\/wp-json\/wp\/v2\/product_cat?post=122"},{"taxonomy":"product_tag","embeddable":true,"href":"https:\/\/www.zhongjiepack.com\/fr\/wp-json\/wp\/v2\/product_tag?post=122"}],"curies":[{"name":"wp","href":"https:\/\/api.w.org\/{rel}","templated":true}]}}