{"id":120,"date":"2023-06-26T14:40:10","date_gmt":"2023-06-26T06:40:10","guid":{"rendered":"https:\/\/www.zhongjiepack.com\/?post_type=product&#038;p=120"},"modified":"2023-07-25T15:13:51","modified_gmt":"2023-07-25T07:13:51","slug":"pet-metalized-film","status":"publish","type":"product","link":"https:\/\/www.zhongjiepack.com\/fr\/produit\/film-metallise-pet\/","title":{"rendered":"Film m\u00e9tallis\u00e9 pour animaux de compagnie"},"content":{"rendered":"<div id=\"attachment_176\" style=\"width: 510px\" class=\"wp-caption alignnone\"><img loading=\"lazy\" decoding=\"async\" aria-describedby=\"caption-attachment-176\" class=\"size-medium wp-image-176\" src=\"https:\/\/www.zhongjiepack.com\/wp-content\/uploads\/2023\/06\/silver-green-pet-metalized-film-500x500.jpg\" alt=\"film m\u00e9tallis\u00e9 pour animaux de compagnie vert argent\u00e9\" width=\"500\" height=\"500\" srcset=\"https:\/\/www.zhongjiepack.com\/wp-content\/uploads\/2023\/06\/silver-green-pet-metalized-film-500x500.jpg 500w, https:\/\/www.zhongjiepack.com\/wp-content\/uploads\/2023\/06\/silver-green-pet-metalized-film-150x150.jpg 150w, https:\/\/www.zhongjiepack.com\/wp-content\/uploads\/2023\/06\/silver-green-pet-metalized-film-768x768.jpg 768w, https:\/\/www.zhongjiepack.com\/wp-content\/uploads\/2023\/06\/silver-green-pet-metalized-film-75x75.jpg 75w, https:\/\/www.zhongjiepack.com\/wp-content\/uploads\/2023\/06\/silver-green-pet-metalized-film-480x480.jpg 480w, https:\/\/www.zhongjiepack.com\/wp-content\/uploads\/2023\/06\/silver-green-pet-metalized-film-800x800.jpg 800w, https:\/\/www.zhongjiepack.com\/wp-content\/uploads\/2023\/06\/silver-green-pet-metalized-film-300x300.jpg 300w, https:\/\/www.zhongjiepack.com\/wp-content\/uploads\/2023\/06\/silver-green-pet-metalized-film.jpg 1080w\" sizes=\"auto, (max-width:767px) 480px, 500px\" \/><p id=\"caption-attachment-176\" class=\"wp-caption-text\">Film m\u00e9tallis\u00e9 pour animaux de compagnie vert argent\u00e9, film m\u00e9tallis\u00e9 pour animaux de compagnie mat, feuille d&#039;hologramme m\u00e9tallisant l&#039;hologramme<\/p><\/div>\n<p><a href=\"https:\/\/www.zhongjiepack.com\/fr\/produit\/pet-metalized-film\/\">Film m\u00e9tallis\u00e9 PET<\/a> est un type de film PET (Poly\u00e9thyl\u00e8ne T\u00e9r\u00e9phtalate) qui a subi un processus de m\u00e9tallisation sous vide. Ce processus consiste \u00e0 recouvrir le film d&#039;une fine couche de m\u00e9tal (g\u00e9n\u00e9ralement de l&#039;aluminium) pour cr\u00e9er une surface r\u00e9fl\u00e9chissante qui am\u00e9liore l&#039;effet visuel et la fonctionnalit\u00e9 du film.<br \/>\nCe type de film est largement utilis\u00e9 dans diverses industries telles que l\u2019emballage, l\u2019\u00e9tiquetage, l\u2019impression et la d\u00e9coration. Il offre d&#039;excellentes propri\u00e9t\u00e9s de barri\u00e8re contre l&#039;humidit\u00e9, l&#039;oxyg\u00e8ne et la lumi\u00e8re, ce qui le rend id\u00e9al pour les emballages d&#039;aliments et de boissons, les produits pharmaceutiques et autres produits n\u00e9cessitant une protection contre les facteurs environnementaux. De plus, ses propri\u00e9t\u00e9s r\u00e9fl\u00e9chissantes en font un choix populaire pour les applications d\u00e9coratives telles que les emballages cadeaux et les d\u00e9corations de f\u00eate.<\/p>\n<div id=\"attachment_178\" style=\"width: 510px\" class=\"wp-caption alignnone\"><img loading=\"lazy\" decoding=\"async\" aria-describedby=\"caption-attachment-178\" class=\"size-medium wp-image-178\" src=\"https:\/\/www.zhongjiepack.com\/wp-content\/uploads\/2023\/06\/aluminum-silver-metalizing-pet-film-500x500.jpg\" alt=\"film m\u00e9tallis\u00e9 en aluminium m\u00e9tallis\u00e9 sous vide\" width=\"500\" height=\"500\" srcset=\"https:\/\/www.zhongjiepack.com\/wp-content\/uploads\/2023\/06\/aluminum-silver-metalizing-pet-film-500x500.jpg 500w, https:\/\/www.zhongjiepack.com\/wp-content\/uploads\/2023\/06\/aluminum-silver-metalizing-pet-film-150x150.jpg 150w, https:\/\/www.zhongjiepack.com\/wp-content\/uploads\/2023\/06\/aluminum-silver-metalizing-pet-film-768x768.jpg 768w, https:\/\/www.zhongjiepack.com\/wp-content\/uploads\/2023\/06\/aluminum-silver-metalizing-pet-film-75x75.jpg 75w, https:\/\/www.zhongjiepack.com\/wp-content\/uploads\/2023\/06\/aluminum-silver-metalizing-pet-film-480x480.jpg 480w, https:\/\/www.zhongjiepack.com\/wp-content\/uploads\/2023\/06\/aluminum-silver-metalizing-pet-film-800x800.jpg 800w, https:\/\/www.zhongjiepack.com\/wp-content\/uploads\/2023\/06\/aluminum-silver-metalizing-pet-film-300x300.jpg 300w, https:\/\/www.zhongjiepack.com\/wp-content\/uploads\/2023\/06\/aluminum-silver-metalizing-pet-film.jpg 1080w\" sizes=\"auto, (max-width:767px) 480px, 500px\" \/><p id=\"caption-attachment-178\" class=\"wp-caption-text\">film m\u00e9tallis\u00e9 en aluminium m\u00e9tallis\u00e9 sous vide<\/p><\/div>\n<p>qu&#039;est-ce que le film m\u00e9tallis\u00e9 PET de transfert\u00a0?<\/p>\n<p>Le film m\u00e9tallis\u00e9 pour animaux de compagnie de transfert comprend un rev\u00eatement d&#039;appr\u00eat de qualit\u00e9 transfert, cette feuille de transfert stratifi\u00e9e avec du papier avec de la colle de transfert antiadh\u00e9sive, apr\u00e8s quoi d\u00e9collez le film, la couche m\u00e9tallis\u00e9e sera sur le papier.<\/p>\n<p>qu&#039;est-ce que <a href=\"https:\/\/www.zhongjiepack.com\/fr\/produit\/pet-metalized-film\/\">film m\u00e9tallis\u00e9 pour animaux de compagnie<\/a>?<\/p>\n<p>En m\u00e9tallisant l&#039;aluminium sous vide sur un film polyester, nous pouvons alors obtenir un film m\u00e9tallis\u00e9 pour animaux de compagnie.<\/p>\n<p>Qu&#039;est-ce que le PE enduit d&#039;un film m\u00e9tallis\u00e9 PET\u00a0?<\/p>\n<p>Il fait du rev\u00eatement sur <a href=\"https:\/\/www.zhongjiepack.com\/fr\/produit\/pet-metalized-film\/\">Film de polyester<\/a>.<\/p>\n<p>Quelle est la diff\u00e9rence entre le pe recouvert d&#039;un film m\u00e9tallis\u00e9 PET et le pe recouvert d&#039;une feuille d&#039;aluminium\u00a0?<\/p>\n<p>la diff\u00e9rence est le mat\u00e9riau de base diff\u00e9rent.<a href=\"https:\/\/www.zhongjiepack.com\/fr\/produit\/pet-metalized-film\/\">film m\u00e9tallis\u00e9 pour animaux de compagnie<\/a> est un film plastique, la feuille d&#039;aluminium est du m\u00e9tal.<\/p>\n<div id=\"attachment_179\" style=\"width: 510px\" class=\"wp-caption alignnone\"><img loading=\"lazy\" decoding=\"async\" aria-describedby=\"caption-attachment-179\" class=\"size-medium wp-image-179\" src=\"https:\/\/www.zhongjiepack.com\/wp-content\/uploads\/2023\/06\/pet-metalized-film-coated-pe-500x500.jpg\" alt=\"pe enduit de film m\u00e9tallis\u00e9 pour animaux de compagnie argent\u00e9s\" width=\"500\" height=\"500\" srcset=\"https:\/\/www.zhongjiepack.com\/wp-content\/uploads\/2023\/06\/pet-metalized-film-coated-pe-500x500.jpg 500w, https:\/\/www.zhongjiepack.com\/wp-content\/uploads\/2023\/06\/pet-metalized-film-coated-pe-150x150.jpg 150w, https:\/\/www.zhongjiepack.com\/wp-content\/uploads\/2023\/06\/pet-metalized-film-coated-pe-768x768.jpg 768w, https:\/\/www.zhongjiepack.com\/wp-content\/uploads\/2023\/06\/pet-metalized-film-coated-pe-75x75.jpg 75w, https:\/\/www.zhongjiepack.com\/wp-content\/uploads\/2023\/06\/pet-metalized-film-coated-pe-480x480.jpg 480w, https:\/\/www.zhongjiepack.com\/wp-content\/uploads\/2023\/06\/pet-metalized-film-coated-pe-800x800.jpg 800w, https:\/\/www.zhongjiepack.com\/wp-content\/uploads\/2023\/06\/pet-metalized-film-coated-pe-300x300.jpg 300w, https:\/\/www.zhongjiepack.com\/wp-content\/uploads\/2023\/06\/pet-metalized-film-coated-pe.jpg 1080w\" sizes=\"auto, (max-width:767px) 480px, 500px\" \/><p id=\"caption-attachment-179\" class=\"wp-caption-text\">pe enduit de film m\u00e9tallis\u00e9 pour animaux de compagnie argent\u00e9s<\/p><\/div>\n<div id=\"attachment_180\" style=\"width: 510px\" class=\"wp-caption alignnone\"><img loading=\"lazy\" decoding=\"async\" aria-describedby=\"caption-attachment-180\" class=\"size-medium wp-image-180\" src=\"https:\/\/www.zhongjiepack.com\/wp-content\/uploads\/2023\/06\/aluminum-foil-coated-pe-500x500.jpg\" alt=\"PE enduit de papier d&#039;aluminium\" width=\"500\" height=\"500\" srcset=\"https:\/\/www.zhongjiepack.com\/wp-content\/uploads\/2023\/06\/aluminum-foil-coated-pe-500x500.jpg 500w, https:\/\/www.zhongjiepack.com\/wp-content\/uploads\/2023\/06\/aluminum-foil-coated-pe-150x150.jpg 150w, https:\/\/www.zhongjiepack.com\/wp-content\/uploads\/2023\/06\/aluminum-foil-coated-pe-768x768.jpg 768w, https:\/\/www.zhongjiepack.com\/wp-content\/uploads\/2023\/06\/aluminum-foil-coated-pe-75x75.jpg 75w, https:\/\/www.zhongjiepack.com\/wp-content\/uploads\/2023\/06\/aluminum-foil-coated-pe-480x480.jpg 480w, https:\/\/www.zhongjiepack.com\/wp-content\/uploads\/2023\/06\/aluminum-foil-coated-pe-800x800.jpg 800w, https:\/\/www.zhongjiepack.com\/wp-content\/uploads\/2023\/06\/aluminum-foil-coated-pe-300x300.jpg 300w, https:\/\/www.zhongjiepack.com\/wp-content\/uploads\/2023\/06\/aluminum-foil-coated-pe.jpg 1080w\" sizes=\"auto, (max-width:767px) 480px, 500px\" \/><p id=\"caption-attachment-180\" class=\"wp-caption-text\">PE enduit de papier d&#039;aluminium<\/p><\/div>\n<p>L\u2019utilisation d\u2019un film m\u00e9tallis\u00e9 PET pr\u00e9sente plusieurs avantages, notamment\u00a0:<br \/>\n1. Propri\u00e9t\u00e9s de barri\u00e8re \u00e9lev\u00e9e\u00a0: <a href=\"https:\/\/www.zhongjiepack.com\/fr\/produit\/pet-metalized-film\/\">Film m\u00e9tallis\u00e9 PET<\/a> offre d&#039;excellentes propri\u00e9t\u00e9s de barri\u00e8re contre l&#039;humidit\u00e9, l&#039;oxyg\u00e8ne et la lumi\u00e8re, ce qui aide \u00e0 maintenir la fra\u00eecheur et la qualit\u00e9 du produit.<br \/>\n2. Propri\u00e9t\u00e9s r\u00e9fl\u00e9chissantes : La surface r\u00e9fl\u00e9chissante du film am\u00e9liore l&#039;attrait visuel du produit et le fait ressortir sur les \u00e9tag\u00e8res des magasins.<br \/>\n3. Personnalisation : le film m\u00e9tallis\u00e9 PET peut \u00eatre personnalis\u00e9 avec diff\u00e9rentes couleurs, designs et motifs pour r\u00e9pondre aux besoins uniques de diff\u00e9rentes applications.<br \/>\n4. Respectueux de l&#039;environnement : le film m\u00e9tallis\u00e9 PET est recyclable, ce qui en fait une option d&#039;emballage respectueuse de l&#039;environnement.<br \/>\nDans l&#039;ensemble, <a href=\"https:\/\/www.zhongjiepack.com\/fr\/produit\/pet-metalized-film\/\">Film m\u00e9tallis\u00e9 PET<\/a> est un mat\u00e9riau polyvalent qui offre une combinaison d\u2019avantages protecteurs et esth\u00e9tiques. Sa large gamme d&#039;applications et sa personnalisation en font un choix populaire pour diverses industries de l&#039;emballage.<\/p>\n<div id=\"attachment_181\" style=\"width: 510px\" class=\"wp-caption alignnone\"><img loading=\"lazy\" decoding=\"async\" aria-describedby=\"caption-attachment-181\" class=\"size-medium wp-image-181\" src=\"https:\/\/www.zhongjiepack.com\/wp-content\/uploads\/2023\/06\/pet-metalized-film-coated-pet-VMPETPE-500x500.jpg\" alt=\"PET m\u00e9tallis\u00e9 film\u00e9 PET VMPET + PE\" width=\"500\" height=\"500\" srcset=\"https:\/\/www.zhongjiepack.com\/wp-content\/uploads\/2023\/06\/pet-metalized-film-coated-pet-VMPETPE-500x500.jpg 500w, https:\/\/www.zhongjiepack.com\/wp-content\/uploads\/2023\/06\/pet-metalized-film-coated-pet-VMPETPE-150x150.jpg 150w, https:\/\/www.zhongjiepack.com\/wp-content\/uploads\/2023\/06\/pet-metalized-film-coated-pet-VMPETPE-768x768.jpg 768w, https:\/\/www.zhongjiepack.com\/wp-content\/uploads\/2023\/06\/pet-metalized-film-coated-pet-VMPETPE-75x75.jpg 75w, https:\/\/www.zhongjiepack.com\/wp-content\/uploads\/2023\/06\/pet-metalized-film-coated-pet-VMPETPE-480x480.jpg 480w, https:\/\/www.zhongjiepack.com\/wp-content\/uploads\/2023\/06\/pet-metalized-film-coated-pet-VMPETPE-800x800.jpg 800w, https:\/\/www.zhongjiepack.com\/wp-content\/uploads\/2023\/06\/pet-metalized-film-coated-pet-VMPETPE-300x300.jpg 300w, https:\/\/www.zhongjiepack.com\/wp-content\/uploads\/2023\/06\/pet-metalized-film-coated-pet-VMPETPE.jpg 1080w\" sizes=\"auto, (max-width:767px) 480px, 500px\" \/><p id=\"caption-attachment-181\" class=\"wp-caption-text\">zhongjiepack pet film m\u00e9tallis\u00e9 enduit pet VMPET + PE<\/p><\/div>","protected":false},"excerpt":{"rendered":"<p>Produit: film m\u00e9tallis\u00e9 pour animaux de compagnie<\/p>\n<p>\u00c9paisseur: 12um, 16mic, 50 microns<\/p>\n<p>Longueur : 12 000 m\/rouleau<\/p>\n<p>Commande minimum\u00a0:\u00a011\u00a0000\u00a0kg<\/p>","protected":false},"featured_media":176,"comment_status":"open","ping_status":"closed","template":"","meta":{"om_disable_all_campaigns":false,"_monsterinsights_skip_tracking":false,"_monsterinsights_sitenote_active":false,"_monsterinsights_sitenote_note":"","_monsterinsights_sitenote_category":0},"product_brand":[],"product_cat":[20],"product_tag":[62,31,64,29,63,30],"class_list":{"0":"post-120","1":"product","2":"type-product","3":"status-publish","4":"has-post-thumbnail","6":"product_cat-metalized-film","7":"product_tag-aluminum-foil-coated-pe","8":"product_tag-aluminum-metalizing-pet-hologram-film","9":"product_tag-gold-matt-pet-metalized-film","10":"product_tag-metalized-film-pet","11":"product_tag-pet-metalized-film","12":"product_tag-polyester-metalized-film","14":"first","15":"instock","16":"shipping-taxable","17":"product-type-simple"},"aioseo_notices":[],"_links":{"self":[{"href":"https:\/\/www.zhongjiepack.com\/fr\/wp-json\/wp\/v2\/product\/120","targetHints":{"allow":["GET"]}}],"collection":[{"href":"https:\/\/www.zhongjiepack.com\/fr\/wp-json\/wp\/v2\/product"}],"about":[{"href":"https:\/\/www.zhongjiepack.com\/fr\/wp-json\/wp\/v2\/types\/product"}],"replies":[{"embeddable":true,"href":"https:\/\/www.zhongjiepack.com\/fr\/wp-json\/wp\/v2\/comments?post=120"}],"wp:featuredmedia":[{"embeddable":true,"href":"https:\/\/www.zhongjiepack.com\/fr\/wp-json\/wp\/v2\/media\/176"}],"wp:attachment":[{"href":"https:\/\/www.zhongjiepack.com\/fr\/wp-json\/wp\/v2\/media?parent=120"}],"wp:term":[{"taxonomy":"product_brand","embeddable":true,"href":"https:\/\/www.zhongjiepack.com\/fr\/wp-json\/wp\/v2\/product_brand?post=120"},{"taxonomy":"product_cat","embeddable":true,"href":"https:\/\/www.zhongjiepack.com\/fr\/wp-json\/wp\/v2\/product_cat?post=120"},{"taxonomy":"product_tag","embeddable":true,"href":"https:\/\/www.zhongjiepack.com\/fr\/wp-json\/wp\/v2\/product_tag?post=120"}],"curies":[{"name":"wp","href":"https:\/\/api.w.org\/{rel}","templated":true}]}}