{"id":216,"date":"2023-12-04T09:06:54","date_gmt":"2023-12-04T01:06:54","guid":{"rendered":"https:\/\/www.zhongjiepack.com\/?post_type=product&#038;p=216"},"modified":"2023-12-20T21:46:50","modified_gmt":"2023-12-20T13:46:50","slug":"thermal-holographic-film","status":"publish","type":"product","link":"https:\/\/www.zhongjiepack.com\/es\/producto\/pelicula-holografica-termal\/","title":{"rendered":"Pel\u00edcula hologr\u00e1fica t\u00e9rmica"},"content":{"rendered":"<p>La pel\u00edcula hologr\u00e1fica t\u00e9rmica es un tipo de material de pel\u00edcula de holograma sin costura laminada en caliente, es con pegamento Eva. Zhejiang Zhongjie Packaging Material Co., Ltd suministra muchos tipos diferentes de pel\u00edculas de holograma t\u00e9rmico en caliente.<\/p>\n<p>Art\u00edculo: Pel\u00edcula de laminaci\u00f3n t\u00e9rmica hologr\u00e1fica de PET<\/p>\n<p>Material: <a href=\"https:\/\/www.zhongjiepack.com\/es\/producto\/seamless-pet-holographic-film\/\">pel\u00edcula hologr\u00e1fica de mascota arcoiris sin costuras<\/a> + pegamento eva caliente<\/p>\n<p>Espesor regular: 17 micras \u2013 30 micras.<\/p>\n<p>Ancho m\u00e1ximo: 1600 mm<\/p>\n<p>N\u00facleo de papel: 3 pulgadas.<\/p>\n<p>Caracter\u00edstica: Este tipo de pel\u00edcula puede mejorar el colorido de las im\u00e1genes impresas y su efecto a trav\u00e9s de su patr\u00f3n l\u00e1ser \u00fanico. Este dise\u00f1o tiene m\u00faltiples efectos de color en la impresi\u00f3n. Esta pel\u00edcula hologr\u00e1fica tiene m\u00e1s de cien patrones, como patrones de diamantes, en forma de coraz\u00f3n, mini destellos, puntos, ondas de agua, flores, etc.<\/p>\n<p>Aplicaciones presentes, este tipo de <a href=\"https:\/\/www.zhongjiepack.com\/es\/producto\/seamless-pet-holographic-film\/\">pel\u00edcula hologr\u00e1fica<\/a> se est\u00e1 volviendo cada vez m\u00e1s popular y ampliamente utilizado en alimentos, medicinas, regalos, cosm\u00e9ticos, vinos, publicidad exterior e impresi\u00f3n digital.<\/p>\n<div id=\"attachment_218\" style=\"width: 510px\" class=\"wp-caption alignnone\"><img loading=\"lazy\" decoding=\"async\" aria-describedby=\"caption-attachment-218\" class=\"size-medium wp-image-218\" src=\"https:\/\/www.zhongjiepack.com\/wp-content\/uploads\/2023\/12\/Thermal-seamless-rainbow-pet-hologram-film-500x500.jpg\" alt=\"Pel\u00edcula t\u00e9rmica de holograma de mascota arco\u00edris sin costuras\" width=\"500\" height=\"500\" srcset=\"https:\/\/www.zhongjiepack.com\/wp-content\/uploads\/2023\/12\/Thermal-seamless-rainbow-pet-hologram-film-500x500.jpg 500w, https:\/\/www.zhongjiepack.com\/wp-content\/uploads\/2023\/12\/Thermal-seamless-rainbow-pet-hologram-film-150x150.jpg 150w, https:\/\/www.zhongjiepack.com\/wp-content\/uploads\/2023\/12\/Thermal-seamless-rainbow-pet-hologram-film-768x768.jpg 768w, https:\/\/www.zhongjiepack.com\/wp-content\/uploads\/2023\/12\/Thermal-seamless-rainbow-pet-hologram-film-75x75.jpg 75w, https:\/\/www.zhongjiepack.com\/wp-content\/uploads\/2023\/12\/Thermal-seamless-rainbow-pet-hologram-film-480x480.jpg 480w, https:\/\/www.zhongjiepack.com\/wp-content\/uploads\/2023\/12\/Thermal-seamless-rainbow-pet-hologram-film-300x300.jpg 300w, https:\/\/www.zhongjiepack.com\/wp-content\/uploads\/2023\/12\/Thermal-seamless-rainbow-pet-hologram-film.jpg 800w\" sizes=\"auto, (max-width:767px) 480px, 500px\" \/><p id=\"caption-attachment-218\" class=\"wp-caption-text\">Pel\u00edcula t\u00e9rmica de holograma de mascota arco\u00edris sin costuras<\/p><\/div>\n<p>Art\u00edculo: <a href=\"https:\/\/www.zhongjiepack.com\/es\/producto\/bopp-holographic-film\/\">Pel\u00edcula de laminaci\u00f3n t\u00e9rmica hologr\u00e1fica BOPP<\/a><\/p>\n<p>Tipo: Metalizado ZNS transparente, Aluminio plateado metalizado<\/p>\n<p>Material: 18 micras <a href=\"https:\/\/www.zhongjiepack.com\/es\/producto\/bopp-holographic-film\/\">Pel\u00edcula hologr\u00e1fica BOPP<\/a> + cola eva de 10 micras<\/p>\n<p>Espesor regular: 20 micras -30 micras.<\/p>\n<div id=\"attachment_217\" style=\"width: 385px\" class=\"wp-caption alignnone\"><img loading=\"lazy\" decoding=\"async\" aria-describedby=\"caption-attachment-217\" class=\"size-medium wp-image-217\" src=\"https:\/\/www.zhongjiepack.com\/wp-content\/uploads\/2023\/12\/thermal-bopp-holographic-laser-film-375x500.jpg\" alt=\"pel\u00edcula l\u00e1ser hologr\u00e1fica bopp t\u00e9rmica\" width=\"375\" height=\"500\" srcset=\"https:\/\/www.zhongjiepack.com\/wp-content\/uploads\/2023\/12\/thermal-bopp-holographic-laser-film-375x500.jpg 375w, https:\/\/www.zhongjiepack.com\/wp-content\/uploads\/2023\/12\/thermal-bopp-holographic-laser-film-768x1023.jpg 768w, https:\/\/www.zhongjiepack.com\/wp-content\/uploads\/2023\/12\/thermal-bopp-holographic-laser-film-56x75.jpg 56w, https:\/\/www.zhongjiepack.com\/wp-content\/uploads\/2023\/12\/thermal-bopp-holographic-laser-film-480x640.jpg 480w, https:\/\/www.zhongjiepack.com\/wp-content\/uploads\/2023\/12\/thermal-bopp-holographic-laser-film.jpg 800w\" sizes=\"auto, (max-width:767px) 375px, 375px\" \/><p id=\"caption-attachment-217\" class=\"wp-caption-text\">pel\u00edcula l\u00e1ser hologr\u00e1fica bopp t\u00e9rmica<\/p><\/div>\n<p>Sin costura <a href=\"https:\/\/www.zhongjiepack.com\/es\/producto\/pvc-holographic-film\/\">pel\u00edcula hologr\u00e1fica de pvc<\/a> con buena imprimibilidad y ventaja de costos,<br \/>\nEl PVC hologr\u00e1fico es el material favorito para hacer Navidad.<br \/>\nArt\u00edculos de decoraci\u00f3n, pegatinas, papeler\u00eda y carteles, etc.<br \/>\nEl PVC hologr\u00e1fico tambi\u00e9n es un excelente material para brillantina y lentejuelas.<br \/>\n<a href=\"https:\/\/www.zhongjiepack.com\/es\/producto\/thermal-holographic-film\/\">Pel\u00edcula hologr\u00e1fica de pvc t\u00e9rmico<\/a> es decir el <a href=\"https:\/\/www.zhongjiepack.com\/es\/producto\/pvc-holographic-film\/\">l\u00e1mina de holograma<\/a> con cola eva.<br \/>\n<a href=\"https:\/\/www.zhongjiepack.com\/es\/producto\/pvc-holographic-film\/\">Pel\u00edcula t\u00e9rmica hologr\u00e1fica<\/a> Es adecuado para laminaci\u00f3n en caliente.<br \/>\nEspesor: 38 micrones, 50 um.<\/p>\n<div id=\"attachment_221\" style=\"width: 385px\" class=\"wp-caption alignnone\"><img loading=\"lazy\" decoding=\"async\" aria-describedby=\"caption-attachment-221\" class=\"size-medium wp-image-221\" src=\"https:\/\/www.zhongjiepack.com\/wp-content\/uploads\/2023\/12\/seamless-rainbow-thermal-pvc-holographic-film-375x500.jpg\" alt=\"pel\u00edcula hologr\u00e1fica t\u00e9rmica de pvc arco\u00edris sin costuras\" width=\"375\" height=\"500\" srcset=\"https:\/\/www.zhongjiepack.com\/wp-content\/uploads\/2023\/12\/seamless-rainbow-thermal-pvc-holographic-film-375x500.jpg 375w, https:\/\/www.zhongjiepack.com\/wp-content\/uploads\/2023\/12\/seamless-rainbow-thermal-pvc-holographic-film-768x1023.jpg 768w, https:\/\/www.zhongjiepack.com\/wp-content\/uploads\/2023\/12\/seamless-rainbow-thermal-pvc-holographic-film-56x75.jpg 56w, https:\/\/www.zhongjiepack.com\/wp-content\/uploads\/2023\/12\/seamless-rainbow-thermal-pvc-holographic-film-480x640.jpg 480w, https:\/\/www.zhongjiepack.com\/wp-content\/uploads\/2023\/12\/seamless-rainbow-thermal-pvc-holographic-film.jpg 800w\" sizes=\"auto, (max-width:767px) 375px, 375px\" \/><p id=\"caption-attachment-221\" class=\"wp-caption-text\">pel\u00edcula hologr\u00e1fica t\u00e9rmica de pvc arco\u00edris sin costuras<\/p><\/div>","protected":false},"excerpt":{"rendered":"<p>La pel\u00edcula hologr\u00e1fica t\u00e9rmica es un tipo de material de pel\u00edcula de holograma sin costura laminada en caliente, es con pegamento Eva. Zhejiang Zhongjie Packaging Material Co., Ltd suministra muchos tipos diferentes de pel\u00edculas de holograma t\u00e9rmico en caliente.<\/p>","protected":false},"featured_media":218,"comment_status":"open","ping_status":"closed","template":"","meta":{"om_disable_all_campaigns":false,"_monsterinsights_skip_tracking":false,"_monsterinsights_sitenote_active":false,"_monsterinsights_sitenote_note":"","_monsterinsights_sitenote_category":0},"product_brand":[],"product_cat":[83],"product_tag":[86,84,85],"class_list":{"0":"post-216","1":"product","2":"type-product","3":"status-publish","4":"has-post-thumbnail","6":"product_cat-thermal-holographic-film","7":"product_tag-pvc-holographic-thermal-film","8":"product_tag-thermal-bopp-holographic-film","9":"product_tag-thermal-eva-seamless-pet-hologram-rainbow-film","11":"first","12":"instock","13":"shipping-taxable","14":"product-type-simple"},"aioseo_notices":[],"_links":{"self":[{"href":"https:\/\/www.zhongjiepack.com\/es\/wp-json\/wp\/v2\/product\/216","targetHints":{"allow":["GET"]}}],"collection":[{"href":"https:\/\/www.zhongjiepack.com\/es\/wp-json\/wp\/v2\/product"}],"about":[{"href":"https:\/\/www.zhongjiepack.com\/es\/wp-json\/wp\/v2\/types\/product"}],"replies":[{"embeddable":true,"href":"https:\/\/www.zhongjiepack.com\/es\/wp-json\/wp\/v2\/comments?post=216"}],"wp:featuredmedia":[{"embeddable":true,"href":"https:\/\/www.zhongjiepack.com\/es\/wp-json\/wp\/v2\/media\/218"}],"wp:attachment":[{"href":"https:\/\/www.zhongjiepack.com\/es\/wp-json\/wp\/v2\/media?parent=216"}],"wp:term":[{"taxonomy":"product_brand","embeddable":true,"href":"https:\/\/www.zhongjiepack.com\/es\/wp-json\/wp\/v2\/product_brand?post=216"},{"taxonomy":"product_cat","embeddable":true,"href":"https:\/\/www.zhongjiepack.com\/es\/wp-json\/wp\/v2\/product_cat?post=216"},{"taxonomy":"product_tag","embeddable":true,"href":"https:\/\/www.zhongjiepack.com\/es\/wp-json\/wp\/v2\/product_tag?post=216"}],"curies":[{"name":"wp","href":"https:\/\/api.w.org\/{rel}","templated":true}]}}