{"id":212,"date":"2023-11-30T10:52:02","date_gmt":"2023-11-30T02:52:02","guid":{"rendered":"https:\/\/www.zhongjiepack.com\/?post_type=product&#038;p=212"},"modified":"2023-12-20T21:58:56","modified_gmt":"2023-12-20T13:58:56","slug":"self-adhesive-sticker-label-material","status":"publish","type":"product","link":"https:\/\/www.zhongjiepack.com\/es\/producto\/material-de-etiqueta-autoadhesiva\/","title":{"rendered":"Material de etiqueta autoadhesiva"},"content":{"rendered":"<p><a href=\"https:\/\/www.zhongjiepack.com\/es\/producto\/self-adhesive-sticker-label-material\/\">Etiqueta autoadhesiva hologr\u00e1fica<\/a> El material es un tipo de material de embalaje de Zhejiang Zhongjie Packaging Material Co., Ltd. Es resistente al agua superior. Rasgue el papel de la etiqueta repetidamente con alta transparencia.<\/p>\n<p>Material de superficie preferido Impresi\u00f3n clara sin desbordamiento<br \/>\nVentajas<br \/>\nAdecuado para la mayor\u00eda de las impresoras de etiquetas de inyecci\u00f3n de tinta. El tama\u00f1o del producto puede ser<br \/>\npersonalizado<\/p>\n<p>Resistente al agua de alta calidad. Sin decoloraci\u00f3n.<br \/>\nLos bordes de los rollos est\u00e1n limpios y ordenados sin pegamento.<br \/>\nDesbordamiento<\/p>\n<p>Los recubrimientos de impresi\u00f3n de alta calidad se distribuyen uniformemente, con mejor adherencia, resistencia al rayado y<br \/>\nimpresi\u00f3n m\u00e1s clara<\/p>\n<p>Llamativo efecto hologr\u00e1fico 3D<br \/>\nNuestras etiquetas hologr\u00e1ficas emiten un efecto iridiscente cada vez que la luz incide sobre el pl\u00e1stico impermeable, con un brillo y un brillo que capta la atenci\u00f3n desde el otro lado de la habitaci\u00f3n. Pueden darle a sus productos ese brillo moderno y, con muchas opciones de personalizaci\u00f3n, ayudarlos a destacarse entre la multitud.<\/p>\n<div id=\"attachment_213\" style=\"width: 510px\" class=\"wp-caption alignnone\"><img loading=\"lazy\" decoding=\"async\" aria-describedby=\"caption-attachment-213\" class=\"size-medium wp-image-213\" src=\"https:\/\/www.zhongjiepack.com\/wp-content\/uploads\/2023\/11\/self-adhesive-sticker-holographic-label-material-500x500.jpg\" alt=\"\" width=\"500\" height=\"500\" srcset=\"https:\/\/www.zhongjiepack.com\/wp-content\/uploads\/2023\/11\/self-adhesive-sticker-holographic-label-material-500x500.jpg 500w, https:\/\/www.zhongjiepack.com\/wp-content\/uploads\/2023\/11\/self-adhesive-sticker-holographic-label-material-150x150.jpg 150w, https:\/\/www.zhongjiepack.com\/wp-content\/uploads\/2023\/11\/self-adhesive-sticker-holographic-label-material-768x768.jpg 768w, https:\/\/www.zhongjiepack.com\/wp-content\/uploads\/2023\/11\/self-adhesive-sticker-holographic-label-material-75x75.jpg 75w, https:\/\/www.zhongjiepack.com\/wp-content\/uploads\/2023\/11\/self-adhesive-sticker-holographic-label-material-480x480.jpg 480w, https:\/\/www.zhongjiepack.com\/wp-content\/uploads\/2023\/11\/self-adhesive-sticker-holographic-label-material-800x800.jpg 800w, https:\/\/www.zhongjiepack.com\/wp-content\/uploads\/2023\/11\/self-adhesive-sticker-holographic-label-material-300x300.jpg 300w, https:\/\/www.zhongjiepack.com\/wp-content\/uploads\/2023\/11\/self-adhesive-sticker-holographic-label-material.jpg 1080w\" sizes=\"auto, (max-width:767px) 480px, 500px\" \/><p id=\"caption-attachment-213\" class=\"wp-caption-text\">Material de etiqueta hologr\u00e1fica autoadhesiva, etiquetado l\u00e1ser de holograma de seguridad<\/p><\/div>\n<p>Completamente personalizable<br \/>\nCon 18 tama\u00f1os y 5 formas para elegir (incluida una opci\u00f3n personalizada que le permite crear cualquier forma que desee), puede adaptar casi todos los aspectos de sus pegatinas de holograma a su marca. Imprima hojas o rollos de pegatinas para sus productos de diferentes tama\u00f1os, o solicite un juego de pegatinas cortadas individualmente para obsequios y bolsas de regalos.<\/p>\n<p>Proceso de dise\u00f1o sencillo<br \/>\nPara comenzar a dise\u00f1ar, elija la forma que prefiera. Si selecciona una forma est\u00e1ndar, tiene la opci\u00f3n de explorar nuestras plantillas personalizables o dise\u00f1ar la suya propia. Si selecciona una forma personalizada, cargue su logotipo o obra de arte y nuestro estudio de dise\u00f1o crear\u00e1 autom\u00e1ticamente una l\u00ednea de corte personalizada para su pegatina, con opciones para personalizarla a\u00fan m\u00e1s.<\/p>\n<p>P: \u00bfPuedes mostrarme tu lista de productos?<\/p>\n<p>Nuestra lista de productos incluye papel autoadhesivo: recubierto de fundici\u00f3n, semibrillante, sin madera, fluorescente, papel de aluminio, papel kraft, etc.<br \/>\nPel\u00edcula autoadhesiva: <a href=\"https:\/\/www.zhongjiepack.com\/es\/producto\/seamless-pet-holographic-film\/\">pel\u00edcula de holograma de mascota sin costuras<\/a>, <a href=\"https:\/\/www.zhongjiepack.com\/es\/producto\/bopp-holographic-film\/\">pel\u00edcula hologr\u00e1fica bopp<\/a>,<a href=\"https:\/\/www.zhongjiepack.com\/es\/producto\/pvc-holographic-film\/\">pel\u00edcula hologr\u00e1fica de pvc<\/a>, l\u00e1mina de PP, pel\u00edcula adhesiva de pe, pel\u00edcula brillante, antifalsificaci\u00f3n VOID personalizada, etc.<\/p>\n<p>P: \u00bfEs usted una empresa comercial o un fabricante?<br \/>\nR: Generalmente son 10-15 d\u00edas despu\u00e9s de recibir el pago por adelantado o LC original.<\/p>\n<p>P: \u00bfCu\u00e1nto dura el tiempo de entrega?<br \/>\nR: Generalmente son 10-15 d\u00edas despu\u00e9s de recibir el pago por adelantado o LC original.<\/p>\n<p>P: \u00bfProporcionan muestras? \u00bfEs gratis o extra?<br \/>\nR: S\u00ed, podemos ofrecer la muestra de forma gratuita pero no pagamos el costo del flete.<\/p>\n<p>P: \u00bfCu\u00e1les son sus condiciones de pago?<br \/>\nR: TT o LC.<br \/>\nSi tiene otra pregunta, no dude en contactarnos de la siguiente manera:<\/p>\n<p>P: \u00bfQu\u00e9 pasa con su servicio?<br \/>\nEn primer lugar, nuestro control de calidad realizar\u00e1 una inspecci\u00f3n muy estricta en todos los pasos desde la inspecci\u00f3n de la materia prima (material frontal, pegamento y papel de respaldo).<br \/>\nDurante la comunicaci\u00f3n, cada vendedor se comunicar\u00e1 con el cliente con una respuesta efectiva a tiempo en 12 horas.<br \/>\nY nuestro colega de documentos le proporcionar\u00e1 los documentos correspondientes de forma profesional y oportuna.<br \/>\nNuestro equipo unido brindar\u00e1 a cada cliente una experiencia de compra agradable y c\u00f3moda.<\/p>\n<div id=\"attachment_215\" style=\"width: 385px\" class=\"wp-caption alignnone\"><img loading=\"lazy\" decoding=\"async\" aria-describedby=\"caption-attachment-215\" class=\"size-medium wp-image-215\" src=\"https:\/\/www.zhongjiepack.com\/wp-content\/uploads\/2023\/11\/pet-pvc-bopp-holographic-sticker-label-material-375x500.jpg\" alt=\"material de etiqueta adhesiva hologr\u00e1fica bopp de pvc pet\" width=\"375\" height=\"500\" srcset=\"https:\/\/www.zhongjiepack.com\/wp-content\/uploads\/2023\/11\/pet-pvc-bopp-holographic-sticker-label-material-375x500.jpg 375w, https:\/\/www.zhongjiepack.com\/wp-content\/uploads\/2023\/11\/pet-pvc-bopp-holographic-sticker-label-material-768x1023.jpg 768w, https:\/\/www.zhongjiepack.com\/wp-content\/uploads\/2023\/11\/pet-pvc-bopp-holographic-sticker-label-material-56x75.jpg 56w, https:\/\/www.zhongjiepack.com\/wp-content\/uploads\/2023\/11\/pet-pvc-bopp-holographic-sticker-label-material-480x640.jpg 480w, https:\/\/www.zhongjiepack.com\/wp-content\/uploads\/2023\/11\/pet-pvc-bopp-holographic-sticker-label-material.jpg 800w\" sizes=\"auto, (max-width:767px) 375px, 375px\" \/><p id=\"caption-attachment-215\" class=\"wp-caption-text\">material de etiqueta adhesiva hologr\u00e1fica bopp de pvc pet<\/p><\/div>","protected":false},"excerpt":{"rendered":"<p>El material de etiqueta autoadhesiva hologr\u00e1fica es un tipo de material de embalaje de Zhejiang Zhongjie Packaging Material Co., Ltd. Es resistente al agua superior. Rasgue el papel de etiqueta repetidamente con alta transparencia.<\/p>","protected":false},"featured_media":213,"comment_status":"open","ping_status":"closed","template":"","meta":{"om_disable_all_campaigns":false,"_monsterinsights_skip_tracking":false,"_monsterinsights_sitenote_active":false,"_monsterinsights_sitenote_note":"","_monsterinsights_sitenote_category":0},"product_brand":[],"product_cat":[78],"product_tag":[81,82,79,80],"class_list":{"0":"post-212","1":"product","2":"type-product","3":"status-publish","4":"has-post-thumbnail","6":"product_cat-sticker-label-material","7":"product_tag-bopp-laser-foil-sticker","8":"product_tag-fragile-breakable-sticker-label","9":"product_tag-pet-holographic-adhesive-sticker-label","10":"product_tag-pvc-hologram-laser-adhesive-label-material","12":"first","13":"instock","14":"shipping-taxable","15":"product-type-simple"},"aioseo_notices":[],"_links":{"self":[{"href":"https:\/\/www.zhongjiepack.com\/es\/wp-json\/wp\/v2\/product\/212","targetHints":{"allow":["GET"]}}],"collection":[{"href":"https:\/\/www.zhongjiepack.com\/es\/wp-json\/wp\/v2\/product"}],"about":[{"href":"https:\/\/www.zhongjiepack.com\/es\/wp-json\/wp\/v2\/types\/product"}],"replies":[{"embeddable":true,"href":"https:\/\/www.zhongjiepack.com\/es\/wp-json\/wp\/v2\/comments?post=212"}],"wp:featuredmedia":[{"embeddable":true,"href":"https:\/\/www.zhongjiepack.com\/es\/wp-json\/wp\/v2\/media\/213"}],"wp:attachment":[{"href":"https:\/\/www.zhongjiepack.com\/es\/wp-json\/wp\/v2\/media?parent=212"}],"wp:term":[{"taxonomy":"product_brand","embeddable":true,"href":"https:\/\/www.zhongjiepack.com\/es\/wp-json\/wp\/v2\/product_brand?post=212"},{"taxonomy":"product_cat","embeddable":true,"href":"https:\/\/www.zhongjiepack.com\/es\/wp-json\/wp\/v2\/product_cat?post=212"},{"taxonomy":"product_tag","embeddable":true,"href":"https:\/\/www.zhongjiepack.com\/es\/wp-json\/wp\/v2\/product_tag?post=212"}],"curies":[{"name":"wp","href":"https:\/\/api.w.org\/{rel}","templated":true}]}}