{"id":136,"date":"2023-06-27T10:54:40","date_gmt":"2023-06-27T02:54:40","guid":{"rendered":"https:\/\/www.zhongjiepack.com\/?post_type=product&#038;p=136"},"modified":"2023-07-01T14:41:05","modified_gmt":"2023-07-01T06:41:05","slug":"pc-holographic-film","status":"publish","type":"product","link":"https:\/\/www.zhongjiepack.com\/es\/producto\/pelicula-holografica-pc\/","title":{"rendered":"pel\u00edcula hologr\u00e1fica para pc"},"content":{"rendered":"<p>PC Holographic Film es un tipo de material que tiene un efecto hologr\u00e1fico. Es una pel\u00edcula con base de policarbonato con capa hologr\u00e1fica. La pel\u00edcula refleja la luz en diferentes \u00e1ngulos para producir un efecto visual tridimensional y llamativo. La pel\u00edcula hologr\u00e1fica para PC se usa ampliamente en diversas industrias, como la de embalaje, impresi\u00f3n y etiquetado, debido a su efecto visual \u00fanico y sus caracter\u00edsticas antifalsificaci\u00f3n.<\/p>\n<p>Aqu\u00ed hay algunos detalles m\u00e1s sobre la pel\u00edcula hologr\u00e1fica para PC:<\/p>\n<p>Proceso de producci\u00f3n de pel\u00edcula hologr\u00e1fica para PC:<\/p>\n<p>Pel\u00edcula base de PC: Primero, se debe preparar una capa de pel\u00edcula de policarbonato uniforme.<br \/>\nAdhesivo de revestimiento de imprimaci\u00f3n: se aplica un adhesivo \u00f3pticamente transparente uniformemente sobre la superficie de la pel\u00edcula base de PC.<br \/>\nCapa hologr\u00e1fica: se aplica una capa de recubrimiento hologr\u00e1fico especializado sobre la capa adhesiva. Los patrones o im\u00e1genes hologr\u00e1ficas se imprimen en la superficie mediante tecnolog\u00eda l\u00e1ser.<br \/>\nCapa protectora de cobertura: Finalmente, se cubre una capa protectora transparente para proteger la capa hologr\u00e1fica de da\u00f1os por factores externos.<br \/>\nAplicaciones:<br \/>\nordenador personal <a href=\"https:\/\/www.zhongjiepack.com\/es\/\">Pel\u00edcula hologr\u00e1fica<\/a> se utiliza principalmente con fines decorativos y antifalsificaci\u00f3n en diversas industrias. En la industria del embalaje, se puede utilizar para embalaje de cosm\u00e9ticos, alimentos y bebidas, as\u00ed como para productos electr\u00f3nicos, juguetes y otros productos de consumo. Mejora el atractivo visual del producto y previene la falsificaci\u00f3n. En la industria gr\u00e1fica, se puede utilizar para documentos de seguridad, billetes y otros documentos importantes.<\/p>\n<p>Caracter\u00edsticas:<br \/>\nLa pel\u00edcula hologr\u00e1fica para PC tiene alto brillo, excelente adhesi\u00f3n, buena resistencia a la temperatura, resistencia qu\u00edmica y durabilidad. Su efecto visual \u00fanico hace que sea dif\u00edcil de replicar, lo que proporciona protecci\u00f3n adicional contra la falsificaci\u00f3n de los productos. Tambi\u00e9n se puede personalizar con diferentes dise\u00f1os y efectos hologr\u00e1ficos seg\u00fan las necesidades espec\u00edficas del cliente.<\/p>\n<p>Embalaje:<br \/>\nLa pel\u00edcula hologr\u00e1fica para PC normalmente se suministra en rollos u hojas seg\u00fan los requisitos del cliente. Tambi\u00e9n est\u00e1 disponible en tama\u00f1os y dise\u00f1os personalizados seg\u00fan necesidades espec\u00edficas.<\/p>\n<p>En resumen, la pel\u00edcula hologr\u00e1fica para PC es un material \u00fanico y vers\u00e1til que puede mejorar el atractivo visual de los productos y al mismo tiempo brindar una s\u00f3lida protecci\u00f3n contra la falsificaci\u00f3n. Tiene una amplia gama de aplicaciones en diversas industrias y se puede personalizar para satisfacer las necesidades espec\u00edficas de los clientes.<\/p>\n<div id=\"attachment_137\" style=\"width: 510px\" class=\"wp-caption alignnone\"><img loading=\"lazy\" decoding=\"async\" aria-describedby=\"caption-attachment-137\" class=\"size-medium wp-image-137\" src=\"https:\/\/www.zhongjiepack.com\/wp-content\/uploads\/2023\/06\/IMG202306151347591-500x500.jpg\" alt=\"pel\u00edcula hologr\u00e1fica para pc\" width=\"500\" height=\"500\" srcset=\"https:\/\/www.zhongjiepack.com\/wp-content\/uploads\/2023\/06\/IMG202306151347591-500x500.jpg 500w, https:\/\/www.zhongjiepack.com\/wp-content\/uploads\/2023\/06\/IMG202306151347591-150x150.jpg 150w, https:\/\/www.zhongjiepack.com\/wp-content\/uploads\/2023\/06\/IMG202306151347591-768x768.jpg 768w, https:\/\/www.zhongjiepack.com\/wp-content\/uploads\/2023\/06\/IMG202306151347591-75x75.jpg 75w, https:\/\/www.zhongjiepack.com\/wp-content\/uploads\/2023\/06\/IMG202306151347591-480x480.jpg 480w, https:\/\/www.zhongjiepack.com\/wp-content\/uploads\/2023\/06\/IMG202306151347591-800x800.jpg 800w, https:\/\/www.zhongjiepack.com\/wp-content\/uploads\/2023\/06\/IMG202306151347591-300x300.jpg 300w, https:\/\/www.zhongjiepack.com\/wp-content\/uploads\/2023\/06\/IMG202306151347591.jpg 1080w\" sizes=\"auto, (max-width:767px) 480px, 500px\" \/><p id=\"caption-attachment-137\" class=\"wp-caption-text\">La pel\u00edcula hologr\u00e1fica para PC es un tipo de material pl\u00e1stico l\u00e1ser iridiscente.<\/p><\/div>","protected":false},"excerpt":{"rendered":"<p>Producto: pel\u00edcula hologr\u00e1fica de pc<\/p>\n<p>Espesor: 80 micras<\/p>\n<p>Ancho: 800 mm<\/p>\n<p>Longitud: 1000 m\/rollo<\/p>\n<p>Uso: bolsa<\/p>","protected":false},"featured_media":137,"comment_status":"open","ping_status":"closed","template":"","meta":{"om_disable_all_campaigns":false,"_monsterinsights_skip_tracking":false,"_monsterinsights_sitenote_active":false,"_monsterinsights_sitenote_note":"","_monsterinsights_sitenote_category":0},"product_brand":[],"product_cat":[18],"product_tag":[39,41,40],"class_list":{"0":"post-136","1":"product","2":"type-product","3":"status-publish","4":"has-post-thumbnail","6":"product_cat-pc-holographic-film","7":"product_tag-pc-holographic-film","8":"product_tag-pc-plastic-holographic-laser-film","9":"product_tag-soft-holographic-pc-pet-film","11":"first","12":"instock","13":"shipping-taxable","14":"product-type-simple"},"aioseo_notices":[],"_links":{"self":[{"href":"https:\/\/www.zhongjiepack.com\/es\/wp-json\/wp\/v2\/product\/136","targetHints":{"allow":["GET"]}}],"collection":[{"href":"https:\/\/www.zhongjiepack.com\/es\/wp-json\/wp\/v2\/product"}],"about":[{"href":"https:\/\/www.zhongjiepack.com\/es\/wp-json\/wp\/v2\/types\/product"}],"replies":[{"embeddable":true,"href":"https:\/\/www.zhongjiepack.com\/es\/wp-json\/wp\/v2\/comments?post=136"}],"wp:featuredmedia":[{"embeddable":true,"href":"https:\/\/www.zhongjiepack.com\/es\/wp-json\/wp\/v2\/media\/137"}],"wp:attachment":[{"href":"https:\/\/www.zhongjiepack.com\/es\/wp-json\/wp\/v2\/media?parent=136"}],"wp:term":[{"taxonomy":"product_brand","embeddable":true,"href":"https:\/\/www.zhongjiepack.com\/es\/wp-json\/wp\/v2\/product_brand?post=136"},{"taxonomy":"product_cat","embeddable":true,"href":"https:\/\/www.zhongjiepack.com\/es\/wp-json\/wp\/v2\/product_cat?post=136"},{"taxonomy":"product_tag","embeddable":true,"href":"https:\/\/www.zhongjiepack.com\/es\/wp-json\/wp\/v2\/product_tag?post=136"}],"curies":[{"name":"wp","href":"https:\/\/api.w.org\/{rel}","templated":true}]}}