{"id":127,"date":"2023-06-26T16:00:58","date_gmt":"2023-06-26T08:00:58","guid":{"rendered":"https:\/\/www.zhongjiepack.com\/?post_type=product&#038;p=127"},"modified":"2023-10-09T09:29:02","modified_gmt":"2023-10-09T01:29:02","slug":"holographic-paper","status":"publish","type":"product","link":"https:\/\/www.zhongjiepack.com\/es\/producto\/papel-holografico\/","title":{"rendered":"papel holografico"},"content":{"rendered":"<div id=\"attachment_128\" style=\"width: 510px\" class=\"wp-caption alignnone\"><img loading=\"lazy\" decoding=\"async\" aria-describedby=\"caption-attachment-128\" class=\"size-medium wp-image-128\" src=\"https:\/\/www.zhongjiepack.com\/wp-content\/uploads\/2023\/06\/holographic-paper-500x500.jpg\" alt=\"\" width=\"500\" height=\"500\" srcset=\"https:\/\/www.zhongjiepack.com\/wp-content\/uploads\/2023\/06\/holographic-paper-500x500.jpg 500w, https:\/\/www.zhongjiepack.com\/wp-content\/uploads\/2023\/06\/holographic-paper-150x150.jpg 150w, https:\/\/www.zhongjiepack.com\/wp-content\/uploads\/2023\/06\/holographic-paper-768x768.jpg 768w, https:\/\/www.zhongjiepack.com\/wp-content\/uploads\/2023\/06\/holographic-paper-75x75.jpg 75w, https:\/\/www.zhongjiepack.com\/wp-content\/uploads\/2023\/06\/holographic-paper-480x480.jpg 480w, https:\/\/www.zhongjiepack.com\/wp-content\/uploads\/2023\/06\/holographic-paper-300x300.jpg 300w, https:\/\/www.zhongjiepack.com\/wp-content\/uploads\/2023\/06\/holographic-paper.jpg 800w\" sizes=\"auto, (max-width:767px) 480px, 500px\" \/><p id=\"caption-attachment-128\" class=\"wp-caption-text\">laminaci\u00f3n y transferencia <a href=\"https:\/\/www.zhongjiepack.com\/es\/producto\/holographic-paper\/\">papel hologr\u00e1fico<\/a><\/p><\/div>\n<p>El papel hologr\u00e1fico para laminaci\u00f3n es un tipo de papel que tiene un dise\u00f1o hologr\u00e1fico y est\u00e1 laminado con una capa protectora para mejorar su durabilidad. El patr\u00f3n hologr\u00e1fico del papel proporciona un efecto visual que dificulta su falsificaci\u00f3n o replicaci\u00f3n.<\/p>\n<p>Aqu\u00ed hay algunos detalles adicionales sobre el papel hologr\u00e1fico laminado:<\/p>\n<p>Material:<br \/>\nLaminaci\u00f3n <a href=\"https:\/\/www.zhongjiepack.com\/es\/producto\/holographic-paper\/\">papel hologr\u00e1fico<\/a> est\u00e1 hecho de papel de alta calidad recubierto con una fina capa de papel de aluminio. La capa de papel de aluminio crea una superficie reflectante que realza el efecto hologr\u00e1fico.<\/p>\n<p>Dise\u00f1o hologr\u00e1fico:<br \/>\nEl dise\u00f1o hologr\u00e1fico en el papel se puede personalizar seg\u00fan los requisitos espec\u00edficos del cliente. El dise\u00f1o puede incluir logotipos, texto, patrones y otros elementos que ayuden a mejorar la seguridad y autenticidad del papel.<\/p>\n<p>Proceso de laminaci\u00f3n:<br \/>\nUna vez impreso el dise\u00f1o hologr\u00e1fico en el papel, se lamina con una capa protectora para mejorar su durabilidad y evitar el desgaste. El proceso de laminaci\u00f3n crea una fuerte uni\u00f3n entre el papel y la capa protectora, asegurando que el dise\u00f1o hologr\u00e1fico permanezca intacto.<\/p>\n<p>Aplicaciones:<br \/>\n<a href=\"https:\/\/www.zhongjiepack.com\/es\/producto\/holographic-paper\/\">Papel hologr\u00e1fico de laminaci\u00f3n<\/a> se utiliza com\u00fanmente en diversas industrias donde la autenticidad y la seguridad son fundamentales, como el embalaje, el etiquetado y la impresi\u00f3n. A menudo se utiliza para productos que requieren altos niveles de protecci\u00f3n contra la falsificaci\u00f3n, como billetes, pasaportes y documentos de identidad.<\/p>\n<p>Embalaje:<br \/>\nEl papel hologr\u00e1fico laminado normalmente se suministra en hojas o rollos y se puede imprimir con texto o logotipos personalizados.<\/p>\n<p>En general, el papel hologr\u00e1fico laminado es una forma confiable y rentable de mejorar la seguridad y autenticidad de diversos productos. Su uso ayuda a prevenir la falsificaci\u00f3n y el fraude, lo que la convierte en una herramienta esencial para muchas industrias.<\/p>\n<div id=\"attachment_183\" style=\"width: 510px\" class=\"wp-caption alignnone\"><img loading=\"lazy\" decoding=\"async\" aria-describedby=\"caption-attachment-183\" class=\"size-medium wp-image-183\" src=\"https:\/\/www.zhongjiepack.com\/wp-content\/uploads\/2023\/06\/transfer-hologram-paper-500x500.jpg\" alt=\"transferir papel de holograma l\u00e1ser\" width=\"500\" height=\"500\" srcset=\"https:\/\/www.zhongjiepack.com\/wp-content\/uploads\/2023\/06\/transfer-hologram-paper-500x500.jpg 500w, https:\/\/www.zhongjiepack.com\/wp-content\/uploads\/2023\/06\/transfer-hologram-paper-150x150.jpg 150w, https:\/\/www.zhongjiepack.com\/wp-content\/uploads\/2023\/06\/transfer-hologram-paper-768x768.jpg 768w, https:\/\/www.zhongjiepack.com\/wp-content\/uploads\/2023\/06\/transfer-hologram-paper-75x75.jpg 75w, https:\/\/www.zhongjiepack.com\/wp-content\/uploads\/2023\/06\/transfer-hologram-paper-480x480.jpg 480w, https:\/\/www.zhongjiepack.com\/wp-content\/uploads\/2023\/06\/transfer-hologram-paper-300x300.jpg 300w, https:\/\/www.zhongjiepack.com\/wp-content\/uploads\/2023\/06\/transfer-hologram-paper.jpg 800w\" sizes=\"auto, (max-width:767px) 480px, 500px\" \/><p id=\"caption-attachment-183\" class=\"wp-caption-text\">transferir papel de holograma l\u00e1ser<\/p><\/div>\n<div id=\"attachment_185\" style=\"width: 510px\" class=\"wp-caption alignnone\"><img loading=\"lazy\" decoding=\"async\" aria-describedby=\"caption-attachment-185\" class=\"size-medium wp-image-185\" src=\"https:\/\/www.zhongjiepack.com\/wp-content\/uploads\/2023\/06\/printable-lamination-pet-hologram-paper-foil-500x500.jpg\" alt=\"L\u00e1mina de papel holograma para mascotas laminada imprimible\" width=\"500\" height=\"500\" srcset=\"https:\/\/www.zhongjiepack.com\/wp-content\/uploads\/2023\/06\/printable-lamination-pet-hologram-paper-foil-500x500.jpg 500w, https:\/\/www.zhongjiepack.com\/wp-content\/uploads\/2023\/06\/printable-lamination-pet-hologram-paper-foil-150x150.jpg 150w, https:\/\/www.zhongjiepack.com\/wp-content\/uploads\/2023\/06\/printable-lamination-pet-hologram-paper-foil-768x768.jpg 768w, https:\/\/www.zhongjiepack.com\/wp-content\/uploads\/2023\/06\/printable-lamination-pet-hologram-paper-foil-75x75.jpg 75w, https:\/\/www.zhongjiepack.com\/wp-content\/uploads\/2023\/06\/printable-lamination-pet-hologram-paper-foil-480x480.jpg 480w, https:\/\/www.zhongjiepack.com\/wp-content\/uploads\/2023\/06\/printable-lamination-pet-hologram-paper-foil-300x300.jpg 300w, https:\/\/www.zhongjiepack.com\/wp-content\/uploads\/2023\/06\/printable-lamination-pet-hologram-paper-foil.jpg 800w\" sizes=\"auto, (max-width:767px) 480px, 500px\" \/><p id=\"caption-attachment-185\" class=\"wp-caption-text\">L\u00e1mina de papel hologr\u00e1fica para mascotas, laminaci\u00f3n imprimible, laminaci\u00f3n de pel\u00edcula hologr\u00e1fica para mascotas con papel<\/p><\/div>\n<p>\u00bfQu\u00e9 es el papel hologr\u00e1fico?<br \/>\nUna hoja o rollo de papel hecho de papel al que se le imprime o graba un dise\u00f1o o imagen y luego se cubre con una fina pel\u00edcula hologr\u00e1fica de metal se conoce como &quot;papel hologr\u00e1fico&quot;. La hoja terminada tiene un brillo caracter\u00edstico (una especie de iridiscencia de arco iris) cuando el patr\u00f3n impreso se ve desde perspectivas particulares. Se puede utilizar para varias aplicaciones en una variedad de proyectos de impresi\u00f3n para crear efectos llamativos y visualmente impresionantes.<\/p>\n<div id=\"attachment_199\" style=\"width: 510px\" class=\"wp-caption alignnone\"><img loading=\"lazy\" decoding=\"async\" aria-describedby=\"caption-attachment-199\" class=\"size-medium wp-image-199\" src=\"https:\/\/www.zhongjiepack.com\/wp-content\/uploads\/2023\/06\/transfer-holographic-laser-paper-500x500.jpg\" alt=\"transferir papel l\u00e1ser hologr\u00e1fico\" width=\"500\" height=\"500\" srcset=\"https:\/\/www.zhongjiepack.com\/wp-content\/uploads\/2023\/06\/transfer-holographic-laser-paper-500x500.jpg 500w, https:\/\/www.zhongjiepack.com\/wp-content\/uploads\/2023\/06\/transfer-holographic-laser-paper-150x150.jpg 150w, https:\/\/www.zhongjiepack.com\/wp-content\/uploads\/2023\/06\/transfer-holographic-laser-paper-768x768.jpg 768w, https:\/\/www.zhongjiepack.com\/wp-content\/uploads\/2023\/06\/transfer-holographic-laser-paper-75x75.jpg 75w, https:\/\/www.zhongjiepack.com\/wp-content\/uploads\/2023\/06\/transfer-holographic-laser-paper-480x480.jpg 480w, https:\/\/www.zhongjiepack.com\/wp-content\/uploads\/2023\/06\/transfer-holographic-laser-paper-800x800.jpg 800w, https:\/\/www.zhongjiepack.com\/wp-content\/uploads\/2023\/06\/transfer-holographic-laser-paper-300x300.jpg 300w, https:\/\/www.zhongjiepack.com\/wp-content\/uploads\/2023\/06\/transfer-holographic-laser-paper.jpg 1080w\" sizes=\"auto, (max-width:767px) 480px, 500px\" \/><p id=\"caption-attachment-199\" class=\"wp-caption-text\">transferir papel l\u00e1ser hologr\u00e1fico<\/p><\/div>\n<p>Si bien la superficie lisa y reflectante del papel hologr\u00e1fico significa que no es adecuado para la impresi\u00f3n offset est\u00e1ndar, a\u00fan se puede lograr la sobreimpresi\u00f3n con otras t\u00e9cnicas. Por ejemplo, aqu\u00ed en Zhejiang Zhongjie Packaging Material Co., Ltd, podemos realizar impresiones de papel hologr\u00e1fico con m\u00e1quinas de impresi\u00f3n UV offset de hoja de \u00faltima generaci\u00f3n. Para que este servicio sea lo m\u00e1s accesible posible, hemos establecido nuestra cantidad m\u00ednima de pedido en 100 unidades por ejecuci\u00f3n, un nivel competitivo bajo. Pero recuerde que cuantas m\u00e1s impresiones solicite a la vez, menor ser\u00e1 el costo por unidad.<br \/>\nM\u00e9todos de impresi\u00f3n de papel hologr\u00e1fico<br \/>\nLa mejor forma de imprimir papel hologr\u00e1fico es utilizando uno de los siguientes m\u00e9todos. Cu\u00e1l es el m\u00e1s apropiado para su proyecto depender\u00e1 de varios otros factores, incluido su presupuesto, cu\u00e1ntas p\u00e1ginas necesita imprimir y la naturaleza general de su producto. La impresi\u00f3n UV es la soluci\u00f3n m\u00e1s com\u00fan, efectiva y r\u00e1pida para una variedad de necesidades de impresi\u00f3n hologr\u00e1fica, pero contamos con las instalaciones y las habilidades para llevar a cabo todas las t\u00e9cnicas siguientes, \u00a1y lo hacemos con frecuencia!<br \/>\nImpresi\u00f3n UV sobre papel hologr\u00e1fico<br \/>\nEl papel hologr\u00e1fico no absorbe bien la tinta est\u00e1ndar. Por ese motivo utilizamos la impresi\u00f3n UV, ya que es una mejor soluci\u00f3n para imprimir en papel hologr\u00e1fico. En la mayor\u00eda de los casos, antes de imprimir cualquier dise\u00f1o o imagen en papel hologr\u00e1fico, primero imprimimos el \u00e1rea con tinta blanca. Luego imprimimos otros colores sobre la base blanca aplicada al papel hologr\u00e1fico. La impresi\u00f3n UV permite que la tinta se seque r\u00e1pidamente despu\u00e9s de la impresi\u00f3n mediante exposici\u00f3n a la luz ultravioleta. Como el papel hologr\u00e1fico se raya f\u00e1cilmente, tambi\u00e9n puedes elegir un revestimiento especial para la superficie para mayor protecci\u00f3n, aunque el revestimiento atenuar\u00e1 ligeramente el efecto hologr\u00e1fico. Alternativamente, podemos laminar la superficie, lo que la protege sin perder nada del efecto hologr\u00e1fico.<br \/>\nPor lo tanto, el proceso fundamental de impresi\u00f3n en papel hologr\u00e1fico es similar a la impresi\u00f3n offset est\u00e1ndar, excepto que primero imprimimos una capa blanca antes de volver a imprimir con las tintas fotorreactivas de colores, y luego el dise\u00f1o final se seca r\u00e1pidamente bajo luz ultravioleta. Los colores ser\u00e1n un poco diferentes impresos de esta manera en papel hologr\u00e1fico en comparaci\u00f3n con la impresi\u00f3n est\u00e1ndar en papel est\u00e1ndar.<br \/>\nImpresi\u00f3n de seda sobre papel hologr\u00e1fico<br \/>\nLa serigraf\u00eda es otra opci\u00f3n fant\u00e1stica cuando se utiliza papel hologr\u00e1fico, especialmente si las im\u00e1genes o el texto son muy grandes. Con esta t\u00e9cnica, las tintas se aplican al papel a trav\u00e9s de una serigraf\u00eda que tiene un dise\u00f1o estarcido incrustado en su interior. Debido a que requiere m\u00e1s configuraci\u00f3n y administraci\u00f3n manual que la impresi\u00f3n offset o la impresi\u00f3n UV, es m\u00e1s costosa, pero produce resultados excelentes y de alta calidad. Sin embargo, no lo recomendamos para tiradas grandes porque lleva mucho tiempo y es muy caro en comparaci\u00f3n con otros m\u00e9todos.<br \/>\nEstampado de l\u00e1mina sobre papel hologr\u00e1fico<br \/>\nSu <a href=\"http:\/\/www.zhongjiepack.com\/es\/\">papel hologr\u00e1fico<\/a> Se puede hacer m\u00e1s sofisticado utilizando la t\u00e9cnica de impresi\u00f3n conocida como estampado en caliente, a veces tambi\u00e9n denominada impresi\u00f3n en l\u00e1mina met\u00e1lica. Para crear estampados con papel de aluminio, utilizamos un m\u00e9todo de impresi\u00f3n \u00fanico que adhiere una fina capa de papel de aluminio a un sustrato de papel mediante el uso de moldes de metal o resina llamados &quot;troqueles&quot;, calor y presi\u00f3n. Este m\u00e9todo est\u00e1 especialmente dise\u00f1ado para producir una superficie texturizada en relieve con un brillo dorado, plateado, cobre o bronce, o combinado con pigmentos especiales para crear otros colores en superficies mate y brillantes.<\/p>\n<div id=\"attachment_196\" style=\"width: 510px\" class=\"wp-caption alignnone\"><img loading=\"lazy\" decoding=\"async\" aria-describedby=\"caption-attachment-196\" class=\"size-medium wp-image-196\" src=\"https:\/\/www.zhongjiepack.com\/wp-content\/uploads\/2023\/06\/seamless-transfer-holographic-paper-500x500.jpg\" alt=\"papel hologr\u00e1fico de transferencia perfecta\" width=\"500\" height=\"500\" srcset=\"https:\/\/www.zhongjiepack.com\/wp-content\/uploads\/2023\/06\/seamless-transfer-holographic-paper-500x500.jpg 500w, https:\/\/www.zhongjiepack.com\/wp-content\/uploads\/2023\/06\/seamless-transfer-holographic-paper-150x150.jpg 150w, https:\/\/www.zhongjiepack.com\/wp-content\/uploads\/2023\/06\/seamless-transfer-holographic-paper-768x768.jpg 768w, https:\/\/www.zhongjiepack.com\/wp-content\/uploads\/2023\/06\/seamless-transfer-holographic-paper-75x75.jpg 75w, https:\/\/www.zhongjiepack.com\/wp-content\/uploads\/2023\/06\/seamless-transfer-holographic-paper-480x480.jpg 480w, https:\/\/www.zhongjiepack.com\/wp-content\/uploads\/2023\/06\/seamless-transfer-holographic-paper-800x800.jpg 800w, https:\/\/www.zhongjiepack.com\/wp-content\/uploads\/2023\/06\/seamless-transfer-holographic-paper-300x300.jpg 300w, https:\/\/www.zhongjiepack.com\/wp-content\/uploads\/2023\/06\/seamless-transfer-holographic-paper.jpg 1080w\" sizes=\"auto, (max-width:767px) 480px, 500px\" \/><p id=\"caption-attachment-196\" class=\"wp-caption-text\">papel hologr\u00e1fico de transferencia perfecta<\/p><\/div>\n<p>Impresi\u00f3n UV + estampado en l\u00e1mina dorada sobre papel hologr\u00e1fico.<br \/>\nLas ventajas del papel hologr\u00e1fico<br \/>\nPor varias razones, puede optar por incorporar papel hologr\u00e1fico en el dise\u00f1o de productos impresos, ya sea la portada de un libro, una caja impresa personalizada, cartas para un juego de mesa o cualquier otra cosa. Estas son algunas de las ventajas del papel hologr\u00e1fico:<br \/>\n\u2022 Es un papel relativamente econ\u00f3mico en comparaci\u00f3n con el alto impacto visual que crea.<br \/>\n\u2022 Como material de revestimiento, tambi\u00e9n es muy robusto y resistente a raspaduras y rayones una vez revestido o laminado<br \/>\n\u2022 Si se incorpora correctamente a su dise\u00f1o, puede darle a su producto una apariencia y sensaci\u00f3n de lujo.<br \/>\n\u2022 Se puede combinar eficazmente con una variedad de otras tarjetas y papeles.<br \/>\nPero, \u00bfpara qu\u00e9 tipo de productos le gustar\u00eda utilizar papel hologr\u00e1fico? \u00a1Buena pregunta! veamos la respuesta a eso a continuaci\u00f3n.<br \/>\nProductos de impresi\u00f3n de papel hologr\u00e1fico<br \/>\nQuiz\u00e1s le sorprenda la gama de productos que pueden integrar con \u00e9xito el papel hologr\u00e1fico en su dise\u00f1o, tanto desde una perspectiva estructural como est\u00e9tica. Estas son algunas de las solicitudes m\u00e1s comunes que recibimos de los clientes sobre productos de papel hologr\u00e1fico. \u00a1Pero el \u00fanico l\u00edmite es tu imaginaci\u00f3n!<br \/>\n\u2022 Cajas hologr\u00e1ficas: los art\u00edculos de embalaje personalizados, incluidas cajas de papel r\u00edgidas, cajas de papel plegables, cajas plegables y cajas para venta minorista y de regalo de cualquier tipo, pueden utilizar papel hologr\u00e1fico.<br \/>\n\u2022 Tarjetas hologr\u00e1ficas: puede utilizar papel hologr\u00e1fico para darle vida a tarjetas de felicitaci\u00f3n, naipes, tarjetas de juegos de mesa, tarjetas did\u00e1cticas e incluso tarjetas de visita.<br \/>\n\u2022 Calcoman\u00edas hologr\u00e1ficas: puede incluir calcoman\u00edas en juegos, regalarlas como premios y obsequios en productos infantiles, cajas de cereales, dulces, revistas y c\u00f3mics, o incorporarlas en etiquetas o empaques de productos personalizados. Tambi\u00e9n se venden bien en l\u00ednea como hojas A4 con pegatinas &quot;cortadas&quot; para que sean f\u00e1ciles de quitar.<br \/>\n\u2022 Carteles hologr\u00e1ficos: los carteles pueden tener un impacto visual considerable. Pero hazlos con papel hologr\u00e1fico, o incluye papel hologr\u00e1fico en su dise\u00f1o, y realmente podr\u00e1s generar un efecto realmente llamativo.<br \/>\n\u2022 Portadas de libros hologr\u00e1ficas. S\u00ed, \u00a1incluso puedes usar papel hologr\u00e1fico en las portadas de libros! Resulta especialmente convincente, por ejemplo, en libros de ciencia ficci\u00f3n, libros para ni\u00f1os, libros de tecnolog\u00eda y libros de fotograf\u00eda.<br \/>\n\u2022 Papel hologr\u00e1fico para envolver regalos: \u00bfqu\u00e9 tenemos que decir? \u00bfA qui\u00e9n no le encantar\u00eda un regalo envuelto en papel brillante e iridiscente?<br \/>\nPero no dejes que esta lista te limite. Es s\u00f3lo un ejemplo de los usos m\u00e1s comunes de la impresi\u00f3n en papel hologr\u00e1fico. Si tienes algo m\u00e1s en mente, habla con nosotros. Nos encantan los desaf\u00edos creativos. Si se puede hacer, \u00a1lo haremos!<br \/>\nAcabados Especiales para Impresi\u00f3n en Papel Hologr\u00e1fico<br \/>\nAdem\u00e1s de sus cualidades inherentes y la posibilidad de imprimir sobre \u00e9l, el papel hologr\u00e1fico tambi\u00e9n se presta a varios procesos de acabado especiales que son \u00fatiles cuando se dise\u00f1an soluciones de embalaje personalizadas, juegos de mesa personalizados y otros productos de alta gama.<br \/>\nLaminaci\u00f3n antirrayas: se trata de una cubierta de una pel\u00edcula pl\u00e1stica BOPP (polipropileno biaxialmente orientado) que protege la superficie contra rayones y raspaduras.<br \/>\nRecubrimiento especial: se puede aplicar tanto recubrimiento UV como laminaci\u00f3n brillante a la superficie del papel hologr\u00e1fico. Estos recubrimientos mejoran a\u00fan m\u00e1s el efecto hologr\u00e1fico, creando una apariencia casi &quot;3D&quot;.<br \/>\nEstampado en l\u00e1mina: agregar un dise\u00f1o o texto en una l\u00e1mina met\u00e1lica o tintas met\u00e1licas como una poderosa combinaci\u00f3n con el papel hologr\u00e1fico.<br \/>\nEstampado: el relieve eleva la superficie del papel como obra de arte, texto o ambos y se puede combinar con estampado de papel de aluminio para lograr un efecto sorprendente.<br \/>\nGrabado: el grabado es como el estampado, pero a la inversa; presiona un dise\u00f1o en el papel.<\/p>\n<div id=\"attachment_197\" style=\"width: 510px\" class=\"wp-caption alignnone\"><img loading=\"lazy\" decoding=\"async\" aria-describedby=\"caption-attachment-197\" class=\"size-medium wp-image-197\" src=\"https:\/\/www.zhongjiepack.com\/wp-content\/uploads\/2023\/06\/rainbow-hologram-laser-paper-500x500.jpg\" alt=\"papel l\u00e1ser holograma arcoiris\" width=\"500\" height=\"500\" srcset=\"https:\/\/www.zhongjiepack.com\/wp-content\/uploads\/2023\/06\/rainbow-hologram-laser-paper-500x500.jpg 500w, https:\/\/www.zhongjiepack.com\/wp-content\/uploads\/2023\/06\/rainbow-hologram-laser-paper-150x150.jpg 150w, https:\/\/www.zhongjiepack.com\/wp-content\/uploads\/2023\/06\/rainbow-hologram-laser-paper-768x768.jpg 768w, https:\/\/www.zhongjiepack.com\/wp-content\/uploads\/2023\/06\/rainbow-hologram-laser-paper-75x75.jpg 75w, https:\/\/www.zhongjiepack.com\/wp-content\/uploads\/2023\/06\/rainbow-hologram-laser-paper-480x480.jpg 480w, https:\/\/www.zhongjiepack.com\/wp-content\/uploads\/2023\/06\/rainbow-hologram-laser-paper-800x800.jpg 800w, https:\/\/www.zhongjiepack.com\/wp-content\/uploads\/2023\/06\/rainbow-hologram-laser-paper-300x300.jpg 300w, https:\/\/www.zhongjiepack.com\/wp-content\/uploads\/2023\/06\/rainbow-hologram-laser-paper.jpg 1080w\" sizes=\"auto, (max-width:767px) 480px, 500px\" \/><p id=\"caption-attachment-197\" class=\"wp-caption-text\">papel l\u00e1ser holograma arcoiris<\/p><\/div>\n<p><a href=\"http:\/\/www.zhongjiepack.com\/es\/\">tablero holografico<\/a> El stock puede mejorar el empaque, la publicidad y las exhibiciones de sus productos con gr\u00e1ficos distintivos y llamativos.<br \/>\n\u2022 Mejorar el atractivo en las estanter\u00edas<br \/>\n\u2022 Aumentar la conciencia del consumidor<br \/>\n\u2022 Incrementar las ventas de productos<br \/>\nEl cart\u00f3n hologr\u00e1fico se utiliza normalmente para se\u00f1alizaci\u00f3n en puntos de venta, tarjetas bl\u00edster, tarjetas de correo directo, cajas plegables, etc.<br \/>\nNuestras l\u00e1minas hologr\u00e1ficas son compatibles con estos procesos de impresi\u00f3n:<br \/>\n\u2022 Alimentaci\u00f3n de hojas offset<br \/>\n\u2022 Alimentado por hojas con pantalla<br \/>\n\u2022 HP Digital Sheet-Fed (s\u00f3lo prensas series 5500\/10000\/12000)<br \/>\nNuestras l\u00e1minas hologr\u00e1ficas NO son compatibles con la impresi\u00f3n por chorro de tinta o l\u00e1ser.<br \/>\nNovaVision distribuye cartulina hologr\u00e1fica a impresores comerciales, que imprimen las hojas hologr\u00e1ficas de forma personalizada con tintas opacas y transl\u00facidas.<br \/>\nLos patrones de hologramas en existencia est\u00e1n disponibles para proyectos de entrega r\u00e1pida y est\u00e1n listos para enviarse en 2 d\u00edas.<br \/>\nDisponemos de los 4 m\u00e1s populares. <a href=\"http:\/\/www.zhongjiepack.com\/es\/\">patrones hologr\u00e1ficos<\/a>:<br \/>\n\u2022 Arco\u00edris<br \/>\n\u2022 Pilares de luz<br \/>\n\u2022 Muchos puntos<br \/>\n\u2022 lava<br \/>\nLos tama\u00f1os originales (en pulgadas) son 28\u00d740 y 13\u00d719. Si se requieren hojas de menor tama\u00f1o para un proyecto de tirada corta, los impresores pueden recortar las hojas para adaptarlas a su equipo.<br \/>\nSi el producto est\u00e1 designado como C2S, la parte posterior est\u00e1 recubierta de arcilla, lo que proporciona una mejor calidad de la impresi\u00f3n posterior. Si es C1S, la parte trasera tiene un acabado litogr\u00e1fico est\u00e1ndar. Nuestro material de tablero hologr\u00e1fico NO tiene respaldo adhesivo.<br \/>\nPara quienes imprimen por primera vez, recomendamos probar el proceso de algunas hojas hologr\u00e1ficas antes de imprimir un proyecto grande. Nuestros productos en stock est\u00e1n disponibles en cajas de 100 hojas. Seleccione una hoja comparable en material, construcci\u00f3n y calibre e imprima estas hojas al final de otro proyecto. Comun\u00edquese con su proveedor de tinta con anticipaci\u00f3n y solicite recomendaciones.<br \/>\nPara cantidades de lotes impares, haga clic en el desplazamiento hacia abajo &quot;Muestras de hojas&quot;.<br \/>\nMuestras de hojas<br \/>\nInstrucciones de manejo recomendadas<br \/>\nMuestras de productos terminados<br \/>\nAprende m\u00e1s<br \/>\nUso previsto de hologramas<br \/>\n\u00bfPor qu\u00e9 elegir el papel holograma Zhongjiepack?<\/p>\n<p>Zhongjiepack suministra papel hologr\u00e1fico de transferencia para mascotas y cart\u00f3n hologr\u00e1fico de laminaci\u00f3n bopp de buena calidad.<\/p>\n<div id=\"attachment_198\" style=\"width: 510px\" class=\"wp-caption alignnone\"><img loading=\"lazy\" decoding=\"async\" aria-describedby=\"caption-attachment-198\" class=\"size-medium wp-image-198\" src=\"https:\/\/www.zhongjiepack.com\/wp-content\/uploads\/2023\/06\/pet-multi-lens-film-holographic-paper-500x500.jpg\" alt=\"Papel hologr\u00e1fico de pel\u00edcula de lentes m\u00faltiples para mascotas\" width=\"500\" height=\"500\" srcset=\"https:\/\/www.zhongjiepack.com\/wp-content\/uploads\/2023\/06\/pet-multi-lens-film-holographic-paper-500x500.jpg 500w, https:\/\/www.zhongjiepack.com\/wp-content\/uploads\/2023\/06\/pet-multi-lens-film-holographic-paper-150x150.jpg 150w, https:\/\/www.zhongjiepack.com\/wp-content\/uploads\/2023\/06\/pet-multi-lens-film-holographic-paper-768x768.jpg 768w, https:\/\/www.zhongjiepack.com\/wp-content\/uploads\/2023\/06\/pet-multi-lens-film-holographic-paper-75x75.jpg 75w, https:\/\/www.zhongjiepack.com\/wp-content\/uploads\/2023\/06\/pet-multi-lens-film-holographic-paper-480x480.jpg 480w, https:\/\/www.zhongjiepack.com\/wp-content\/uploads\/2023\/06\/pet-multi-lens-film-holographic-paper-800x800.jpg 800w, https:\/\/www.zhongjiepack.com\/wp-content\/uploads\/2023\/06\/pet-multi-lens-film-holographic-paper-300x300.jpg 300w, https:\/\/www.zhongjiepack.com\/wp-content\/uploads\/2023\/06\/pet-multi-lens-film-holographic-paper.jpg 1080w\" sizes=\"auto, (max-width:767px) 480px, 500px\" \/><p id=\"caption-attachment-198\" class=\"wp-caption-text\">Papel hologr\u00e1fico de pel\u00edcula de lentes m\u00faltiples para mascotas<\/p><\/div>","protected":false},"excerpt":{"rendered":"<p>Producto: papel holograma laminado<\/p>\n<p>Grosor: 300 g\/m\u00b2.<\/p>\n<p>Pedido m\u00ednimo: 30.000\u33a1<\/p>","protected":false},"featured_media":128,"comment_status":"open","ping_status":"closed","template":"","meta":{"om_disable_all_campaigns":false,"_monsterinsights_skip_tracking":false,"_monsterinsights_sitenote_active":false,"_monsterinsights_sitenote_note":"","_monsterinsights_sitenote_category":0},"product_brand":[],"product_cat":[21],"product_tag":[35,37,38,36],"class_list":{"0":"post-127","1":"product","2":"type-product","3":"status-publish","4":"has-post-thumbnail","6":"product_cat-holographic-paper","7":"product_tag-lamination-holographic-paper","8":"product_tag-laser-hologram-paperboard","9":"product_tag-seamless-hologram-paperboard","10":"product_tag-transfer-hologram-paper","12":"first","13":"instock","14":"shipping-taxable","15":"product-type-simple"},"aioseo_notices":[],"_links":{"self":[{"href":"https:\/\/www.zhongjiepack.com\/es\/wp-json\/wp\/v2\/product\/127","targetHints":{"allow":["GET"]}}],"collection":[{"href":"https:\/\/www.zhongjiepack.com\/es\/wp-json\/wp\/v2\/product"}],"about":[{"href":"https:\/\/www.zhongjiepack.com\/es\/wp-json\/wp\/v2\/types\/product"}],"replies":[{"embeddable":true,"href":"https:\/\/www.zhongjiepack.com\/es\/wp-json\/wp\/v2\/comments?post=127"}],"wp:featuredmedia":[{"embeddable":true,"href":"https:\/\/www.zhongjiepack.com\/es\/wp-json\/wp\/v2\/media\/128"}],"wp:attachment":[{"href":"https:\/\/www.zhongjiepack.com\/es\/wp-json\/wp\/v2\/media?parent=127"}],"wp:term":[{"taxonomy":"product_brand","embeddable":true,"href":"https:\/\/www.zhongjiepack.com\/es\/wp-json\/wp\/v2\/product_brand?post=127"},{"taxonomy":"product_cat","embeddable":true,"href":"https:\/\/www.zhongjiepack.com\/es\/wp-json\/wp\/v2\/product_cat?post=127"},{"taxonomy":"product_tag","embeddable":true,"href":"https:\/\/www.zhongjiepack.com\/es\/wp-json\/wp\/v2\/product_tag?post=127"}],"curies":[{"name":"wp","href":"https:\/\/api.w.org\/{rel}","templated":true}]}}