{"id":125,"date":"2023-06-26T15:09:43","date_gmt":"2023-06-26T07:09:43","guid":{"rendered":"https:\/\/www.zhongjiepack.com\/?post_type=product&#038;p=125"},"modified":"2023-08-15T15:18:23","modified_gmt":"2023-08-15T07:18:23","slug":"pvc-holographic-film","status":"publish","type":"product","link":"https:\/\/www.zhongjiepack.com\/es\/producto\/pelicula-holografica-de-pvc\/","title":{"rendered":"pel\u00edcula hologr\u00e1fica de pvc"},"content":{"rendered":"<div id=\"attachment_126\" style=\"width: 510px\" class=\"wp-caption alignnone\"><img loading=\"lazy\" decoding=\"async\" aria-describedby=\"caption-attachment-126\" class=\"size-medium wp-image-126\" src=\"https:\/\/www.zhongjiepack.com\/wp-content\/uploads\/2023\/06\/pvc-holographic-film-500x500.jpg\" alt=\"\" width=\"500\" height=\"500\" srcset=\"https:\/\/www.zhongjiepack.com\/wp-content\/uploads\/2023\/06\/pvc-holographic-film-500x500.jpg 500w, https:\/\/www.zhongjiepack.com\/wp-content\/uploads\/2023\/06\/pvc-holographic-film-150x150.jpg 150w, https:\/\/www.zhongjiepack.com\/wp-content\/uploads\/2023\/06\/pvc-holographic-film-768x768.jpg 768w, https:\/\/www.zhongjiepack.com\/wp-content\/uploads\/2023\/06\/pvc-holographic-film-75x75.jpg 75w, https:\/\/www.zhongjiepack.com\/wp-content\/uploads\/2023\/06\/pvc-holographic-film-480x480.jpg 480w, https:\/\/www.zhongjiepack.com\/wp-content\/uploads\/2023\/06\/pvc-holographic-film-300x300.jpg 300w, https:\/\/www.zhongjiepack.com\/wp-content\/uploads\/2023\/06\/pvc-holographic-film.jpg 800w\" sizes=\"auto, (max-width:767px) 480px, 500px\" \/><p id=\"caption-attachment-126\" class=\"wp-caption-text\">pel\u00edcula hologr\u00e1fica de pvc<\/p><\/div>\n<p>La pel\u00edcula hologr\u00e1fica de PVC es un tipo de material de embalaje que tiene una apariencia reflectante y multicolor y se usa com\u00fanmente con fines decorativos. A continuaci\u00f3n se ofrece informaci\u00f3n detallada sobre su espesor, uso, m\u00e9todos de producci\u00f3n, control de calidad y ancho m\u00e1ximo de 1090 mm o 1300 mm:<br \/>\n1. Espesor: Pel\u00edcula hologr\u00e1fica de PVC que generalmente tiene un espesor de 50 micras. Sin embargo, el espesor se puede ajustar seg\u00fan los requisitos espec\u00edficos.<br \/>\n2. Uso: La pel\u00edcula hologr\u00e1fica de PVC tiene una amplia gama de aplicaciones, que incluyen envoltura de regalos, laminaci\u00f3n, pel\u00edculas decorativas, etiquetas y otras soluciones de embalaje. Tambi\u00e9n se puede utilizar con fines de seguridad, como etiquetas antifalsificaci\u00f3n y etiquetas de autenticaci\u00f3n.<br \/>\n3. C\u00f3mo producir: El proceso de producci\u00f3n de pel\u00edcula hologr\u00e1fica de PVC suele implicar los siguientes pasos:<br \/>\na. Preparaci\u00f3n de gr\u00e1nulos de PVC: Los gr\u00e1nulos de PVC se funden y se extruyen en l\u00e1minas de pel\u00edcula.<br \/>\nb. Recubrimiento con aluminio: La pel\u00edcula de PVC se recubre con una fina capa de aluminio mediante un proceso de deposici\u00f3n f\u00edsica de vapor (PVD).<br \/>\nC. Estampado: la pel\u00edcula de PVC recubierta de aluminio pasa a trav\u00e9s de una m\u00e1quina de estampado que crea el patr\u00f3n hologr\u00e1fico.<br \/>\nd. Laminado: Luego, la pel\u00edcula de PVC en relieve se lamina con una capa protectora para mejorar su durabilidad, resistencia a los rayones y efectos visuales.<br \/>\n4. Control de calidad: El control de calidad es esencial en la producci\u00f3n de pel\u00edculas hologr\u00e1ficas de PVC de alta calidad. El producto debe someterse a pruebas rigurosas para garantizar que cumple con las especificaciones requeridas en cuanto a espesor, color y otras caracter\u00edsticas. Algunas de las pruebas realizadas incluyen adherencia, resistencia a la tracci\u00f3n y opacidad.<br \/>\n5. Ancho m\u00e1ximo: El ancho m\u00e1ximo de la pel\u00edcula hologr\u00e1fica de PVC suele rondar los 1,3 metros, aunque puede variar seg\u00fan el fabricante.<br \/>\nEn general, la pel\u00edcula hologr\u00e1fica de PVC es un material de embalaje vers\u00e1til y atractivo que puede a\u00f1adir valor a una amplia gama de productos. Su producci\u00f3n requiere tecnolog\u00eda avanzada y control de calidad, pero el resultado final es un producto \u00fanico y llamativo que puede mejorar el atractivo visual de cualquier paquete.<\/p>\n<div id=\"attachment_167\" style=\"width: 510px\" class=\"wp-caption alignnone\"><img loading=\"lazy\" decoding=\"async\" aria-describedby=\"caption-attachment-167\" class=\"size-medium wp-image-167\" src=\"https:\/\/www.zhongjiepack.com\/wp-content\/uploads\/2023\/06\/pvc-holographic-film-1-500x500.jpg\" alt=\"pel\u00edcula hologr\u00e1fica de pvc\" width=\"500\" height=\"500\" srcset=\"https:\/\/www.zhongjiepack.com\/wp-content\/uploads\/2023\/06\/pvc-holographic-film-1-500x500.jpg 500w, https:\/\/www.zhongjiepack.com\/wp-content\/uploads\/2023\/06\/pvc-holographic-film-1-150x150.jpg 150w, https:\/\/www.zhongjiepack.com\/wp-content\/uploads\/2023\/06\/pvc-holographic-film-1-768x768.jpg 768w, https:\/\/www.zhongjiepack.com\/wp-content\/uploads\/2023\/06\/pvc-holographic-film-1-75x75.jpg 75w, https:\/\/www.zhongjiepack.com\/wp-content\/uploads\/2023\/06\/pvc-holographic-film-1-480x480.jpg 480w, https:\/\/www.zhongjiepack.com\/wp-content\/uploads\/2023\/06\/pvc-holographic-film-1-800x800.jpg 800w, https:\/\/www.zhongjiepack.com\/wp-content\/uploads\/2023\/06\/pvc-holographic-film-1-300x300.jpg 300w, https:\/\/www.zhongjiepack.com\/wp-content\/uploads\/2023\/06\/pvc-holographic-film-1.jpg 1080w\" sizes=\"auto, (max-width:767px) 480px, 500px\" \/><p id=\"caption-attachment-167\" class=\"wp-caption-text\">pel\u00edcula hologr\u00e1fica de pvc sin costuras<\/p><\/div>\n<div id=\"attachment_186\" style=\"width: 510px\" class=\"wp-caption alignnone\"><img loading=\"lazy\" decoding=\"async\" aria-describedby=\"caption-attachment-186\" class=\"size-medium wp-image-186\" src=\"https:\/\/www.zhongjiepack.com\/wp-content\/uploads\/2023\/06\/zinc-zns-transparent-metalized-pvc-hologram-film-foil-500x500.jpg\" alt=\"L\u00e1mina de pel\u00edcula de holograma de pvc metalizado transparente zinc zns\" width=\"500\" height=\"500\" srcset=\"https:\/\/www.zhongjiepack.com\/wp-content\/uploads\/2023\/06\/zinc-zns-transparent-metalized-pvc-hologram-film-foil-500x500.jpg 500w, https:\/\/www.zhongjiepack.com\/wp-content\/uploads\/2023\/06\/zinc-zns-transparent-metalized-pvc-hologram-film-foil-150x150.jpg 150w, https:\/\/www.zhongjiepack.com\/wp-content\/uploads\/2023\/06\/zinc-zns-transparent-metalized-pvc-hologram-film-foil-768x768.jpg 768w, https:\/\/www.zhongjiepack.com\/wp-content\/uploads\/2023\/06\/zinc-zns-transparent-metalized-pvc-hologram-film-foil-75x75.jpg 75w, https:\/\/www.zhongjiepack.com\/wp-content\/uploads\/2023\/06\/zinc-zns-transparent-metalized-pvc-hologram-film-foil-480x480.jpg 480w, https:\/\/www.zhongjiepack.com\/wp-content\/uploads\/2023\/06\/zinc-zns-transparent-metalized-pvc-hologram-film-foil-300x300.jpg 300w, https:\/\/www.zhongjiepack.com\/wp-content\/uploads\/2023\/06\/zinc-zns-transparent-metalized-pvc-hologram-film-foil.jpg 800w\" sizes=\"auto, (max-width:767px) 480px, 500px\" \/><p id=\"caption-attachment-186\" class=\"wp-caption-text\">L\u00e1mina de pel\u00edcula de holograma de pvc metalizado transparente zinc zns<\/p><\/div>\n<div id=\"attachment_187\" style=\"width: 510px\" class=\"wp-caption alignnone\"><img loading=\"lazy\" decoding=\"async\" aria-describedby=\"caption-attachment-187\" class=\"size-medium wp-image-187\" src=\"https:\/\/www.zhongjiepack.com\/wp-content\/uploads\/2023\/06\/rainbow-D38-seamless-metalized-pvc-hologram-laser-film-vinyl-500x500.jpg\" alt=\"Vinilo de pel\u00edcula l\u00e1ser de holograma de pvc metalizado sin costuras arco\u00edris D38\" width=\"500\" height=\"500\" srcset=\"https:\/\/www.zhongjiepack.com\/wp-content\/uploads\/2023\/06\/rainbow-D38-seamless-metalized-pvc-hologram-laser-film-vinyl-500x500.jpg 500w, https:\/\/www.zhongjiepack.com\/wp-content\/uploads\/2023\/06\/rainbow-D38-seamless-metalized-pvc-hologram-laser-film-vinyl-150x150.jpg 150w, https:\/\/www.zhongjiepack.com\/wp-content\/uploads\/2023\/06\/rainbow-D38-seamless-metalized-pvc-hologram-laser-film-vinyl-768x768.jpg 768w, https:\/\/www.zhongjiepack.com\/wp-content\/uploads\/2023\/06\/rainbow-D38-seamless-metalized-pvc-hologram-laser-film-vinyl-75x75.jpg 75w, https:\/\/www.zhongjiepack.com\/wp-content\/uploads\/2023\/06\/rainbow-D38-seamless-metalized-pvc-hologram-laser-film-vinyl-480x480.jpg 480w, https:\/\/www.zhongjiepack.com\/wp-content\/uploads\/2023\/06\/rainbow-D38-seamless-metalized-pvc-hologram-laser-film-vinyl-300x300.jpg 300w, https:\/\/www.zhongjiepack.com\/wp-content\/uploads\/2023\/06\/rainbow-D38-seamless-metalized-pvc-hologram-laser-film-vinyl.jpg 800w\" sizes=\"auto, (max-width:767px) 480px, 500px\" \/><p id=\"caption-attachment-187\" class=\"wp-caption-text\">Vinilo de pel\u00edcula l\u00e1ser de holograma de pvc metalizado sin costuras arco\u00edris D38<\/p><\/div>\n<p><iframe loading=\"lazy\" title=\"reproductor de v\u00eddeos de youtube\" src=\"https:\/\/www.youtube.com\/embed\/DwA4imxcHyo\" width=\"560\" height=\"315\" frameborder=\"0\" allowfullscreen=\"allowfullscreen\"><\/iframe><\/p>\n<p>&nbsp;<\/p>","protected":false},"excerpt":{"rendered":"<p>Espesor: 50 micras<\/p>\n<p>ancho: 1020 mm<\/p>\n<p>Longitud: 2000 m\/rollo<\/p>\n<p>Pedido m\u00ednimo: 20.000\u33a1<\/p>","protected":false},"featured_media":126,"comment_status":"open","ping_status":"closed","template":"","meta":{"om_disable_all_campaigns":false,"_monsterinsights_skip_tracking":false,"_monsterinsights_sitenote_active":false,"_monsterinsights_sitenote_note":"","_monsterinsights_sitenote_category":0},"product_brand":[],"product_cat":[22],"product_tag":[27,33,32,61,34],"class_list":{"0":"post-125","1":"product","2":"type-product","3":"status-publish","4":"has-post-thumbnail","6":"product_cat-pvc-holographic-film","7":"product_tag-bopp-holographic-film","8":"product_tag-pet-hologram-film","9":"product_tag-pvc-holographic-film","10":"product_tag-pvc-holographic-metalized-film","11":"product_tag-seamless-rainbow-pet-hologram-lamination-film","13":"first","14":"instock","15":"shipping-taxable","16":"product-type-simple"},"aioseo_notices":[],"_links":{"self":[{"href":"https:\/\/www.zhongjiepack.com\/es\/wp-json\/wp\/v2\/product\/125","targetHints":{"allow":["GET"]}}],"collection":[{"href":"https:\/\/www.zhongjiepack.com\/es\/wp-json\/wp\/v2\/product"}],"about":[{"href":"https:\/\/www.zhongjiepack.com\/es\/wp-json\/wp\/v2\/types\/product"}],"replies":[{"embeddable":true,"href":"https:\/\/www.zhongjiepack.com\/es\/wp-json\/wp\/v2\/comments?post=125"}],"wp:featuredmedia":[{"embeddable":true,"href":"https:\/\/www.zhongjiepack.com\/es\/wp-json\/wp\/v2\/media\/126"}],"wp:attachment":[{"href":"https:\/\/www.zhongjiepack.com\/es\/wp-json\/wp\/v2\/media?parent=125"}],"wp:term":[{"taxonomy":"product_brand","embeddable":true,"href":"https:\/\/www.zhongjiepack.com\/es\/wp-json\/wp\/v2\/product_brand?post=125"},{"taxonomy":"product_cat","embeddable":true,"href":"https:\/\/www.zhongjiepack.com\/es\/wp-json\/wp\/v2\/product_cat?post=125"},{"taxonomy":"product_tag","embeddable":true,"href":"https:\/\/www.zhongjiepack.com\/es\/wp-json\/wp\/v2\/product_tag?post=125"}],"curies":[{"name":"wp","href":"https:\/\/api.w.org\/{rel}","templated":true}]}}