{"id":122,"date":"2023-06-26T14:52:18","date_gmt":"2023-06-26T06:52:18","guid":{"rendered":"https:\/\/www.zhongjiepack.com\/?post_type=product&#038;p=122"},"modified":"2024-01-22T14:59:55","modified_gmt":"2024-01-22T06:59:55","slug":"bopp-holographic-film","status":"publish","type":"product","link":"https:\/\/www.zhongjiepack.com\/es\/producto\/pelicula-holografica-bopp\/","title":{"rendered":"pel\u00edcula hologr\u00e1fica bopp"},"content":{"rendered":"<div id=\"attachment_123\" style=\"width: 510px\" class=\"wp-caption alignnone\"><img loading=\"lazy\" decoding=\"async\" aria-describedby=\"caption-attachment-123\" class=\"size-medium wp-image-123\" src=\"https:\/\/www.zhongjiepack.com\/wp-content\/uploads\/2023\/06\/bopp-holographic-film-500x500.jpg\" alt=\"\" width=\"500\" height=\"500\" srcset=\"https:\/\/www.zhongjiepack.com\/wp-content\/uploads\/2023\/06\/bopp-holographic-film-500x500.jpg 500w, https:\/\/www.zhongjiepack.com\/wp-content\/uploads\/2023\/06\/bopp-holographic-film-150x150.jpg 150w, https:\/\/www.zhongjiepack.com\/wp-content\/uploads\/2023\/06\/bopp-holographic-film-768x768.jpg 768w, https:\/\/www.zhongjiepack.com\/wp-content\/uploads\/2023\/06\/bopp-holographic-film-75x75.jpg 75w, https:\/\/www.zhongjiepack.com\/wp-content\/uploads\/2023\/06\/bopp-holographic-film-480x480.jpg 480w, https:\/\/www.zhongjiepack.com\/wp-content\/uploads\/2023\/06\/bopp-holographic-film-300x300.jpg 300w, https:\/\/www.zhongjiepack.com\/wp-content\/uploads\/2023\/06\/bopp-holographic-film.jpg 800w\" sizes=\"auto, (max-width:767px) 480px, 500px\" \/><p id=\"caption-attachment-123\" class=\"wp-caption-text\">pel\u00edcula hologr\u00e1fica bopp<\/p><\/div>\n<p>La pel\u00edcula hologr\u00e1fica BOPP es un tipo de material de embalaje que se utiliza para mejorar el atractivo visual de los productos.<\/p>\n<p>Aqu\u00ed hay algunos detalles sobre este producto:<\/p>\n<p>BOPP significa polipropileno orientado biaxialmente, lo que significa que la pel\u00edcula se ha estirado y orientado en ambas direcciones para mejorar su resistencia y claridad.<br \/>\nEl efecto hologr\u00e1fico se crea estampando un patr\u00f3n en la superficie de la pel\u00edcula que difracta la luz, haciendo que se refleje en diferentes \u00e1ngulos y cree una apariencia similar a un arco iris.<br \/>\nLa pel\u00edcula hologr\u00e1fica BOPP se utiliza com\u00fanmente para envasar alimentos, cosm\u00e9ticos y otros bienes de consumo para que destaquen en los estantes de las tiendas y atraigan compradores.<br \/>\nEsta pel\u00edcula es resistente a la humedad, el calor y los productos qu\u00edmicos, lo que la hace adecuada para su uso en diversos entornos.<br \/>\nSe puede laminar con otros materiales como papel o papel de aluminio para crear estructuras de embalaje multicapa para mayor protecci\u00f3n y propiedades de barrera.<br \/>\nLa pel\u00edcula hologr\u00e1fica BOPP se puede imprimir utilizando diversas t\u00e9cnicas de impresi\u00f3n, como flexograf\u00eda, huecograbado e impresi\u00f3n digital, para agregar mensajes promocionales y de marca al empaque.<br \/>\nEn general, la pel\u00edcula hologr\u00e1fica BOPP es un material de embalaje vers\u00e1til y llamativo que ofrece beneficios tanto decorativos como funcionales.<\/p>\n<div id=\"attachment_188\" style=\"width: 510px\" class=\"wp-caption alignnone\"><img loading=\"lazy\" decoding=\"async\" aria-describedby=\"caption-attachment-188\" class=\"size-medium wp-image-188\" src=\"https:\/\/www.zhongjiepack.com\/wp-content\/uploads\/2023\/06\/aluminum-silver-metalized-seamless-pet-bopp-hologram-film-roll-500x500.jpg\" alt=\"Rollo de pel\u00edcula de holograma pet bopp sin costuras metalizado plata de aluminio\" width=\"500\" height=\"500\" srcset=\"https:\/\/www.zhongjiepack.com\/wp-content\/uploads\/2023\/06\/aluminum-silver-metalized-seamless-pet-bopp-hologram-film-roll-500x500.jpg 500w, https:\/\/www.zhongjiepack.com\/wp-content\/uploads\/2023\/06\/aluminum-silver-metalized-seamless-pet-bopp-hologram-film-roll-150x150.jpg 150w, https:\/\/www.zhongjiepack.com\/wp-content\/uploads\/2023\/06\/aluminum-silver-metalized-seamless-pet-bopp-hologram-film-roll-768x768.jpg 768w, https:\/\/www.zhongjiepack.com\/wp-content\/uploads\/2023\/06\/aluminum-silver-metalized-seamless-pet-bopp-hologram-film-roll-75x75.jpg 75w, https:\/\/www.zhongjiepack.com\/wp-content\/uploads\/2023\/06\/aluminum-silver-metalized-seamless-pet-bopp-hologram-film-roll-480x480.jpg 480w, https:\/\/www.zhongjiepack.com\/wp-content\/uploads\/2023\/06\/aluminum-silver-metalized-seamless-pet-bopp-hologram-film-roll-300x300.jpg 300w, https:\/\/www.zhongjiepack.com\/wp-content\/uploads\/2023\/06\/aluminum-silver-metalized-seamless-pet-bopp-hologram-film-roll.jpg 800w\" sizes=\"auto, (max-width:767px) 480px, 500px\" \/><p id=\"caption-attachment-188\" class=\"wp-caption-text\">Rollo de pel\u00edcula de holograma pet bopp sin costuras metalizado plata de aluminio<\/p><\/div>\n<div id=\"attachment_189\" style=\"width: 510px\" class=\"wp-caption alignnone\"><img loading=\"lazy\" decoding=\"async\" aria-describedby=\"caption-attachment-189\" class=\"size-medium wp-image-189\" src=\"https:\/\/www.zhongjiepack.com\/wp-content\/uploads\/2023\/06\/metalizing-zinc-silver-rainbow-bopp-holographic-laser-film-500x500.jpg\" alt=\"Pel\u00edcula l\u00e1ser hologr\u00e1fica metalizada de zinc y plata arco\u00edris bopp\" width=\"500\" height=\"500\" srcset=\"https:\/\/www.zhongjiepack.com\/wp-content\/uploads\/2023\/06\/metalizing-zinc-silver-rainbow-bopp-holographic-laser-film-500x500.jpg 500w, https:\/\/www.zhongjiepack.com\/wp-content\/uploads\/2023\/06\/metalizing-zinc-silver-rainbow-bopp-holographic-laser-film-150x150.jpg 150w, https:\/\/www.zhongjiepack.com\/wp-content\/uploads\/2023\/06\/metalizing-zinc-silver-rainbow-bopp-holographic-laser-film-768x768.jpg 768w, https:\/\/www.zhongjiepack.com\/wp-content\/uploads\/2023\/06\/metalizing-zinc-silver-rainbow-bopp-holographic-laser-film-75x75.jpg 75w, https:\/\/www.zhongjiepack.com\/wp-content\/uploads\/2023\/06\/metalizing-zinc-silver-rainbow-bopp-holographic-laser-film-480x480.jpg 480w, https:\/\/www.zhongjiepack.com\/wp-content\/uploads\/2023\/06\/metalizing-zinc-silver-rainbow-bopp-holographic-laser-film-300x300.jpg 300w, https:\/\/www.zhongjiepack.com\/wp-content\/uploads\/2023\/06\/metalizing-zinc-silver-rainbow-bopp-holographic-laser-film.jpg 800w\" sizes=\"auto, (max-width:767px) 480px, 500px\" \/><p id=\"caption-attachment-189\" class=\"wp-caption-text\">Pel\u00edcula l\u00e1ser hologr\u00e1fica metalizada de zinc y plata arco\u00edris bopp<\/p><\/div>\n<p><iframe loading=\"lazy\" title=\"reproductor de v\u00eddeos de youtube\" src=\"https:\/\/www.youtube.com\/embed\/DwA4imxcHyo\" width=\"560\" height=\"315\" frameborder=\"0\" allowfullscreen=\"allowfullscreen\"><\/iframe><\/p>\n<p>&nbsp;<\/p>","protected":false},"excerpt":{"rendered":"<p>Espesor: 18 micras<\/p>\n<p>Ancho: 1020 mm<\/p>\n<p>Longitud: 6000 m\/rollo<\/p>\n<p>Pedido m\u00ednimo: 50.000\u33a1<\/p>","protected":false},"featured_media":124,"comment_status":"open","ping_status":"closed","template":"","meta":{"om_disable_all_campaigns":false,"_monsterinsights_skip_tracking":false,"_monsterinsights_sitenote_active":false,"_monsterinsights_sitenote_note":"","_monsterinsights_sitenote_category":0},"product_brand":[],"product_cat":[23],"product_tag":[27,58,65,60,59],"class_list":{"0":"post-122","1":"product","2":"type-product","3":"status-publish","4":"has-post-thumbnail","6":"product_cat-bopp-holographic-film","7":"product_tag-bopp-holographic-film","8":"product_tag-bopp-laser-film","9":"product_tag-metalized-holographic-bopp-film","10":"product_tag-seamless-holographic-bopp-film","11":"product_tag-transparent-bopp-hologram-film","13":"first","14":"instock","15":"shipping-taxable","16":"product-type-simple"},"aioseo_notices":[],"_links":{"self":[{"href":"https:\/\/www.zhongjiepack.com\/es\/wp-json\/wp\/v2\/product\/122","targetHints":{"allow":["GET"]}}],"collection":[{"href":"https:\/\/www.zhongjiepack.com\/es\/wp-json\/wp\/v2\/product"}],"about":[{"href":"https:\/\/www.zhongjiepack.com\/es\/wp-json\/wp\/v2\/types\/product"}],"replies":[{"embeddable":true,"href":"https:\/\/www.zhongjiepack.com\/es\/wp-json\/wp\/v2\/comments?post=122"}],"wp:featuredmedia":[{"embeddable":true,"href":"https:\/\/www.zhongjiepack.com\/es\/wp-json\/wp\/v2\/media\/124"}],"wp:attachment":[{"href":"https:\/\/www.zhongjiepack.com\/es\/wp-json\/wp\/v2\/media?parent=122"}],"wp:term":[{"taxonomy":"product_brand","embeddable":true,"href":"https:\/\/www.zhongjiepack.com\/es\/wp-json\/wp\/v2\/product_brand?post=122"},{"taxonomy":"product_cat","embeddable":true,"href":"https:\/\/www.zhongjiepack.com\/es\/wp-json\/wp\/v2\/product_cat?post=122"},{"taxonomy":"product_tag","embeddable":true,"href":"https:\/\/www.zhongjiepack.com\/es\/wp-json\/wp\/v2\/product_tag?post=122"}],"curies":[{"name":"wp","href":"https:\/\/api.w.org\/{rel}","templated":true}]}}