{"id":120,"date":"2023-06-26T14:40:10","date_gmt":"2023-06-26T06:40:10","guid":{"rendered":"https:\/\/www.zhongjiepack.com\/?post_type=product&#038;p=120"},"modified":"2023-07-25T15:13:51","modified_gmt":"2023-07-25T07:13:51","slug":"pet-metalized-film","status":"publish","type":"product","link":"https:\/\/www.zhongjiepack.com\/es\/producto\/pelicula-metalizada-pet\/","title":{"rendered":"Pel\u00edcula metalizada para mascotas"},"content":{"rendered":"<div id=\"attachment_176\" style=\"width: 510px\" class=\"wp-caption alignnone\"><img loading=\"lazy\" decoding=\"async\" aria-describedby=\"caption-attachment-176\" class=\"size-medium wp-image-176\" src=\"https:\/\/www.zhongjiepack.com\/wp-content\/uploads\/2023\/06\/silver-green-pet-metalized-film-500x500.jpg\" alt=\"pel\u00edcula metalizada pet verde plata\" width=\"500\" height=\"500\" srcset=\"https:\/\/www.zhongjiepack.com\/wp-content\/uploads\/2023\/06\/silver-green-pet-metalized-film-500x500.jpg 500w, https:\/\/www.zhongjiepack.com\/wp-content\/uploads\/2023\/06\/silver-green-pet-metalized-film-150x150.jpg 150w, https:\/\/www.zhongjiepack.com\/wp-content\/uploads\/2023\/06\/silver-green-pet-metalized-film-768x768.jpg 768w, https:\/\/www.zhongjiepack.com\/wp-content\/uploads\/2023\/06\/silver-green-pet-metalized-film-75x75.jpg 75w, https:\/\/www.zhongjiepack.com\/wp-content\/uploads\/2023\/06\/silver-green-pet-metalized-film-480x480.jpg 480w, https:\/\/www.zhongjiepack.com\/wp-content\/uploads\/2023\/06\/silver-green-pet-metalized-film-800x800.jpg 800w, https:\/\/www.zhongjiepack.com\/wp-content\/uploads\/2023\/06\/silver-green-pet-metalized-film-300x300.jpg 300w, https:\/\/www.zhongjiepack.com\/wp-content\/uploads\/2023\/06\/silver-green-pet-metalized-film.jpg 1080w\" sizes=\"auto, (max-width:767px) 480px, 500px\" \/><p id=\"caption-attachment-176\" class=\"wp-caption-text\">Pel\u00edcula metalizada para mascotas de color verde plateado, pel\u00edcula metalizada para mascotas mate, l\u00e1mina de holograma que metaliza el holograma<\/p><\/div>\n<p><a href=\"https:\/\/www.zhongjiepack.com\/es\/producto\/pet-metalized-film\/\">pel\u00edcula metalizada PET<\/a> es un tipo de pel\u00edcula de PET (Tereftalato de Polietileno) que ha sido sometida a un proceso de metalizaci\u00f3n al vac\u00edo. Este proceso implica recubrir la pel\u00edcula con una fina capa de metal (generalmente aluminio) para crear una superficie reflectante que mejora el efecto visual y la funcionalidad de la pel\u00edcula.<br \/>\nEste tipo de pel\u00edcula es muy utilizada en diversas industrias como la de embalaje, etiquetado, impresi\u00f3n y decoraci\u00f3n. Proporciona excelentes propiedades de barrera contra la humedad, el ox\u00edgeno y la luz, lo que lo hace ideal para envases de alimentos y bebidas, productos farmac\u00e9uticos y otros productos que requieren protecci\u00f3n contra factores ambientales. Adem\u00e1s, sus propiedades reflectantes lo convierten en una opci\u00f3n popular para aplicaciones decorativas como envoltorios de regalos y decoraciones para fiestas.<\/p>\n<div id=\"attachment_178\" style=\"width: 510px\" class=\"wp-caption alignnone\"><img loading=\"lazy\" decoding=\"async\" aria-describedby=\"caption-attachment-178\" class=\"size-medium wp-image-178\" src=\"https:\/\/www.zhongjiepack.com\/wp-content\/uploads\/2023\/06\/aluminum-silver-metalizing-pet-film-500x500.jpg\" alt=\"pel\u00edcula metalizada de aluminio metalizado al vac\u00edo\" width=\"500\" height=\"500\" srcset=\"https:\/\/www.zhongjiepack.com\/wp-content\/uploads\/2023\/06\/aluminum-silver-metalizing-pet-film-500x500.jpg 500w, https:\/\/www.zhongjiepack.com\/wp-content\/uploads\/2023\/06\/aluminum-silver-metalizing-pet-film-150x150.jpg 150w, https:\/\/www.zhongjiepack.com\/wp-content\/uploads\/2023\/06\/aluminum-silver-metalizing-pet-film-768x768.jpg 768w, https:\/\/www.zhongjiepack.com\/wp-content\/uploads\/2023\/06\/aluminum-silver-metalizing-pet-film-75x75.jpg 75w, https:\/\/www.zhongjiepack.com\/wp-content\/uploads\/2023\/06\/aluminum-silver-metalizing-pet-film-480x480.jpg 480w, https:\/\/www.zhongjiepack.com\/wp-content\/uploads\/2023\/06\/aluminum-silver-metalizing-pet-film-800x800.jpg 800w, https:\/\/www.zhongjiepack.com\/wp-content\/uploads\/2023\/06\/aluminum-silver-metalizing-pet-film-300x300.jpg 300w, https:\/\/www.zhongjiepack.com\/wp-content\/uploads\/2023\/06\/aluminum-silver-metalizing-pet-film.jpg 1080w\" sizes=\"auto, (max-width:767px) 480px, 500px\" \/><p id=\"caption-attachment-178\" class=\"wp-caption-text\">pel\u00edcula metalizada de aluminio metalizado al vac\u00edo<\/p><\/div>\n<p>\u00bfQu\u00e9 es la pel\u00edcula metalizada para mascotas de transferencia?<\/p>\n<p>La pel\u00edcula metalizada para mascotas de transferencia incluye un recubrimiento de imprimaci\u00f3n de grado de transferencia, esta l\u00e1mina de transferencia se lamina con papel con pegamento de transferencia de liberaci\u00f3n, luego despega la pel\u00edcula y la capa metalizada quedar\u00e1 sobre el papel.<\/p>\n<p>qu\u00e9 es <a href=\"https:\/\/www.zhongjiepack.com\/es\/producto\/pet-metalized-film\/\">pel\u00edcula metalizada para mascotas<\/a>?<\/p>\n<p>Al metalizar aluminio al vac\u00edo sobre una pel\u00edcula de poli\u00e9ster, podemos obtener una pel\u00edcula metalizada para mascotas.<\/p>\n<p>\u00bfQu\u00e9 es el pe recubierto con pel\u00edcula metalizada pet?<\/p>\n<p>Est\u00e1 recubriendo pe <a href=\"https:\/\/www.zhongjiepack.com\/es\/producto\/pet-metalized-film\/\">pel\u00edcula de poli\u00e9ster<\/a>.<\/p>\n<p>\u00bfCu\u00e1l es la diferencia entre el pe recubierto con pel\u00edcula metalizada pet y el pe recubierto con papel de aluminio?<\/p>\n<p>La diferencia es el material b\u00e1sico diferente.<a href=\"https:\/\/www.zhongjiepack.com\/es\/producto\/pet-metalized-film\/\">pel\u00edcula metalizada para mascotas<\/a> Es una pel\u00edcula de pl\u00e1stico, el papel de aluminio es de metal.<\/p>\n<div id=\"attachment_179\" style=\"width: 510px\" class=\"wp-caption alignnone\"><img loading=\"lazy\" decoding=\"async\" aria-describedby=\"caption-attachment-179\" class=\"size-medium wp-image-179\" src=\"https:\/\/www.zhongjiepack.com\/wp-content\/uploads\/2023\/06\/pet-metalized-film-coated-pe-500x500.jpg\" alt=\"PE recubierto con pel\u00edcula metalizada PET plateada\" width=\"500\" height=\"500\" srcset=\"https:\/\/www.zhongjiepack.com\/wp-content\/uploads\/2023\/06\/pet-metalized-film-coated-pe-500x500.jpg 500w, https:\/\/www.zhongjiepack.com\/wp-content\/uploads\/2023\/06\/pet-metalized-film-coated-pe-150x150.jpg 150w, https:\/\/www.zhongjiepack.com\/wp-content\/uploads\/2023\/06\/pet-metalized-film-coated-pe-768x768.jpg 768w, https:\/\/www.zhongjiepack.com\/wp-content\/uploads\/2023\/06\/pet-metalized-film-coated-pe-75x75.jpg 75w, https:\/\/www.zhongjiepack.com\/wp-content\/uploads\/2023\/06\/pet-metalized-film-coated-pe-480x480.jpg 480w, https:\/\/www.zhongjiepack.com\/wp-content\/uploads\/2023\/06\/pet-metalized-film-coated-pe-800x800.jpg 800w, https:\/\/www.zhongjiepack.com\/wp-content\/uploads\/2023\/06\/pet-metalized-film-coated-pe-300x300.jpg 300w, https:\/\/www.zhongjiepack.com\/wp-content\/uploads\/2023\/06\/pet-metalized-film-coated-pe.jpg 1080w\" sizes=\"auto, (max-width:767px) 480px, 500px\" \/><p id=\"caption-attachment-179\" class=\"wp-caption-text\">PE recubierto con pel\u00edcula metalizada PET plateada<\/p><\/div>\n<div id=\"attachment_180\" style=\"width: 510px\" class=\"wp-caption alignnone\"><img loading=\"lazy\" decoding=\"async\" aria-describedby=\"caption-attachment-180\" class=\"size-medium wp-image-180\" src=\"https:\/\/www.zhongjiepack.com\/wp-content\/uploads\/2023\/06\/aluminum-foil-coated-pe-500x500.jpg\" alt=\"pe recubierto de papel de aluminio\" width=\"500\" height=\"500\" srcset=\"https:\/\/www.zhongjiepack.com\/wp-content\/uploads\/2023\/06\/aluminum-foil-coated-pe-500x500.jpg 500w, https:\/\/www.zhongjiepack.com\/wp-content\/uploads\/2023\/06\/aluminum-foil-coated-pe-150x150.jpg 150w, https:\/\/www.zhongjiepack.com\/wp-content\/uploads\/2023\/06\/aluminum-foil-coated-pe-768x768.jpg 768w, https:\/\/www.zhongjiepack.com\/wp-content\/uploads\/2023\/06\/aluminum-foil-coated-pe-75x75.jpg 75w, https:\/\/www.zhongjiepack.com\/wp-content\/uploads\/2023\/06\/aluminum-foil-coated-pe-480x480.jpg 480w, https:\/\/www.zhongjiepack.com\/wp-content\/uploads\/2023\/06\/aluminum-foil-coated-pe-800x800.jpg 800w, https:\/\/www.zhongjiepack.com\/wp-content\/uploads\/2023\/06\/aluminum-foil-coated-pe-300x300.jpg 300w, https:\/\/www.zhongjiepack.com\/wp-content\/uploads\/2023\/06\/aluminum-foil-coated-pe.jpg 1080w\" sizes=\"auto, (max-width:767px) 480px, 500px\" \/><p id=\"caption-attachment-180\" class=\"wp-caption-text\">pe recubierto de papel de aluminio<\/p><\/div>\n<p>Existen varios beneficios al usar pel\u00edcula metalizada de PET, que incluyen:<br \/>\n1. Propiedades de alta barrera: <a href=\"https:\/\/www.zhongjiepack.com\/es\/producto\/pet-metalized-film\/\">pel\u00edcula metalizada PET<\/a> Proporciona excelentes propiedades de barrera contra la humedad, el ox\u00edgeno y la luz, lo que ayuda a mantener la frescura y calidad del producto.<br \/>\n2. Propiedades reflectantes: La superficie reflectante de la pel\u00edcula mejora el atractivo visual del producto y lo hace destacar en los estantes de las tiendas.<br \/>\n3. Personalizaci\u00f3n: La pel\u00edcula metalizada de PET se puede personalizar con diferentes colores, dise\u00f1os y patrones para satisfacer las necesidades \u00fanicas de diferentes aplicaciones.<br \/>\n4. Respetuoso con el medio ambiente: la pel\u00edcula metalizada de PET es reciclable, lo que la convierte en una opci\u00f3n de embalaje respetuosa con el medio ambiente.<br \/>\nEn general, <a href=\"https:\/\/www.zhongjiepack.com\/es\/producto\/pet-metalized-film\/\">pel\u00edcula metalizada PET<\/a> es un material vers\u00e1til que proporciona una combinaci\u00f3n de beneficios est\u00e9ticos y protectores. Su amplia gama de aplicaciones y personalizaci\u00f3n lo convierten en una opci\u00f3n popular para diversas industrias de embalaje.<\/p>\n<div id=\"attachment_181\" style=\"width: 510px\" class=\"wp-caption alignnone\"><img loading=\"lazy\" decoding=\"async\" aria-describedby=\"caption-attachment-181\" class=\"size-medium wp-image-181\" src=\"https:\/\/www.zhongjiepack.com\/wp-content\/uploads\/2023\/06\/pet-metalized-film-coated-pet-VMPETPE-500x500.jpg\" alt=\"pet metalizado recubierto con pel\u00edcula pet VMPET + PE\" width=\"500\" height=\"500\" srcset=\"https:\/\/www.zhongjiepack.com\/wp-content\/uploads\/2023\/06\/pet-metalized-film-coated-pet-VMPETPE-500x500.jpg 500w, https:\/\/www.zhongjiepack.com\/wp-content\/uploads\/2023\/06\/pet-metalized-film-coated-pet-VMPETPE-150x150.jpg 150w, https:\/\/www.zhongjiepack.com\/wp-content\/uploads\/2023\/06\/pet-metalized-film-coated-pet-VMPETPE-768x768.jpg 768w, https:\/\/www.zhongjiepack.com\/wp-content\/uploads\/2023\/06\/pet-metalized-film-coated-pet-VMPETPE-75x75.jpg 75w, https:\/\/www.zhongjiepack.com\/wp-content\/uploads\/2023\/06\/pet-metalized-film-coated-pet-VMPETPE-480x480.jpg 480w, https:\/\/www.zhongjiepack.com\/wp-content\/uploads\/2023\/06\/pet-metalized-film-coated-pet-VMPETPE-800x800.jpg 800w, https:\/\/www.zhongjiepack.com\/wp-content\/uploads\/2023\/06\/pet-metalized-film-coated-pet-VMPETPE-300x300.jpg 300w, https:\/\/www.zhongjiepack.com\/wp-content\/uploads\/2023\/06\/pet-metalized-film-coated-pet-VMPETPE.jpg 1080w\" sizes=\"auto, (max-width:767px) 480px, 500px\" \/><p id=\"caption-attachment-181\" class=\"wp-caption-text\">zhongjiepack pet metalizado recubierto con pel\u00edcula pet VMPET + PE<\/p><\/div>","protected":false},"excerpt":{"rendered":"<p>Producto: pel\u00edcula metalizada para mascotas.<\/p>\n<p>Espesor: 12um, 16mic, 50 micrones<\/p>\n<p>Longitud: 12000 m\/rollo<\/p>\n<p>Pedido m\u00ednimo: 11.000 kg.<\/p>","protected":false},"featured_media":176,"comment_status":"open","ping_status":"closed","template":"","meta":{"om_disable_all_campaigns":false,"_monsterinsights_skip_tracking":false,"_monsterinsights_sitenote_active":false,"_monsterinsights_sitenote_note":"","_monsterinsights_sitenote_category":0},"product_brand":[],"product_cat":[20],"product_tag":[62,31,64,29,63,30],"class_list":{"0":"post-120","1":"product","2":"type-product","3":"status-publish","4":"has-post-thumbnail","6":"product_cat-metalized-film","7":"product_tag-aluminum-foil-coated-pe","8":"product_tag-aluminum-metalizing-pet-hologram-film","9":"product_tag-gold-matt-pet-metalized-film","10":"product_tag-metalized-film-pet","11":"product_tag-pet-metalized-film","12":"product_tag-polyester-metalized-film","14":"first","15":"instock","16":"shipping-taxable","17":"product-type-simple"},"aioseo_notices":[],"_links":{"self":[{"href":"https:\/\/www.zhongjiepack.com\/es\/wp-json\/wp\/v2\/product\/120","targetHints":{"allow":["GET"]}}],"collection":[{"href":"https:\/\/www.zhongjiepack.com\/es\/wp-json\/wp\/v2\/product"}],"about":[{"href":"https:\/\/www.zhongjiepack.com\/es\/wp-json\/wp\/v2\/types\/product"}],"replies":[{"embeddable":true,"href":"https:\/\/www.zhongjiepack.com\/es\/wp-json\/wp\/v2\/comments?post=120"}],"wp:featuredmedia":[{"embeddable":true,"href":"https:\/\/www.zhongjiepack.com\/es\/wp-json\/wp\/v2\/media\/176"}],"wp:attachment":[{"href":"https:\/\/www.zhongjiepack.com\/es\/wp-json\/wp\/v2\/media?parent=120"}],"wp:term":[{"taxonomy":"product_brand","embeddable":true,"href":"https:\/\/www.zhongjiepack.com\/es\/wp-json\/wp\/v2\/product_brand?post=120"},{"taxonomy":"product_cat","embeddable":true,"href":"https:\/\/www.zhongjiepack.com\/es\/wp-json\/wp\/v2\/product_cat?post=120"},{"taxonomy":"product_tag","embeddable":true,"href":"https:\/\/www.zhongjiepack.com\/es\/wp-json\/wp\/v2\/product_tag?post=120"}],"curies":[{"name":"wp","href":"https:\/\/api.w.org\/{rel}","templated":true}]}}