{"id":16,"date":"2016-04-12T10:08:15","date_gmt":"2016-04-12T10:08:15","guid":{"rendered":"https:\/\/www.zhongjiepack.com\/?page_id=16"},"modified":"2026-03-27T01:14:59","modified_gmt":"2026-03-27T01:14:59","slug":"contact","status":"publish","type":"page","link":"https:\/\/www.zhongjiepack.com\/es\/contacto\/","title":{"rendered":"Contacto"},"content":{"rendered":"","protected":false},"excerpt":{"rendered":"<p>P\u00f3ngase en contacto con el proveedor de pel\u00edcula de holograma de pvc pet bopp de arco iris sin costura, pel\u00edcula metalizada, pel\u00edcula hologr\u00e1fica de mascota transparente zns, pel\u00edcula brillante, pel\u00edcula de arco iris, lentes m\u00faltiples de pvc pet pp<\/p>","protected":false},"author":1,"featured_media":72,"parent":0,"menu_order":0,"comment_status":"open","ping_status":"closed","template":"","meta":{"om_disable_all_campaigns":false,"_monsterinsights_skip_tracking":false,"_monsterinsights_sitenote_active":false,"_monsterinsights_sitenote_note":"","_monsterinsights_sitenote_category":0,"footnotes":""},"class_list":["post-16","page","type-page","status-publish","has-post-thumbnail","hentry"],"aioseo_notices":[],"_links":{"self":[{"href":"https:\/\/www.zhongjiepack.com\/es\/wp-json\/wp\/v2\/pages\/16","targetHints":{"allow":["GET"]}}],"collection":[{"href":"https:\/\/www.zhongjiepack.com\/es\/wp-json\/wp\/v2\/pages"}],"about":[{"href":"https:\/\/www.zhongjiepack.com\/es\/wp-json\/wp\/v2\/types\/page"}],"author":[{"embeddable":true,"href":"https:\/\/www.zhongjiepack.com\/es\/wp-json\/wp\/v2\/users\/1"}],"replies":[{"embeddable":true,"href":"https:\/\/www.zhongjiepack.com\/es\/wp-json\/wp\/v2\/comments?post=16"}],"version-history":[{"count":2,"href":"https:\/\/www.zhongjiepack.com\/es\/wp-json\/wp\/v2\/pages\/16\/revisions"}],"predecessor-version":[{"id":364,"href":"https:\/\/www.zhongjiepack.com\/es\/wp-json\/wp\/v2\/pages\/16\/revisions\/364"}],"wp:featuredmedia":[{"embeddable":true,"href":"https:\/\/www.zhongjiepack.com\/es\/wp-json\/wp\/v2\/media\/72"}],"wp:attachment":[{"href":"https:\/\/www.zhongjiepack.com\/es\/wp-json\/wp\/v2\/media?parent=16"}],"curies":[{"name":"wp","href":"https:\/\/api.w.org\/{rel}","templated":true}]}}